{"id":3503,"date":"2025-07-20T23:56:21","date_gmt":"2025-07-20T23:56:21","guid":{"rendered":"https:\/\/betainvest.ee\/?page_id=3503"},"modified":"2025-07-21T15:17:02","modified_gmt":"2025-07-21T15:17:02","slug":"transit-gecisli-ulke-sinirlari-icinde-yuk-tasima-araclarinin-sigortalanmasi","status":"publish","type":"page","link":"https:\/\/dev.betainvest.ee\/tr\/transit-gecisli-ulke-sinirlari-icinde-yuk-tasima-araclarinin-sigortalanmasi\/","title":{"rendered":"Transit Ge\u00e7i\u015fli \u00dclke S\u0131n\u0131rlar\u0131 \u0130\u00e7inde Y\u00fck Ta\u015f\u0131ma Ara\u00e7lar\u0131n\u0131n Sigortalanmas\u0131"},"content":{"rendered":"\t\t<div data-elementor-type=\"wp-page\" data-elementor-id=\"3503\" class=\"elementor elementor-3503\" data-elementor-post-type=\"page\">\n\t\t\t\t<div class=\"elementor-element elementor-element-b38ebe6 e-flex e-con-boxed e-con e-parent\" data-id=\"b38ebe6\" data-element_type=\"container\">\n\t\t\t\t\t<div class=\"e-con-inner\">\n\t\t\t\t<div class=\"elementor-element elementor-element-742e8bf elementor-widget elementor-widget-heading\" data-id=\"742e8bf\" data-element_type=\"widget\" data-widget_type=\"heading.default\">\n\t\t\t\t<div class=\"elementor-widget-container\">\n\t\t\t\t\t<h2 class=\"elementor-heading-title elementor-size-default\">Transit Ge\u00e7i\u015fli \u00dclke S\u0131n\u0131rlar\u0131 \u0130\u00e7inde Y\u00fck Ta\u015f\u0131ma Ara\u00e7lar\u0131n\u0131n Sigortalanmas\u0131<\/h2>\t\t\t\t<\/div>\n\t\t\t\t<\/div>\n\t\t\t\t\t<\/div>\n\t\t\t\t<\/div>\n\t\t<div class=\"elementor-element elementor-element-a28da2e e-con-full e-flex e-con e-parent\" data-id=\"a28da2e\" data-element_type=\"container\" data-settings=\"{&quot;background_background&quot;:&quot;classic&quot;}\">\n\t\t\t\t<\/div>\n\t\t<div class=\"elementor-element elementor-element-72c864b e-flex e-con-boxed e-con e-parent\" data-id=\"72c864b\" data-element_type=\"container\">\n\t\t\t\t\t<div class=\"e-con-inner\">\n\t\t\t\t<div class=\"elementor-element elementor-element-170e4b9 elementor-widget elementor-widget-heading\" data-id=\"170e4b9\" data-element_type=\"widget\" data-widget_type=\"heading.default\">\n\t\t\t\t<div class=\"elementor-widget-container\">\n\t\t\t\t\t<h2 class=\"elementor-heading-title elementor-size-default\">\ud83c\uddf9\ud83c\uddf7 Rusya ve Yabanc\u0131 Ta\u015f\u0131mac\u0131lar \u0130\u00e7in Kamyon Sigortas\u0131<\/h2>\t\t\t\t<\/div>\n\t\t\t\t<\/div>\n\t\t\t\t\t<\/div>\n\t\t\t\t<\/div>\n\t\t<div class=\"elementor-element elementor-element-e31a0ea e-con-full e-flex e-con e-parent\" data-id=\"e31a0ea\" data-element_type=\"container\">\n\t\t\t\t<div class=\"elementor-element elementor-element-a402413 elementor-widget elementor-widget-text-editor\" data-id=\"a402413\" data-element_type=\"widget\" data-widget_type=\"text-editor.default\">\n\t\t\t\t<div class=\"elementor-widget-container\">\n\t\t\t\t\t\t\t\t\t<p data-start=\"1440\" data-end=\"1612\"><strong data-start=\"1440\" data-end=\"1473\">ENERGOGARANT Kamyon Sigortas\u0131<\/strong>, Rusya yollar\u0131ndaki mali risklere kar\u015f\u0131 g\u00fcvenilir koruma sunar. Hem yerli hem de yabanc\u0131 kamyonlar i\u00e7in <strong data-start=\"1578\" data-end=\"1598\">OSAGO poli\u00e7eleri<\/strong> d\u00fczenliyoruz:<\/p><p data-start=\"1614\" data-end=\"1777\">\u2705 \u00dc\u00e7\u00fcnc\u00fc \u015fah\u0131slara verilen zarar\u0131 kar\u015f\u0131lar<br data-start=\"1656\" data-end=\"1659\" \/>\u2705 T\u00fcm Rusya Federasyonu genelinde ge\u00e7erlidir<br data-start=\"1703\" data-end=\"1706\" \/>\u2705 H\u0131zl\u0131 ve kolay ba\u015fvuru s\u00fcreci<br data-start=\"1737\" data-end=\"1740\" \/>\u2705 Online eri\u015fimli elektronik poli\u00e7e<\/p><p data-start=\"1779\" data-end=\"1954\"><strong data-start=\"1779\" data-end=\"1808\">Yabanc\u0131 ta\u015f\u0131mac\u0131lar i\u00e7in:<\/strong><br data-start=\"1808\" data-end=\"1811\" \/>Rusya&#8217;ya giri\u015fte OSAGO sigortas\u0131 zorunludur. Poli\u00e7enizi \u00f6nceden veya giri\u015fte d\u00fczenliyoruz.<br data-start=\"1901\" data-end=\"1904\" \/>Dan\u0131\u015fmanl\u0131k hizmeti: Rus\u00e7a, \u0130ngilizce ve T\u00fcrk\u00e7e.<\/p><p data-start=\"1956\" data-end=\"1998\">\ud83d\udccd Sadece 15\u201320 dakikada sigortan\u0131z\u0131 al\u0131n!<\/p>\t\t\t\t\t\t\t\t<\/div>\n\t\t\t\t<\/div>\n\t\t\t\t<\/div>\n\t\t<div class=\"elementor-element elementor-element-75d07fa e-flex e-con-boxed e-con e-parent\" data-id=\"75d07fa\" data-element_type=\"container\">\n\t\t\t\t\t<div class=\"e-con-inner\">\n\t\t\t\t<div class=\"elementor-element elementor-element-fe7a6af elementor-widget elementor-widget-heading\" data-id=\"fe7a6af\" data-element_type=\"widget\" data-widget_type=\"heading.default\">\n\t\t\t\t<div class=\"elementor-widget-container\">\n\t\t\t\t\t<h2 class=\"elementor-heading-title elementor-size-default\">Rusya'da Kamyon Sigortas\u0131 \u2013 Yerli ve Yabanc\u0131 Ta\u015f\u0131mac\u0131lar \u0130\u00e7in<\/h2>\t\t\t\t<\/div>\n\t\t\t\t<\/div>\n\t\t\t\t<div class=\"elementor-element elementor-element-8918569 elementor-widget elementor-widget-text-editor\" data-id=\"8918569\" data-element_type=\"widget\" data-widget_type=\"text-editor.default\">\n\t\t\t\t<div class=\"elementor-widget-container\">\n\t\t\t\t\t\t\t\t\t<h3 data-start=\"2287\" data-end=\"2314\">\ud83d\ude9b Kamyonlar i\u00e7in OSAGO<\/h3><p data-start=\"2316\" data-end=\"2352\"><strong data-start=\"2316\" data-end=\"2347\">ENERGOGARANT OSAGO poli\u00e7esi<\/strong> ile:<\/p><ul data-start=\"2354\" data-end=\"2514\"><li data-start=\"2354\" data-end=\"2403\"><p data-start=\"2356\" data-end=\"2403\">\u2705 \u00dc\u00e7\u00fcnc\u00fc \u015fah\u0131slara kar\u015f\u0131 sorumluluk sigortas\u0131<\/p><\/li><li data-start=\"2404\" data-end=\"2437\"><p data-start=\"2406\" data-end=\"2437\">\u2705 T\u00fcm Rusya genelinde ge\u00e7erli<\/p><\/li><li data-start=\"2438\" data-end=\"2474\"><p data-start=\"2440\" data-end=\"2474\">\u2705 15\u201320 dakikada h\u0131zl\u0131 d\u00fczenleme<\/p><\/li><li data-start=\"2475\" data-end=\"2514\"><p data-start=\"2477\" data-end=\"2514\">\u2705 Elektronik poli\u00e7e ve kolay eri\u015fim<\/p><\/li><\/ul><h3 data-start=\"2521\" data-end=\"2558\">\ud83c\udf0d Yabanc\u0131 Ta\u015f\u0131mac\u0131lar \u0130\u00e7in OSAGO<\/h3><p data-start=\"2560\" data-end=\"2613\">Rusya&#8217;ya giri\u015f yap\u0131yor musunuz? <strong data-start=\"2592\" data-end=\"2613\">OSAGO zorunludur.<\/strong><\/p><p data-start=\"2615\" data-end=\"2629\">Hizmetlerimiz:<\/p><ul data-start=\"2631\" data-end=\"2791\"><li data-start=\"2631\" data-end=\"2674\"><p data-start=\"2633\" data-end=\"2674\">\ud83d\udcc4 T\u00fcm RF i\u00e7in ge\u00e7erli sigorta poli\u00e7esi<\/p><\/li><li data-start=\"2675\" data-end=\"2717\"><p data-start=\"2677\" data-end=\"2717\">\ud83d\udd52 Giri\u015f \u00f6ncesi veya s\u0131n\u0131rda d\u00fczenleme<\/p><\/li><li data-start=\"2718\" data-end=\"2758\"><p data-start=\"2720\" data-end=\"2758\">\ud83c\udf10 T\u00fcrk\u00e7e, \u0130ngilizce ve Rus\u00e7a destek<\/p><\/li><li data-start=\"2759\" data-end=\"2791\"><p data-start=\"2761\" data-end=\"2791\">\ud83d\udcac H\u0131zl\u0131 ve b\u00fcrokrasisiz i\u015flem<\/p><\/li><\/ul><p data-start=\"2793\" data-end=\"2845\">\ud83d\udccc <em data-start=\"2796\" data-end=\"2845\">Tek seferlik veya d\u00fczenli ta\u015f\u0131ma i\u00e7in uygundur.<\/em><\/p><h3 data-start=\"2852\" data-end=\"2872\">\ud83d\udcf2 Nas\u0131l Al\u0131n\u0131r?<\/h3><ol data-start=\"2874\" data-end=\"3004\"><li data-start=\"2874\" data-end=\"2925\"><p data-start=\"2877\" data-end=\"2925\">Bize telefon, WhatsApp veya e-posta ile ula\u015f\u0131n<\/p><\/li><li data-start=\"2926\" data-end=\"2953\"><p data-start=\"2929\" data-end=\"2953\">Belgelerinizi g\u00f6nderin<\/p><\/li><li data-start=\"2954\" data-end=\"3004\"><p data-start=\"2957\" data-end=\"3004\">Poli\u00e7enizi e-posta veya WhatsApp \u00fczerinden al\u0131n<\/p><\/li><\/ol><p data-start=\"3006\" data-end=\"3060\">\ud83d\udc49 <strong data-start=\"3009\" data-end=\"3060\">Hemen sigortan\u0131z\u0131 yapt\u0131r\u0131n, yola g\u00fcvenle \u00e7\u0131k\u0131n!<\/strong><\/p><p data-start=\"3062\" data-end=\"3101\">\ud83d\udd18 [Teklif Al\u0131n]<br data-start=\"3078\" data-end=\"3081\" \/>\ud83d\udd18 [Uzmanla G\u00f6r\u00fc\u015f\u00fcn]<\/p>\t\t\t\t\t\t\t\t<\/div>\n\t\t\t\t<\/div>\n\t\t\t\t\t<\/div>\n\t\t\t\t<\/div>\n\t\t\t\t<\/div>\n\t\t","protected":false},"excerpt":{"rendered":"<p>Transit Ge\u00e7i\u015fli \u00dclke S\u0131n\u0131rlar\u0131 \u0130\u00e7inde Y\u00fck Ta\u015f\u0131ma Ara\u00e7lar\u0131n\u0131n Sigortalanmas\u0131 \ud83c\uddf9\ud83c\uddf7 Rusya ve Yabanc\u0131 Ta\u015f\u0131mac\u0131lar \u0130\u00e7in Kamyon Sigortas\u0131 ENERGOGARANT Kamyon Sigortas\u0131, Rusya yollar\u0131ndaki mali risklere kar\u015f\u0131 g\u00fcvenilir koruma sunar. Hem yerli hem de yabanc\u0131 kamyonlar i\u00e7in OSAGO poli\u00e7eleri d\u00fczenliyoruz: \u2705 \u00dc\u00e7\u00fcnc\u00fc \u015fah\u0131slara verilen zarar\u0131 kar\u015f\u0131lar\u2705 T\u00fcm Rusya Federasyonu genelinde ge\u00e7erlidir\u2705 H\u0131zl\u0131 ve kolay ba\u015fvuru s\u00fcreci\u2705 Online [&hellip;]<\/p>\n","protected":false},"author":1,"featured_media":0,"parent":0,"menu_order":0,"comment_status":"closed","ping_status":"closed","template":"","meta":{"_acf_changed":false,"_uag_custom_page_level_css":"","site-sidebar-layout":"no-sidebar","site-content-layout":"page-builder","ast-site-content-layout":"full-width-container","site-content-style":"default","site-sidebar-style":"default","ast-global-header-display":"","ast-banner-title-visibility":"","ast-main-header-display":"","ast-hfb-above-header-display":"","ast-hfb-below-header-display":"","ast-hfb-mobile-header-display":"","site-post-title":"disabled","ast-breadcrumbs-content":"","ast-featured-img":"disabled","footer-sml-layout":"","theme-transparent-header-meta":"","adv-header-id-meta":"","stick-header-meta":"","header-above-stick-meta":"","header-main-stick-meta":"","header-below-stick-meta":"","astra-migrate-meta-layouts":"default","ast-page-background-enabled":"default","ast-page-background-meta":{"desktop":{"background-color":"var(--ast-global-color-4)","background-image":"","background-repeat":"repeat","background-position":"center center","background-size":"auto","background-attachment":"scroll","background-type":"","background-media":"","overlay-type":"","overlay-color":"","overlay-opacity":"","overlay-gradient":""},"tablet":{"background-color":"","background-image":"","background-repeat":"repeat","background-position":"center center","background-size":"auto","background-attachment":"scroll","background-type":"","background-media":"","overlay-type":"","overlay-color":"","overlay-opacity":"","overlay-gradient":""},"mobile":{"background-color":"","background-image":"","background-repeat":"repeat","background-position":"center center","background-size":"auto","background-attachment":"scroll","background-type":"","background-media":"","overlay-type":"","overlay-color":"","overlay-opacity":"","overlay-gradient":""}},"ast-content-background-meta":{"desktop":{"background-color":"var(--ast-global-color-5)","background-image":"","background-repeat":"repeat","background-position":"center center","background-size":"auto","background-attachment":"scroll","background-type":"","background-media":"","overlay-type":"","overlay-color":"","overlay-opacity":"","overlay-gradient":""},"tablet":{"background-color":"var(--ast-global-color-5)","background-image":"","background-repeat":"repeat","background-position":"center center","background-size":"auto","background-attachment":"scroll","background-type":"","background-media":"","overlay-type":"","overlay-color":"","overlay-opacity":"","overlay-gradient":""},"mobile":{"background-color":"var(--ast-global-color-5)","background-image":"","background-repeat":"repeat","background-position":"center center","background-size":"auto","background-attachment":"scroll","background-type":"","background-media":"","overlay-type":"","overlay-color":"","overlay-opacity":"","overlay-gradient":""}},"footnotes":""},"class_list":["post-3503","page","type-page","status-publish","hentry"],"acf":[],"uagb_featured_image_src":{"full":false,"thumbnail":false,"medium":false,"medium_large":false,"large":false,"1536x1536":false,"2048x2048":false},"uagb_author_info":{"display_name":"admin","author_link":"https:\/\/dev.betainvest.ee\/tr\/author\/admin\/"},"uagb_comment_info":0,"uagb_excerpt":"Transit Ge\u00e7i\u015fli \u00dclke S\u0131n\u0131rlar\u0131 \u0130\u00e7inde Y\u00fck Ta\u015f\u0131ma Ara\u00e7lar\u0131n\u0131n Sigortalanmas\u0131 \ud83c\uddf9\ud83c\uddf7 Rusya ve Yabanc\u0131 Ta\u015f\u0131mac\u0131lar \u0130\u00e7in Kamyon Sigortas\u0131 ENERGOGARANT Kamyon Sigortas\u0131, Rusya yollar\u0131ndaki mali risklere kar\u015f\u0131 g\u00fcvenilir koruma sunar. Hem yerli hem de yabanc\u0131 kamyonlar i\u00e7in OSAGO poli\u00e7eleri d\u00fczenliyoruz: \u2705 \u00dc\u00e7\u00fcnc\u00fc \u015fah\u0131slara verilen zarar\u0131 kar\u015f\u0131lar\u2705 T\u00fcm Rusya Federasyonu genelinde ge\u00e7erlidir\u2705 H\u0131zl\u0131 ve kolay ba\u015fvuru s\u00fcreci\u2705 Online&hellip;","_links":{"self":[{"href":"https:\/\/dev.betainvest.ee\/tr\/wp-json\/wp\/v2\/pages\/3503","targetHints":{"allow":["GET"]}}],"collection":[{"href":"https:\/\/dev.betainvest.ee\/tr\/wp-json\/wp\/v2\/pages"}],"about":[{"href":"https:\/\/dev.betainvest.ee\/tr\/wp-json\/wp\/v2\/types\/page"}],"author":[{"embeddable":true,"href":"https:\/\/dev.betainvest.ee\/tr\/wp-json\/wp\/v2\/users\/1"}],"replies":[{"embeddable":true,"href":"https:\/\/dev.betainvest.ee\/tr\/wp-json\/wp\/v2\/comments?post=3503"}],"version-history":[{"count":16,"href":"https:\/\/dev.betainvest.ee\/tr\/wp-json\/wp\/v2\/pages\/3503\/revisions"}],"predecessor-version":[{"id":3796,"href":"https:\/\/dev.betainvest.ee\/tr\/wp-json\/wp\/v2\/pages\/3503\/revisions\/3796"}],"wp:attachment":[{"href":"https:\/\/dev.betainvest.ee\/tr\/wp-json\/wp\/v2\/media?parent=3503"}],"curies":[{"name":"wp","href":"https:\/\/api.w.org\/{rel}","templated":true}]}}