{"id":3502,"date":"2025-07-20T23:56:21","date_gmt":"2025-07-20T23:56:21","guid":{"rendered":"https:\/\/betainvest.ee\/?page_id=3502"},"modified":"2025-07-21T16:28:15","modified_gmt":"2025-07-21T16:28:15","slug":"yol-vergileri-ve-ucretlerinin-odenmesi-platon-rusya","status":"publish","type":"page","link":"https:\/\/dev.betainvest.ee\/tr\/yol-vergileri-ve-ucretlerinin-odenmesi-platon-rusya\/","title":{"rendered":"Yol Vergileri ve \u00dccretlerinin \u00d6denmesi \u2013 Platon, Rusya"},"content":{"rendered":"\t\t<div data-elementor-type=\"wp-page\" data-elementor-id=\"3502\" class=\"elementor elementor-3502\" data-elementor-post-type=\"page\">\n\t\t\t\t<div class=\"elementor-element elementor-element-5cb29a8 e-flex e-con-boxed e-con e-parent\" data-id=\"5cb29a8\" data-element_type=\"container\">\n\t\t\t\t\t<div class=\"e-con-inner\">\n\t\t\t\t<div class=\"elementor-element elementor-element-80c5519 elementor-widget__width-inherit elementor-widget elementor-widget-image\" data-id=\"80c5519\" data-element_type=\"widget\" data-widget_type=\"image.default\">\n\t\t\t\t<div class=\"elementor-widget-container\">\n\t\t\t\t\t\t\t\t\t\t\t\t\t\t\t<img fetchpriority=\"high\" decoding=\"async\" width=\"300\" height=\"200\" src=\"https:\/\/dev.betainvest.ee\/wp-content\/uploads\/2025\/07\/trucks-8656643_1280-300x200.jpg\" class=\"attachment-medium size-medium wp-image-3798\" alt=\"\" srcset=\"https:\/\/dev.betainvest.ee\/wp-content\/uploads\/2025\/07\/trucks-8656643_1280-300x200.jpg 300w, https:\/\/dev.betainvest.ee\/wp-content\/uploads\/2025\/07\/trucks-8656643_1280-1024x682.jpg 1024w, https:\/\/dev.betainvest.ee\/wp-content\/uploads\/2025\/07\/trucks-8656643_1280-768x512.jpg 768w, https:\/\/dev.betainvest.ee\/wp-content\/uploads\/2025\/07\/trucks-8656643_1280.jpg 1280w\" sizes=\"(max-width: 300px) 100vw, 300px\" \/>\t\t\t\t\t\t\t\t\t\t\t\t\t\t\t<\/div>\n\t\t\t\t<\/div>\n\t\t\t\t<div class=\"elementor-element elementor-element-7c90c6e elementor-widget elementor-widget-heading\" data-id=\"7c90c6e\" data-element_type=\"widget\" data-widget_type=\"heading.default\">\n\t\t\t\t<div class=\"elementor-widget-container\">\n\t\t\t\t\t<h2 class=\"elementor-heading-title elementor-size-default\"> Rusyada Yol Vergileri ve \u00dccretlerinin \u00d6denmesi \u2013 PLATON Sistemi<\/h2>\t\t\t\t<\/div>\n\t\t\t\t<\/div>\n\t\t\t\t<div class=\"elementor-element elementor-element-70fe277 elementor-widget elementor-widget-image\" data-id=\"70fe277\" data-element_type=\"widget\" data-widget_type=\"image.default\">\n\t\t\t\t<div class=\"elementor-widget-container\">\n\t\t\t\t\t\t\t\t\t\t\t\t\t\t\t<img decoding=\"async\" width=\"319\" height=\"72\" src=\"https:\/\/dev.betainvest.ee\/wp-content\/uploads\/2025\/07\/p-logo.png\" class=\"attachment-medium_large size-medium_large wp-image-3799\" alt=\"\" srcset=\"https:\/\/dev.betainvest.ee\/wp-content\/uploads\/2025\/07\/p-logo.png 319w, https:\/\/dev.betainvest.ee\/wp-content\/uploads\/2025\/07\/p-logo-300x68.png 300w\" sizes=\"(max-width: 319px) 100vw, 319px\" \/>\t\t\t\t\t\t\t\t\t\t\t\t\t\t\t<\/div>\n\t\t\t\t<\/div>\n\t\t\t\t\t<\/div>\n\t\t\t\t<\/div>\n\t\t<div class=\"elementor-element elementor-element-46b896a e-flex e-con-boxed e-con e-parent\" data-id=\"46b896a\" data-element_type=\"container\">\n\t\t\t\t\t<div class=\"e-con-inner\">\n\t\t\t\t<div class=\"elementor-element elementor-element-1392835 elementor-widget elementor-widget-text-editor\" data-id=\"1392835\" data-element_type=\"widget\" data-widget_type=\"text-editor.default\">\n\t\t\t\t<div class=\"elementor-widget-container\">\n\t\t\t\t\t\t\t\t\t<h3 data-start=\"878\" data-end=\"942\">\ud83c\uddf9\ud83c\uddf7 <strong data-start=\"887\" data-end=\"942\">PLATON Sistemi \u2013 Rusya&#8217;da Yol Vergilerinin \u00d6denmesi<\/strong><\/h3><p data-start=\"944\" data-end=\"1177\"><strong data-start=\"944\" data-end=\"954\">PLATON<\/strong> sistemi (Tonaj \u00dccreti), Rusya&#8217;da 12 tondan a\u011f\u0131r y\u00fck ta\u015f\u0131yan ara\u00e7lardan federal yollarda ge\u00e7i\u015f \u00fccreti al\u0131nmas\u0131n\u0131 sa\u011flayan devlet sistemidir.<br data-start=\"1094\" data-end=\"1097\" \/>Firmam\u0131z, PLATON sistemiyle ilgili t\u00fcm s\u00fcre\u00e7lerde size profesyonel destek sunar:<\/p><p data-start=\"1179\" data-end=\"1414\">\u2705 Yabanc\u0131 ta\u015f\u0131y\u0131c\u0131lar i\u00e7in sistem kayd\u0131<br data-start=\"1218\" data-end=\"1221\" \/>\u2705 G\u00fczerg\u00e2h kartlar\u0131n\u0131n (tek seferlik veya \u00e7ok giri\u015fli) al\u0131nmas\u0131<br data-start=\"1284\" data-end=\"1287\" \/>\u2705 Sistem kurallar\u0131 ve ge\u00e7erlilik alanlar\u0131 hakk\u0131nda dan\u0131\u015fmanl\u0131k<br data-start=\"1349\" data-end=\"1352\" \/>\u2705 \u00d6deme ve \u00fccret takip deste\u011fi<br data-start=\"1382\" data-end=\"1385\" \/>\u2705 H\u0131zl\u0131 ve b\u00fcrokrasisiz i\u015flem<\/p><p data-start=\"1416\" data-end=\"1585\"><strong data-start=\"1416\" data-end=\"1436\">Neden \u00f6nemlidir?<\/strong><br data-start=\"1436\" data-end=\"1439\" \/>PLATON sistemine uymayan ta\u015f\u0131malarda y\u00fcksek para cezalar\u0131 uygulanabilir. Biz, t\u00fcm g\u00fczerg\u00e2h boyunca yasal uyumu ve g\u00fcvenli ta\u015f\u0131may\u0131 garanti ederiz.\u00a0<\/p><h3 data-start=\"361\" data-end=\"383\"><strong data-start=\"370\" data-end=\"383\">Ek Bilgi:<\/strong><\/h3><p data-start=\"385\" data-end=\"579\"><strong data-start=\"385\" data-end=\"395\">PLATON<\/strong> sisteminde \u00f6deme, ta\u015f\u0131man\u0131n yap\u0131ld\u0131\u011f\u0131 <strong data-start=\"434\" data-end=\"458\">her kilometre ba\u015f\u0131na<\/strong> al\u0131n\u0131r. \u00dccretler <strong data-start=\"476\" data-end=\"491\">Rus rublesi<\/strong> cinsinden belirlenir ve ta\u015f\u0131y\u0131c\u0131n\u0131n hesab\u0131 \u00fczerinden <strong data-start=\"545\" data-end=\"564\">nakitsiz olarak<\/strong> tahsil edilir.<\/p><h3 data-start=\"2521\" data-end=\"2558\">Yabanc\u0131 Ta\u015f\u0131mac\u0131lar \u0130\u00e7in OSAGO<\/h3><p data-start=\"2560\" data-end=\"2613\">Rusya\u2019ya Giri\u015f Yap\u0131yor Musunuz? <strong data-start=\"2592\" data-end=\"2613\">OSAGO Zorunludur.<\/strong><\/p><p data-start=\"2615\" data-end=\"2629\">Hizmetlerimiz:<\/p><ul data-start=\"2631\" data-end=\"2791\"><li data-start=\"2631\" data-end=\"2674\"><p data-start=\"2633\" data-end=\"2674\"><img decoding=\"async\" class=\"emoji\" role=\"img\" draggable=\"false\" src=\"https:\/\/s.w.org\/images\/core\/emoji\/16.0.1\/svg\/1f4c4.svg\" alt=\"\ud83d\udcc4\" \/> T\u00fcm RF I\u00e7in Ge\u00e7erli Sigorta Poli\u00e7esi<\/p><\/li><li data-start=\"2675\" data-end=\"2717\"><p data-start=\"2677\" data-end=\"2717\"><img decoding=\"async\" class=\"emoji\" role=\"img\" draggable=\"false\" src=\"https:\/\/s.w.org\/images\/core\/emoji\/16.0.1\/svg\/1f552.svg\" alt=\"\ud83d\udd52\" \/> Giri\u015f \u00d6ncesi Veya S\u0131n\u0131rda D\u00fczenleme<\/p><\/li><li data-start=\"2718\" data-end=\"2758\"><p data-start=\"2720\" data-end=\"2758\"><img decoding=\"async\" class=\"emoji\" role=\"img\" draggable=\"false\" src=\"https:\/\/s.w.org\/images\/core\/emoji\/16.0.1\/svg\/1f310.svg\" alt=\"\ud83c\udf10\" \/> T\u00fcrk\u00e7e, \u0130ngilizce Ve Rus\u00e7a Destek<\/p><\/li><li data-start=\"2759\" data-end=\"2791\"><p data-start=\"2761\" data-end=\"2791\"><img decoding=\"async\" class=\"emoji\" role=\"img\" draggable=\"false\" src=\"https:\/\/s.w.org\/images\/core\/emoji\/16.0.1\/svg\/1f4ac.svg\" alt=\"\ud83d\udcac\" \/> H\u0131zl\u0131 Ve B\u00fcrokrasisiz I\u015flem<\/p><\/li><\/ul><p data-start=\"2793\" data-end=\"2845\"><img decoding=\"async\" class=\"emoji\" role=\"img\" draggable=\"false\" src=\"https:\/\/s.w.org\/images\/core\/emoji\/16.0.1\/svg\/1f4cc.svg\" alt=\"\ud83d\udccc\" \/> <em data-start=\"2796\" data-end=\"2845\">Tek Seferlik Veya D\u00fczenli Ta\u015f\u0131ma I\u00e7in Uygundur.<\/em><\/p><h3 data-start=\"2852\" data-end=\"2872\"><img decoding=\"async\" class=\"emoji\" role=\"img\" draggable=\"false\" src=\"https:\/\/s.w.org\/images\/core\/emoji\/16.0.1\/svg\/1f4f2.svg\" alt=\"\ud83d\udcf2\" \/> Nas\u0131l Al\u0131n\u0131r?<\/h3><ol data-start=\"2874\" data-end=\"3004\"><li data-start=\"2874\" data-end=\"2925\"><p data-start=\"2877\" data-end=\"2925\">Bize Telefon, WhatsApp Veya E-Posta Ile Ula\u015f\u0131n<\/p><\/li><li data-start=\"2926\" data-end=\"2953\"><p data-start=\"2929\" data-end=\"2953\">Belgelerinizi G\u00f6nderin<\/p><\/li><li data-start=\"2954\" data-end=\"3004\"><p data-start=\"2957\" data-end=\"3004\">Poli\u00e7enizi E-Posta Veya WhatsApp \u00dczerinden Al\u0131n<\/p><\/li><\/ol><p data-start=\"3006\" data-end=\"3060\"><img decoding=\"async\" class=\"emoji\" role=\"img\" draggable=\"false\" src=\"https:\/\/s.w.org\/images\/core\/emoji\/16.0.1\/svg\/1f449.svg\" alt=\"\ud83d\udc49\" \/> <strong data-start=\"3009\" data-end=\"3060\">Hemen Sigortan\u0131z\u0131 Yapt\u0131r\u0131n, Yola G\u00fcvenle \u00c7\u0131k\u0131n!<\/strong><\/p><p data-start=\"3062\" data-end=\"3101\"><img decoding=\"async\" class=\"emoji\" role=\"img\" draggable=\"false\" src=\"https:\/\/s.w.org\/images\/core\/emoji\/16.0.1\/svg\/1f518.svg\" alt=\"\ud83d\udd18\" \/> [Teklif Al\u0131n]<br data-start=\"3078\" data-end=\"3081\" \/><img decoding=\"async\" class=\"emoji\" role=\"img\" draggable=\"false\" src=\"https:\/\/s.w.org\/images\/core\/emoji\/16.0.1\/svg\/1f518.svg\" alt=\"\ud83d\udd18\" \/> [Uzmanla G\u00f6r\u00fc\u015f\u00fcn]<\/p>\t\t\t\t\t\t\t\t<\/div>\n\t\t\t\t<\/div>\n\t\t\t\t\t<\/div>\n\t\t\t\t<\/div>\n\t\t\t\t<\/div>\n\t\t","protected":false},"excerpt":{"rendered":"<p>Rusyada Yol Vergileri ve \u00dccretlerinin \u00d6denmesi \u2013 PLATON Sistemi \ud83c\uddf9\ud83c\uddf7 PLATON Sistemi \u2013 Rusya&#8217;da Yol Vergilerinin \u00d6denmesi PLATON sistemi (Tonaj \u00dccreti), Rusya&#8217;da 12 tondan a\u011f\u0131r y\u00fck ta\u015f\u0131yan ara\u00e7lardan federal yollarda ge\u00e7i\u015f \u00fccreti al\u0131nmas\u0131n\u0131 sa\u011flayan devlet sistemidir.Firmam\u0131z, PLATON sistemiyle ilgili t\u00fcm s\u00fcre\u00e7lerde size profesyonel destek sunar: \u2705 Yabanc\u0131 ta\u015f\u0131y\u0131c\u0131lar i\u00e7in sistem kayd\u0131\u2705 G\u00fczerg\u00e2h kartlar\u0131n\u0131n (tek seferlik [&hellip;]<\/p>\n","protected":false},"author":1,"featured_media":0,"parent":0,"menu_order":0,"comment_status":"closed","ping_status":"closed","template":"elementor_header_footer","meta":{"_acf_changed":false,"_uag_custom_page_level_css":"","site-sidebar-layout":"no-sidebar","site-content-layout":"page-builder","ast-site-content-layout":"full-width-container","site-content-style":"default","site-sidebar-style":"default","ast-global-header-display":"","ast-banner-title-visibility":"","ast-main-header-display":"","ast-hfb-above-header-display":"","ast-hfb-below-header-display":"","ast-hfb-mobile-header-display":"","site-post-title":"disabled","ast-breadcrumbs-content":"","ast-featured-img":"disabled","footer-sml-layout":"","theme-transparent-header-meta":"","adv-header-id-meta":"","stick-header-meta":"","header-above-stick-meta":"","header-main-stick-meta":"","header-below-stick-meta":"","astra-migrate-meta-layouts":"default","ast-page-background-enabled":"default","ast-page-background-meta":{"desktop":{"background-color":"var(--ast-global-color-4)","background-image":"","background-repeat":"repeat","background-position":"center center","background-size":"auto","background-attachment":"scroll","background-type":"","background-media":"","overlay-type":"","overlay-color":"","overlay-opacity":"","overlay-gradient":""},"tablet":{"background-color":"","background-image":"","background-repeat":"repeat","background-position":"center center","background-size":"auto","background-attachment":"scroll","background-type":"","background-media":"","overlay-type":"","overlay-color":"","overlay-opacity":"","overlay-gradient":""},"mobile":{"background-color":"","background-image":"","background-repeat":"repeat","background-position":"center center","background-size":"auto","background-attachment":"scroll","background-type":"","background-media":"","overlay-type":"","overlay-color":"","overlay-opacity":"","overlay-gradient":""}},"ast-content-background-meta":{"desktop":{"background-color":"var(--ast-global-color-5)","background-image":"","background-repeat":"repeat","background-position":"center center","background-size":"auto","background-attachment":"scroll","background-type":"","background-media":"","overlay-type":"","overlay-color":"","overlay-opacity":"","overlay-gradient":""},"tablet":{"background-color":"var(--ast-global-color-5)","background-image":"","background-repeat":"repeat","background-position":"center center","background-size":"auto","background-attachment":"scroll","background-type":"","background-media":"","overlay-type":"","overlay-color":"","overlay-opacity":"","overlay-gradient":""},"mobile":{"background-color":"var(--ast-global-color-5)","background-image":"","background-repeat":"repeat","background-position":"center center","background-size":"auto","background-attachment":"scroll","background-type":"","background-media":"","overlay-type":"","overlay-color":"","overlay-opacity":"","overlay-gradient":""}},"footnotes":""},"class_list":["post-3502","page","type-page","status-publish","hentry"],"acf":[],"uagb_featured_image_src":{"full":false,"thumbnail":false,"medium":false,"medium_large":false,"large":false,"1536x1536":false,"2048x2048":false},"uagb_author_info":{"display_name":"admin","author_link":"https:\/\/dev.betainvest.ee\/tr\/author\/admin\/"},"uagb_comment_info":0,"uagb_excerpt":"Rusyada Yol Vergileri ve \u00dccretlerinin \u00d6denmesi \u2013 PLATON Sistemi \ud83c\uddf9\ud83c\uddf7 PLATON Sistemi \u2013 Rusya&#8217;da Yol Vergilerinin \u00d6denmesi PLATON sistemi (Tonaj \u00dccreti), Rusya&#8217;da 12 tondan a\u011f\u0131r y\u00fck ta\u015f\u0131yan ara\u00e7lardan federal yollarda ge\u00e7i\u015f \u00fccreti al\u0131nmas\u0131n\u0131 sa\u011flayan devlet sistemidir.Firmam\u0131z, PLATON sistemiyle ilgili t\u00fcm s\u00fcre\u00e7lerde size profesyonel destek sunar: \u2705 Yabanc\u0131 ta\u015f\u0131y\u0131c\u0131lar i\u00e7in sistem kayd\u0131\u2705 G\u00fczerg\u00e2h kartlar\u0131n\u0131n (tek seferlik&hellip;","_links":{"self":[{"href":"https:\/\/dev.betainvest.ee\/tr\/wp-json\/wp\/v2\/pages\/3502","targetHints":{"allow":["GET"]}}],"collection":[{"href":"https:\/\/dev.betainvest.ee\/tr\/wp-json\/wp\/v2\/pages"}],"about":[{"href":"https:\/\/dev.betainvest.ee\/tr\/wp-json\/wp\/v2\/types\/page"}],"author":[{"embeddable":true,"href":"https:\/\/dev.betainvest.ee\/tr\/wp-json\/wp\/v2\/users\/1"}],"replies":[{"embeddable":true,"href":"https:\/\/dev.betainvest.ee\/tr\/wp-json\/wp\/v2\/comments?post=3502"}],"version-history":[{"count":7,"href":"https:\/\/dev.betainvest.ee\/tr\/wp-json\/wp\/v2\/pages\/3502\/revisions"}],"predecessor-version":[{"id":3805,"href":"https:\/\/dev.betainvest.ee\/tr\/wp-json\/wp\/v2\/pages\/3502\/revisions\/3805"}],"wp:attachment":[{"href":"https:\/\/dev.betainvest.ee\/tr\/wp-json\/wp\/v2\/media?parent=3502"}],"curies":[{"name":"wp","href":"https:\/\/api.w.org\/{rel}","templated":true}]}}