{"id":3501,"date":"2025-07-20T23:56:21","date_gmt":"2025-07-20T23:56:21","guid":{"rendered":"https:\/\/betainvest.ee\/?page_id=3501"},"modified":"2025-07-21T04:29:52","modified_gmt":"2025-07-21T04:29:52","slug":"rusya-belarus-ve-azerbaycanda-akaryakit-alimi-icin-yakit-kartlari","status":"publish","type":"page","link":"https:\/\/dev.betainvest.ee\/tr\/rusya-belarus-ve-azerbaycanda-akaryakit-alimi-icin-yakit-kartlari\/","title":{"rendered":"Rusya, Belarus ve Azerbaycan\u2019da Akaryak\u0131t Al\u0131m\u0131 \u0130\u00e7in Yak\u0131t Kartlar\u0131"},"content":{"rendered":"\t\t<div data-elementor-type=\"wp-page\" data-elementor-id=\"3501\" class=\"elementor elementor-3501\" data-elementor-post-type=\"page\">\n\t\t\t\t<div class=\"elementor-element elementor-element-c2e114e e-flex e-con-boxed e-con e-parent\" data-id=\"c2e114e\" data-element_type=\"container\">\n\t\t\t\t\t<div class=\"e-con-inner\">\n\t\t<div class=\"elementor-element elementor-element-65a26ee e-con-full e-flex e-con e-child\" data-id=\"65a26ee\" data-element_type=\"container\">\n\t\t\t\t<div class=\"elementor-element elementor-element-51c0b33 elementor-widget elementor-widget-heading\" data-id=\"51c0b33\" data-element_type=\"widget\" data-widget_type=\"heading.default\">\n\t\t\t\t<div class=\"elementor-widget-container\">\n\t\t\t\t\t<h2 class=\"elementor-heading-title elementor-size-default\">BetaInvest'ten Akaryak\u0131t \u00c7\u00f6z\u00fcmleri<\/h2>\t\t\t\t<\/div>\n\t\t\t\t<\/div>\n\t\t\t\t<\/div>\n\t\t<div class=\"elementor-element elementor-element-2c5c486 e-con-full e-flex e-con e-child\" data-id=\"2c5c486\" data-element_type=\"container\">\n\t\t\t\t<div class=\"elementor-element elementor-element-492b64e elementor-widget elementor-widget-image\" data-id=\"492b64e\" data-element_type=\"widget\" data-widget_type=\"image.default\">\n\t\t\t\t<div class=\"elementor-widget-container\">\n\t\t\t\t\t\t\t\t\t\t\t\t\t\t\t<img fetchpriority=\"high\" decoding=\"async\" width=\"700\" height=\"307\" src=\"https:\/\/dev.betainvest.ee\/wp-content\/uploads\/2025\/07\/18297.jpg\" class=\"attachment-large size-large wp-image-3702\" alt=\"\" srcset=\"https:\/\/dev.betainvest.ee\/wp-content\/uploads\/2025\/07\/18297.jpg 700w, https:\/\/dev.betainvest.ee\/wp-content\/uploads\/2025\/07\/18297-300x132.jpg 300w\" sizes=\"(max-width: 700px) 100vw, 700px\" \/>\t\t\t\t\t\t\t\t\t\t\t\t\t\t\t<\/div>\n\t\t\t\t<\/div>\n\t\t\t\t<\/div>\n\t\t<div class=\"elementor-element elementor-element-3cc5682 e-con-full e-flex e-con e-child\" data-id=\"3cc5682\" data-element_type=\"container\">\n\t\t\t\t<div class=\"elementor-element elementor-element-2f6fa89 elementor-widget elementor-widget-image\" data-id=\"2f6fa89\" data-element_type=\"widget\" data-widget_type=\"image.default\">\n\t\t\t\t<div class=\"elementor-widget-container\">\n\t\t\t\t\t\t\t\t\t\t\t\t\t\t\t<img decoding=\"async\" width=\"980\" height=\"430\" src=\"https:\/\/dev.betainvest.ee\/wp-content\/uploads\/2025\/07\/28988.png\" class=\"attachment-large size-large wp-image-3703\" alt=\"\" srcset=\"https:\/\/dev.betainvest.ee\/wp-content\/uploads\/2025\/07\/28988.png 980w, https:\/\/dev.betainvest.ee\/wp-content\/uploads\/2025\/07\/28988-300x132.png 300w, https:\/\/dev.betainvest.ee\/wp-content\/uploads\/2025\/07\/28988-768x337.png 768w\" sizes=\"(max-width: 980px) 100vw, 980px\" \/>\t\t\t\t\t\t\t\t\t\t\t\t\t\t\t<\/div>\n\t\t\t\t<\/div>\n\t\t\t\t<div class=\"elementor-element elementor-element-561e3ac elementor-widget elementor-widget-text-editor\" data-id=\"561e3ac\" data-element_type=\"widget\" data-widget_type=\"text-editor.default\">\n\t\t\t\t<div class=\"elementor-widget-container\">\n\t\t\t\t\t\t\t\t\t<h2>\u00a0<\/h2><ul><li>\u0130\u015fletmeler i\u00e7in \u00e7ok i\u015flevli yak\u0131t kartlar\u0131: harcama kontrol\u00fc, kolayl\u0131k, indirimler ve dijital belge y\u00f6netimi. BetaInvest&#8217;e kat\u0131l\u0131n \u2014 filonuzu verimli y\u00f6netin.<\/li><\/ul><h2>Avantajlar<\/h2><ul><li>T\u00fcm i\u015flemler i\u00e7in tek hesapta tam harcama kontrol\u00fc.<\/li><li>Kart ve i\u015flem ba\u015f\u0131na esnek limit ayarlar\u0131.<\/li><li>Ki\u015fiselle\u015ftirilmi\u015f g\u00fczergahlar ve istasyon se\u00e7imi.<\/li><li>Elektronik belge y\u00f6netimi ve raporlama otomasyonu.<\/li><li>Her \u00f6l\u00e7ekten i\u015fletme i\u00e7in sadakat sistemi ve indirimler.<\/li><li>Rusya, Belarus ve Azerbaycan&#8217;da 3000&#8217;den fazla istasyonda ge\u00e7erli kartlar.<\/li><\/ul><h2>Ek \u00d6zellikler<\/h2><ul><li>G\u00fcvenlik: kart\u0131 tek t\u0131klamayla bloke etme.<\/li><li>Ki\u015fisel hesapta 7\/24 analiz ve raporlar.<\/li><li>Destek: ki\u015fisel dan\u0131\u015fman ve teknik destek.<\/li><li>Muhasebe ve ERP ile entegrasyon.<\/li><\/ul><h2>Ki\u015fisel Hesap<\/h2><ul><li>Kartlar ve s\u00f6zle\u015fmeleri y\u00f6netin.<\/li><li>\u00d6deme takvimleri olu\u015fturun ve bakiyeyi kontrol edin.<\/li><li>\u0130\u015flemleri ve yak\u0131t al\u0131mlar\u0131n\u0131 izleyin.<\/li><li>Raporlar olu\u015fturun ve belgelere eri\u015fin.<\/li><\/ul><h2>Tedarik\u00e7iler \u0130\u00e7in<\/h2><ul><li>Gereksinimler: istikrar, itibar, kay\u0131tl\u0131l\u0131k.<\/li><li>Kriterler: lojistik, \u00fcr\u00fcn \u00e7e\u015fitlili\u011fi, pazarlama, dijital belge y\u00f6netimi.<\/li><li>Ticari teklif: \u00fcr\u00fcn yelpazesi, fiyatlar, ko\u015fullar, primler.<\/li><\/ul>\t\t\t\t\t\t\t\t<\/div>\n\t\t\t\t<\/div>\n\t\t\t\t<div class=\"elementor-element elementor-element-dd7c29d elementor-widget elementor-widget-image\" data-id=\"dd7c29d\" data-element_type=\"widget\" data-widget_type=\"image.default\">\n\t\t\t\t<div class=\"elementor-widget-container\">\n\t\t\t\t\t\t\t\t\t\t\t\t\t\t\t<img decoding=\"async\" width=\"700\" height=\"307\" src=\"https:\/\/dev.betainvest.ee\/wp-content\/uploads\/2025\/07\/14933.jpg\" class=\"attachment-large size-large wp-image-3712\" alt=\"\" srcset=\"https:\/\/dev.betainvest.ee\/wp-content\/uploads\/2025\/07\/14933.jpg 700w, https:\/\/dev.betainvest.ee\/wp-content\/uploads\/2025\/07\/14933-300x132.jpg 300w\" sizes=\"(max-width: 700px) 100vw, 700px\" \/>\t\t\t\t\t\t\t\t\t\t\t\t\t\t\t<\/div>\n\t\t\t\t<\/div>\n\t\t\t\t<div class=\"elementor-element elementor-element-b3e0dea elementor-widget elementor-widget-spacer\" data-id=\"b3e0dea\" data-element_type=\"widget\" data-widget_type=\"spacer.default\">\n\t\t\t\t<div class=\"elementor-widget-container\">\n\t\t\t\t\t\t\t<div class=\"elementor-spacer\">\n\t\t\t<div class=\"elementor-spacer-inner\"><\/div>\n\t\t<\/div>\n\t\t\t\t\t\t<\/div>\n\t\t\t\t<\/div>\n\t\t\t\t<\/div>\n\t\t\t\t\t<\/div>\n\t\t\t\t<\/div>\n\t\t<div class=\"elementor-element elementor-element-bdc12de e-flex e-con-boxed e-con e-parent\" data-id=\"bdc12de\" data-element_type=\"container\">\n\t\t\t\t\t<div class=\"e-con-inner\">\n\t\t\t\t\t<\/div>\n\t\t\t\t<\/div>\n\t\t\t\t<\/div>\n\t\t","protected":false},"excerpt":{"rendered":"<p>BetaInvest&#8217;ten Akaryak\u0131t \u00c7\u00f6z\u00fcmleri \u00a0 \u0130\u015fletmeler i\u00e7in \u00e7ok i\u015flevli yak\u0131t kartlar\u0131: harcama kontrol\u00fc, kolayl\u0131k, indirimler ve dijital belge y\u00f6netimi. BetaInvest&#8217;e kat\u0131l\u0131n \u2014 filonuzu verimli y\u00f6netin. Avantajlar T\u00fcm i\u015flemler i\u00e7in tek hesapta tam harcama kontrol\u00fc. Kart ve i\u015flem ba\u015f\u0131na esnek limit ayarlar\u0131. Ki\u015fiselle\u015ftirilmi\u015f g\u00fczergahlar ve istasyon se\u00e7imi. Elektronik belge y\u00f6netimi ve raporlama otomasyonu. Her \u00f6l\u00e7ekten i\u015fletme i\u00e7in [&hellip;]<\/p>\n","protected":false},"author":1,"featured_media":0,"parent":0,"menu_order":0,"comment_status":"closed","ping_status":"closed","template":"","meta":{"_acf_changed":false,"_uag_custom_page_level_css":"","site-sidebar-layout":"no-sidebar","site-content-layout":"page-builder","ast-site-content-layout":"full-width-container","site-content-style":"default","site-sidebar-style":"default","ast-global-header-display":"","ast-banner-title-visibility":"","ast-main-header-display":"","ast-hfb-above-header-display":"","ast-hfb-below-header-display":"","ast-hfb-mobile-header-display":"","site-post-title":"disabled","ast-breadcrumbs-content":"","ast-featured-img":"disabled","footer-sml-layout":"","theme-transparent-header-meta":"","adv-header-id-meta":"","stick-header-meta":"","header-above-stick-meta":"","header-main-stick-meta":"","header-below-stick-meta":"","astra-migrate-meta-layouts":"default","ast-page-background-enabled":"default","ast-page-background-meta":{"desktop":{"background-color":"var(--ast-global-color-4)","background-image":"","background-repeat":"repeat","background-position":"center center","background-size":"auto","background-attachment":"scroll","background-type":"","background-media":"","overlay-type":"","overlay-color":"","overlay-opacity":"","overlay-gradient":""},"tablet":{"background-color":"","background-image":"","background-repeat":"repeat","background-position":"center center","background-size":"auto","background-attachment":"scroll","background-type":"","background-media":"","overlay-type":"","overlay-color":"","overlay-opacity":"","overlay-gradient":""},"mobile":{"background-color":"","background-image":"","background-repeat":"repeat","background-position":"center center","background-size":"auto","background-attachment":"scroll","background-type":"","background-media":"","overlay-type":"","overlay-color":"","overlay-opacity":"","overlay-gradient":""}},"ast-content-background-meta":{"desktop":{"background-color":"var(--ast-global-color-5)","background-image":"","background-repeat":"repeat","background-position":"center center","background-size":"auto","background-attachment":"scroll","background-type":"","background-media":"","overlay-type":"","overlay-color":"","overlay-opacity":"","overlay-gradient":""},"tablet":{"background-color":"var(--ast-global-color-5)","background-image":"","background-repeat":"repeat","background-position":"center center","background-size":"auto","background-attachment":"scroll","background-type":"","background-media":"","overlay-type":"","overlay-color":"","overlay-opacity":"","overlay-gradient":""},"mobile":{"background-color":"var(--ast-global-color-5)","background-image":"","background-repeat":"repeat","background-position":"center center","background-size":"auto","background-attachment":"scroll","background-type":"","background-media":"","overlay-type":"","overlay-color":"","overlay-opacity":"","overlay-gradient":""}},"footnotes":""},"class_list":["post-3501","page","type-page","status-publish","hentry"],"acf":[],"uagb_featured_image_src":{"full":false,"thumbnail":false,"medium":false,"medium_large":false,"large":false,"1536x1536":false,"2048x2048":false},"uagb_author_info":{"display_name":"admin","author_link":"https:\/\/dev.betainvest.ee\/tr\/author\/admin\/"},"uagb_comment_info":0,"uagb_excerpt":"BetaInvest&#8217;ten Akaryak\u0131t \u00c7\u00f6z\u00fcmleri \u00a0 \u0130\u015fletmeler i\u00e7in \u00e7ok i\u015flevli yak\u0131t kartlar\u0131: harcama kontrol\u00fc, kolayl\u0131k, indirimler ve dijital belge y\u00f6netimi. BetaInvest&#8217;e kat\u0131l\u0131n \u2014 filonuzu verimli y\u00f6netin. Avantajlar T\u00fcm i\u015flemler i\u00e7in tek hesapta tam harcama kontrol\u00fc. Kart ve i\u015flem ba\u015f\u0131na esnek limit ayarlar\u0131. Ki\u015fiselle\u015ftirilmi\u015f g\u00fczergahlar ve istasyon se\u00e7imi. Elektronik belge y\u00f6netimi ve raporlama otomasyonu. Her \u00f6l\u00e7ekten i\u015fletme i\u00e7in&hellip;","_links":{"self":[{"href":"https:\/\/dev.betainvest.ee\/tr\/wp-json\/wp\/v2\/pages\/3501","targetHints":{"allow":["GET"]}}],"collection":[{"href":"https:\/\/dev.betainvest.ee\/tr\/wp-json\/wp\/v2\/pages"}],"about":[{"href":"https:\/\/dev.betainvest.ee\/tr\/wp-json\/wp\/v2\/types\/page"}],"author":[{"embeddable":true,"href":"https:\/\/dev.betainvest.ee\/tr\/wp-json\/wp\/v2\/users\/1"}],"replies":[{"embeddable":true,"href":"https:\/\/dev.betainvest.ee\/tr\/wp-json\/wp\/v2\/comments?post=3501"}],"version-history":[{"count":10,"href":"https:\/\/dev.betainvest.ee\/tr\/wp-json\/wp\/v2\/pages\/3501\/revisions"}],"predecessor-version":[{"id":3715,"href":"https:\/\/dev.betainvest.ee\/tr\/wp-json\/wp\/v2\/pages\/3501\/revisions\/3715"}],"wp:attachment":[{"href":"https:\/\/dev.betainvest.ee\/tr\/wp-json\/wp\/v2\/media?parent=3501"}],"curies":[{"name":"wp","href":"https:\/\/api.w.org\/{rel}","templated":true}]}}