{"id":3500,"date":"2025-07-20T23:56:21","date_gmt":"2025-07-20T23:56:21","guid":{"rendered":"https:\/\/betainvest.ee\/?page_id=3500"},"modified":"2025-07-24T20:58:26","modified_gmt":"2025-07-24T20:58:26","slug":"diger-gumruk-odenmeleri-ve-vergi-islemleri","status":"publish","type":"page","link":"https:\/\/dev.betainvest.ee\/tr\/diger-gumruk-odenmeleri-ve-vergi-islemleri\/","title":{"rendered":"Di\u011fer G\u00fcmr\u00fck \u00d6denmeleri ve Vergi \u0130\u015flemleri"},"content":{"rendered":"\t\t<div data-elementor-type=\"wp-page\" data-elementor-id=\"3500\" class=\"elementor elementor-3500\" data-elementor-post-type=\"page\">\n\t\t\t\t<div class=\"elementor-element elementor-element-bfdec32 e-flex e-con-boxed e-con e-parent\" data-id=\"bfdec32\" data-element_type=\"container\">\n\t\t\t\t\t<div class=\"e-con-inner\">\n\t\t\t\t<div class=\"elementor-element elementor-element-81a9824 elementor-widget-divider--view-line elementor-widget elementor-widget-divider\" data-id=\"81a9824\" data-element_type=\"widget\" data-widget_type=\"divider.default\">\n\t\t\t\t<div class=\"elementor-widget-container\">\n\t\t\t\t\t\t\t<div class=\"elementor-divider\">\n\t\t\t<span class=\"elementor-divider-separator\">\n\t\t\t\t\t\t<\/span>\n\t\t<\/div>\n\t\t\t\t\t\t<\/div>\n\t\t\t\t<\/div>\n\t\t\t\t<div class=\"elementor-element elementor-element-dc8eee3 elementor-widget elementor-widget-text-editor\" data-id=\"dc8eee3\" data-element_type=\"widget\" data-widget_type=\"text-editor.default\">\n\t\t\t\t<div class=\"elementor-widget-container\">\n\t\t\t\t\t\t\t\t\t<p data-start=\"106\" data-end=\"173\"><strong data-start=\"106\" data-end=\"120\">Betainvest<\/strong>, kapsaml\u0131 bir <strong data-start=\"135\" data-end=\"166\">g\u00fcmr\u00fckleme hizmet yelpazesi<\/strong> sunar.<\/p><p data-start=\"175\" data-end=\"442\">\u0130thalat ve ihracat sevkiyatlar\u0131n\u0131z i\u00e7in temel t\u00fcm g\u00fcmr\u00fck i\u015flemlerini profesyonelce y\u00fcr\u00fct\u00fcr\u00fcz.<br data-start=\"268\" data-end=\"271\" \/>\u00c7ok uluslu g\u00fcmr\u00fck kurumlar\u0131yla \u00e7al\u0131\u015fma deneyimimiz, nitelikli uzman kadromuz ve hem teorik hem pratik altyap\u0131m\u0131z sayesinde s\u00fcreci <strong data-start=\"401\" data-end=\"422\">h\u0131zl\u0131 ve sorunsuz<\/strong> \u015fekilde tamamlar\u0131z.<\/p><p data-start=\"444\" data-end=\"520\">A\u015fa\u011f\u0131daki <strong data-start=\"454\" data-end=\"519\">g\u00fcmr\u00fck prosed\u00fcrlerinin d\u00fczenlenmesinde size yard\u0131mc\u0131 oluyoruz<\/strong>:<\/p><ul><li data-start=\"522\" data-end=\"851\"><strong data-start=\"524\" data-end=\"550\">EXA g\u00fcmr\u00fck beyannamesi<\/strong> (ihracat)<br data-start=\"560\" data-end=\"563\" \/>\u2022 <strong data-start=\"565\" data-end=\"591\">IMA g\u00fcmr\u00fck beyannamesi<\/strong> (ithalat)<br data-start=\"601\" data-end=\"604\" \/>\u2022 <strong data-start=\"606\" data-end=\"635\">EUIA uygunluk beyannamesi<\/strong><br data-start=\"635\" data-end=\"638\" \/>\u2022 <strong data-start=\"640\" data-end=\"672\">SMGS demiryolu ta\u015f\u0131ma senedi<\/strong> (Uluslararas\u0131 Demiryolu Ta\u015f\u0131mac\u0131l\u0131\u011f\u0131 Anla\u015fmas\u0131\u2019na g\u00f6re)<br data-start=\"728\" data-end=\"731\" \/>\u2022 <strong data-start=\"733\" data-end=\"746\">CMR formu<\/strong> (Uluslararas\u0131 kara ta\u015f\u0131mac\u0131l\u0131\u011f\u0131 senedi)<br data-start=\"786\" data-end=\"789\" \/>\u2022 <strong data-start=\"791\" data-end=\"806\">TIR Karnesi<\/strong> (Uluslararas\u0131 karayolu ta\u015f\u0131mac\u0131l\u0131\u011f\u0131 defteri)<\/li><\/ul>\t\t\t\t\t\t\t\t<\/div>\n\t\t\t\t<\/div>\n\t\t\t\t<div class=\"elementor-element elementor-element-ee9374a elementor-widget-divider--view-line elementor-widget elementor-widget-divider\" data-id=\"ee9374a\" data-element_type=\"widget\" data-widget_type=\"divider.default\">\n\t\t\t\t<div class=\"elementor-widget-container\">\n\t\t\t\t\t\t\t<div class=\"elementor-divider\">\n\t\t\t<span class=\"elementor-divider-separator\">\n\t\t\t\t\t\t<\/span>\n\t\t<\/div>\n\t\t\t\t\t\t<\/div>\n\t\t\t\t<\/div>\n\t\t\t\t<div class=\"elementor-element elementor-element-3e2971b elementor-widget elementor-widget-heading\" data-id=\"3e2971b\" data-element_type=\"widget\" data-widget_type=\"heading.default\">\n\t\t\t\t<div class=\"elementor-widget-container\">\n\t\t\t\t\t<h2 class=\"elementor-heading-title elementor-size-default\">D\u0130\u011eER G\u00dcMR\u00dcK PROSED\u00dcRLER\u0130<\/h2>\t\t\t\t<\/div>\n\t\t\t\t<\/div>\n\t\t\t\t\t<\/div>\n\t\t\t\t<\/div>\n\t\t<div class=\"elementor-element elementor-element-ca0385b e-flex e-con-boxed e-con e-parent\" data-id=\"ca0385b\" data-element_type=\"container\">\n\t\t\t\t\t<div class=\"e-con-inner\">\n\t\t\t\t<div class=\"elementor-element elementor-element-767cfb2 elementor-widget elementor-widget-image\" data-id=\"767cfb2\" data-element_type=\"widget\" data-widget_type=\"image.default\">\n\t\t\t\t<div class=\"elementor-widget-container\">\n\t\t\t\t\t\t\t\t\t\t\t\t\t\t\t<img fetchpriority=\"high\" decoding=\"async\" width=\"768\" height=\"429\" src=\"https:\/\/dev.betainvest.ee\/wp-content\/uploads\/2025\/06\/Facebook_\u041e\u0431\u0449\u0435\u0441\u0442\u0432\u0435\u043d\u043d\u044b\u0439-\u0441\u043e\u0432\u0435\u0442-\u043f\u0440\u0438-\u0424\u0422\u0421-\u0420\u043e\u0441\u0441\u0438\u0438_26993357_1757226241250329_2636616393159272921_n_resize_2_new-768x429.jpg\" class=\"attachment-medium_large size-medium_large wp-image-2796\" alt=\"\" srcset=\"https:\/\/dev.betainvest.ee\/wp-content\/uploads\/2025\/06\/Facebook_\u041e\u0431\u0449\u0435\u0441\u0442\u0432\u0435\u043d\u043d\u044b\u0439-\u0441\u043e\u0432\u0435\u0442-\u043f\u0440\u0438-\u0424\u0422\u0421-\u0420\u043e\u0441\u0441\u0438\u0438_26993357_1757226241250329_2636616393159272921_n_resize_2_new-768x429.jpg 768w, https:\/\/dev.betainvest.ee\/wp-content\/uploads\/2025\/06\/Facebook_\u041e\u0431\u0449\u0435\u0441\u0442\u0432\u0435\u043d\u043d\u044b\u0439-\u0441\u043e\u0432\u0435\u0442-\u043f\u0440\u0438-\u0424\u0422\u0421-\u0420\u043e\u0441\u0441\u0438\u0438_26993357_1757226241250329_2636616393159272921_n_resize_2_new-300x168.jpg 300w, https:\/\/dev.betainvest.ee\/wp-content\/uploads\/2025\/06\/Facebook_\u041e\u0431\u0449\u0435\u0441\u0442\u0432\u0435\u043d\u043d\u044b\u0439-\u0441\u043e\u0432\u0435\u0442-\u043f\u0440\u0438-\u0424\u0422\u0421-\u0420\u043e\u0441\u0441\u0438\u0438_26993357_1757226241250329_2636616393159272921_n_resize_2_new.jpg 955w\" sizes=\"(max-width: 768px) 100vw, 768px\" \/>\t\t\t\t\t\t\t\t\t\t\t\t\t\t\t<\/div>\n\t\t\t\t<\/div>\n\t\t\t\t\t<\/div>\n\t\t\t\t<\/div>\n\t\t\t\t<\/div>\n\t\t","protected":false},"excerpt":{"rendered":"<p>Betainvest, kapsaml\u0131 bir g\u00fcmr\u00fckleme hizmet yelpazesi sunar. \u0130thalat ve ihracat sevkiyatlar\u0131n\u0131z i\u00e7in temel t\u00fcm g\u00fcmr\u00fck i\u015flemlerini profesyonelce y\u00fcr\u00fct\u00fcr\u00fcz.\u00c7ok uluslu g\u00fcmr\u00fck kurumlar\u0131yla \u00e7al\u0131\u015fma deneyimimiz, nitelikli uzman kadromuz ve hem teorik hem pratik altyap\u0131m\u0131z sayesinde s\u00fcreci h\u0131zl\u0131 ve sorunsuz \u015fekilde tamamlar\u0131z. A\u015fa\u011f\u0131daki g\u00fcmr\u00fck prosed\u00fcrlerinin d\u00fczenlenmesinde size yard\u0131mc\u0131 oluyoruz: EXA g\u00fcmr\u00fck beyannamesi (ihracat)\u2022 IMA g\u00fcmr\u00fck beyannamesi (ithalat)\u2022 EUIA [&hellip;]<\/p>\n","protected":false},"author":1,"featured_media":0,"parent":0,"menu_order":0,"comment_status":"closed","ping_status":"closed","template":"","meta":{"_acf_changed":false,"_uag_custom_page_level_css":"","site-sidebar-layout":"no-sidebar","site-content-layout":"page-builder","ast-site-content-layout":"full-width-container","site-content-style":"default","site-sidebar-style":"default","ast-global-header-display":"","ast-banner-title-visibility":"","ast-main-header-display":"","ast-hfb-above-header-display":"","ast-hfb-below-header-display":"","ast-hfb-mobile-header-display":"","site-post-title":"disabled","ast-breadcrumbs-content":"","ast-featured-img":"disabled","footer-sml-layout":"","theme-transparent-header-meta":"","adv-header-id-meta":"","stick-header-meta":"","header-above-stick-meta":"","header-main-stick-meta":"","header-below-stick-meta":"","astra-migrate-meta-layouts":"default","ast-page-background-enabled":"default","ast-page-background-meta":{"desktop":{"background-color":"var(--ast-global-color-4)","background-image":"","background-repeat":"repeat","background-position":"center center","background-size":"auto","background-attachment":"scroll","background-type":"","background-media":"","overlay-type":"","overlay-color":"","overlay-opacity":"","overlay-gradient":""},"tablet":{"background-color":"","background-image":"","background-repeat":"repeat","background-position":"center center","background-size":"auto","background-attachment":"scroll","background-type":"","background-media":"","overlay-type":"","overlay-color":"","overlay-opacity":"","overlay-gradient":""},"mobile":{"background-color":"","background-image":"","background-repeat":"repeat","background-position":"center center","background-size":"auto","background-attachment":"scroll","background-type":"","background-media":"","overlay-type":"","overlay-color":"","overlay-opacity":"","overlay-gradient":""}},"ast-content-background-meta":{"desktop":{"background-color":"var(--ast-global-color-5)","background-image":"","background-repeat":"repeat","background-position":"center center","background-size":"auto","background-attachment":"scroll","background-type":"","background-media":"","overlay-type":"","overlay-color":"","overlay-opacity":"","overlay-gradient":""},"tablet":{"background-color":"var(--ast-global-color-5)","background-image":"","background-repeat":"repeat","background-position":"center center","background-size":"auto","background-attachment":"scroll","background-type":"","background-media":"","overlay-type":"","overlay-color":"","overlay-opacity":"","overlay-gradient":""},"mobile":{"background-color":"var(--ast-global-color-5)","background-image":"","background-repeat":"repeat","background-position":"center center","background-size":"auto","background-attachment":"scroll","background-type":"","background-media":"","overlay-type":"","overlay-color":"","overlay-opacity":"","overlay-gradient":""}},"footnotes":""},"class_list":["post-3500","page","type-page","status-publish","hentry"],"acf":[],"uagb_featured_image_src":{"full":false,"thumbnail":false,"medium":false,"medium_large":false,"large":false,"1536x1536":false,"2048x2048":false},"uagb_author_info":{"display_name":"admin","author_link":"https:\/\/dev.betainvest.ee\/tr\/author\/admin\/"},"uagb_comment_info":0,"uagb_excerpt":"Betainvest, kapsaml\u0131 bir g\u00fcmr\u00fckleme hizmet yelpazesi sunar. \u0130thalat ve ihracat sevkiyatlar\u0131n\u0131z i\u00e7in temel t\u00fcm g\u00fcmr\u00fck i\u015flemlerini profesyonelce y\u00fcr\u00fct\u00fcr\u00fcz.\u00c7ok uluslu g\u00fcmr\u00fck kurumlar\u0131yla \u00e7al\u0131\u015fma deneyimimiz, nitelikli uzman kadromuz ve hem teorik hem pratik altyap\u0131m\u0131z sayesinde s\u00fcreci h\u0131zl\u0131 ve sorunsuz \u015fekilde tamamlar\u0131z. A\u015fa\u011f\u0131daki g\u00fcmr\u00fck prosed\u00fcrlerinin d\u00fczenlenmesinde size yard\u0131mc\u0131 oluyoruz: EXA g\u00fcmr\u00fck beyannamesi (ihracat)\u2022 IMA g\u00fcmr\u00fck beyannamesi (ithalat)\u2022 EUIA&hellip;","_links":{"self":[{"href":"https:\/\/dev.betainvest.ee\/tr\/wp-json\/wp\/v2\/pages\/3500","targetHints":{"allow":["GET"]}}],"collection":[{"href":"https:\/\/dev.betainvest.ee\/tr\/wp-json\/wp\/v2\/pages"}],"about":[{"href":"https:\/\/dev.betainvest.ee\/tr\/wp-json\/wp\/v2\/types\/page"}],"author":[{"embeddable":true,"href":"https:\/\/dev.betainvest.ee\/tr\/wp-json\/wp\/v2\/users\/1"}],"replies":[{"embeddable":true,"href":"https:\/\/dev.betainvest.ee\/tr\/wp-json\/wp\/v2\/comments?post=3500"}],"version-history":[{"count":10,"href":"https:\/\/dev.betainvest.ee\/tr\/wp-json\/wp\/v2\/pages\/3500\/revisions"}],"predecessor-version":[{"id":3906,"href":"https:\/\/dev.betainvest.ee\/tr\/wp-json\/wp\/v2\/pages\/3500\/revisions\/3906"}],"wp:attachment":[{"href":"https:\/\/dev.betainvest.ee\/tr\/wp-json\/wp\/v2\/media?parent=3500"}],"curies":[{"name":"wp","href":"https:\/\/api.w.org\/{rel}","templated":true}]}}