{"id":3499,"date":"2025-07-20T23:56:21","date_gmt":"2025-07-20T23:56:21","guid":{"rendered":"https:\/\/betainvest.ee\/?page_id=3499"},"modified":"2025-07-24T23:49:52","modified_gmt":"2025-07-24T23:49:52","slug":"lisansli-konvoy-esliginde-yuk-tasima-hizmetleri","status":"publish","type":"page","link":"https:\/\/dev.betainvest.ee\/tr\/lisansli-konvoy-esliginde-yuk-tasima-hizmetleri\/","title":{"rendered":"Lisansl\u0131 konvoy e\u015fli\u011finde y\u00fck ta\u015f\u0131ma hizmetleri"},"content":{"rendered":"\t\t<div data-elementor-type=\"wp-page\" data-elementor-id=\"3499\" class=\"elementor elementor-3499\" data-elementor-post-type=\"page\">\n\t\t\t\t<div class=\"elementor-element elementor-element-7e98264 e-flex e-con-boxed e-con e-parent\" data-id=\"7e98264\" data-element_type=\"container\">\n\t\t\t\t\t<div class=\"e-con-inner\">\n\t\t\t\t<div class=\"elementor-element elementor-element-4bf3000 elementor-widget elementor-widget-heading\" data-id=\"4bf3000\" data-element_type=\"widget\" data-widget_type=\"heading.default\">\n\t\t\t\t<div class=\"elementor-widget-container\">\n\t\t\t\t\t<h2 class=\"elementor-heading-title elementor-size-default\">L\u0130SANSLI KONVOY E\u015eL\u0130\u011e\u0130NDE Y\u00dcK G\u00dcVENL\u0130\u011e\u0130 H\u0130ZMET\u0130<\/h2>\t\t\t\t<\/div>\n\t\t\t\t<\/div>\n\t\t\t\t\t<\/div>\n\t\t\t\t<\/div>\n\t\t<div class=\"elementor-element elementor-element-c861c58 e-flex e-con-boxed e-con e-parent\" data-id=\"c861c58\" data-element_type=\"container\">\n\t\t\t\t\t<div class=\"e-con-inner\">\n\t\t\t\t<div class=\"elementor-element elementor-element-f5238e2 elementor-widget elementor-widget-spacer\" data-id=\"f5238e2\" data-element_type=\"widget\" data-widget_type=\"spacer.default\">\n\t\t\t\t<div class=\"elementor-widget-container\">\n\t\t\t\t\t\t\t<div class=\"elementor-spacer\">\n\t\t\t<div class=\"elementor-spacer-inner\"><\/div>\n\t\t<\/div>\n\t\t\t\t\t\t<\/div>\n\t\t\t\t<\/div>\n\t\t\t\t<div class=\"elementor-element elementor-element-3975112 elementor-widget elementor-widget-text-editor\" data-id=\"3975112\" data-element_type=\"widget\" data-widget_type=\"text-editor.default\">\n\t\t\t\t<div class=\"elementor-widget-container\">\n\t\t\t\t\t\t\t\t\t<p><strong>Lisansl\u0131 konvoy hizmeti ile y\u00fck\u00fcn\u00fcz g\u00fcvende<\/strong><\/p><p data-start=\"173\" data-end=\"555\">\u015eirketiniz d\u00fczenli olarak <strong data-start=\"199\" data-end=\"226\">y\u00fcksek de\u011ferli kargolar<\/strong> m\u0131 ta\u015f\u0131yor? O halde biliyorsunuzdur ki, ta\u015f\u0131ma t\u00fcr\u00fc ne olursa olsun, uzun mesafeli nakliye s\u0131ras\u0131nda y\u00fckler <strong data-start=\"335\" data-end=\"364\">soygun, gasp veya sald\u0131r\u0131<\/strong> gibi risklere maruz kalabilir.<br data-start=\"395\" data-end=\"398\" \/><strong data-start=\"398\" data-end=\"412\">Betainvest<\/strong>, Avrasya Ekonomik Birli\u011fi (AEB) \u00fclkeleri genelinde <strong data-start=\"464\" data-end=\"542\">lisansl\u0131 g\u00fcvenlik g\u00f6revlileri taraf\u0131ndan profesyonel konvoy e\u015fli\u011fi hizmeti<\/strong> sunmaktad\u0131r.<\/p><p data-start=\"557\" data-end=\"793\">G\u00fcvenlik hizmetimiz, y\u00fck sevk edilmeden \u00f6nce ba\u015flar.<br data-start=\"609\" data-end=\"612\" \/>Size en uygun teslimat plan\u0131n\u0131 \u00f6nerir, g\u00fczergah analizi yapar, ta\u015f\u0131ma arac\u0131n\u0131n ve y\u00fck\u00fcn \u00f6zelliklerini dikkate alarak t\u00fcm detaylar\u0131 planlar\u0131z. Gerekli olan ek hizmetleri de sa\u011flar\u0131z.<\/p><p data-start=\"795\" data-end=\"1105\"><strong data-start=\"795\" data-end=\"844\">Deneyimli ve lisansl\u0131 g\u00fcvenlik g\u00f6revlilerimiz<\/strong>, y\u00fck\u00fc teslim noktas\u0131na kadar kesintisiz olarak takip eder ve tam g\u00fcvenli\u011fini sa\u011flar. G\u00f6revlilerimiz hizmet silahlar\u0131, koruyucu ekipmanlar ve teknik cihazlarla donat\u0131lm\u0131\u015ft\u0131r. Tecr\u00fcbeleri sayesinde, <strong data-start=\"1042\" data-end=\"1090\">her t\u00fcrl\u00fc beklenmedik duruma etkili \u00e7\u00f6z\u00fcmler<\/strong> \u00fcretebilirler.<\/p><p data-start=\"1107\" data-end=\"1273\">\u00dcstelik bu ekip, <strong data-start=\"1124\" data-end=\"1151\">Betainvest uzmanlar\u0131d\u0131r<\/strong> \u2014 g\u00fcmr\u00fck prosed\u00fcrleri konusunda bilgi sahibidirler ve y\u00fck\u00fcn ge\u00e7ece\u011fi \u00fclkelerdeki s\u0131n\u0131r ge\u00e7i\u015flerini <strong data-start=\"1251\" data-end=\"1272\">h\u0131zla tamamlarlar<\/strong>.<\/p>\t\t\t\t\t\t\t\t<\/div>\n\t\t\t\t<\/div>\n\t\t\t\t\t<\/div>\n\t\t\t\t<\/div>\n\t\t<div class=\"elementor-element elementor-element-23042b0 e-flex e-con-boxed e-con e-parent\" data-id=\"23042b0\" data-element_type=\"container\">\n\t\t\t\t\t<div class=\"e-con-inner\">\n\t\t\t\t<div class=\"elementor-element elementor-element-98e8481 elementor-widget elementor-widget-spacer\" data-id=\"98e8481\" data-element_type=\"widget\" data-widget_type=\"spacer.default\">\n\t\t\t\t<div class=\"elementor-widget-container\">\n\t\t\t\t\t\t\t<div class=\"elementor-spacer\">\n\t\t\t<div class=\"elementor-spacer-inner\"><\/div>\n\t\t<\/div>\n\t\t\t\t\t\t<\/div>\n\t\t\t\t<\/div>\n\t\t\t\t<div class=\"elementor-element elementor-element-bc89d32 elementor-widget elementor-widget-image\" data-id=\"bc89d32\" data-element_type=\"widget\" data-widget_type=\"image.default\">\n\t\t\t\t<div class=\"elementor-widget-container\">\n\t\t\t\t\t\t\t\t\t\t\t\t\t\t\t<img fetchpriority=\"high\" decoding=\"async\" width=\"768\" height=\"512\" src=\"https:\/\/dev.betainvest.ee\/wp-content\/uploads\/2025\/07\/ChatGPT-Image-25-\u0438\u044e\u043b.-2025-\u0433.-02_33_52-768x512.png\" class=\"attachment-medium_large size-medium_large wp-image-3912\" alt=\"\" srcset=\"https:\/\/dev.betainvest.ee\/wp-content\/uploads\/2025\/07\/ChatGPT-Image-25-\u0438\u044e\u043b.-2025-\u0433.-02_33_52-768x512.png 768w, https:\/\/dev.betainvest.ee\/wp-content\/uploads\/2025\/07\/ChatGPT-Image-25-\u0438\u044e\u043b.-2025-\u0433.-02_33_52-300x200.png 300w, https:\/\/dev.betainvest.ee\/wp-content\/uploads\/2025\/07\/ChatGPT-Image-25-\u0438\u044e\u043b.-2025-\u0433.-02_33_52-1024x683.png 1024w, https:\/\/dev.betainvest.ee\/wp-content\/uploads\/2025\/07\/ChatGPT-Image-25-\u0438\u044e\u043b.-2025-\u0433.-02_33_52.png 1536w\" sizes=\"(max-width: 768px) 100vw, 768px\" \/>\t\t\t\t\t\t\t\t\t\t\t\t\t\t\t<\/div>\n\t\t\t\t<\/div>\n\t\t\t\t\t<\/div>\n\t\t\t\t<\/div>\n\t\t<div class=\"elementor-element elementor-element-f54f84d e-flex e-con-boxed e-con e-parent\" data-id=\"f54f84d\" data-element_type=\"container\">\n\t\t\t\t\t<div class=\"e-con-inner\">\n\t\t\t\t<div class=\"elementor-element elementor-element-78e467b elementor-widget elementor-widget-heading\" data-id=\"78e467b\" data-element_type=\"widget\" data-widget_type=\"heading.default\">\n\t\t\t\t<div class=\"elementor-widget-container\">\n\t\t\t\t\t<h5 class=\"elementor-heading-title elementor-size-default\">Hizmetin \u00fccreti; y\u00fck\u00fcn amac\u0131, de\u011feri, teslimat s\u00fcresince talep edilen ek hizmetler ve var\u0131\u015f noktas\u0131na olan mesafeye g\u00f6re belirlenir.<\/h5>\t\t\t\t<\/div>\n\t\t\t\t<\/div>\n\t\t\t\t\t<\/div>\n\t\t\t\t<\/div>\n\t\t\t\t<\/div>\n\t\t","protected":false},"excerpt":{"rendered":"<p>L\u0130SANSLI KONVOY E\u015eL\u0130\u011e\u0130NDE Y\u00dcK G\u00dcVENL\u0130\u011e\u0130 H\u0130ZMET\u0130 Lisansl\u0131 konvoy hizmeti ile y\u00fck\u00fcn\u00fcz g\u00fcvende \u015eirketiniz d\u00fczenli olarak y\u00fcksek de\u011ferli kargolar m\u0131 ta\u015f\u0131yor? O halde biliyorsunuzdur ki, ta\u015f\u0131ma t\u00fcr\u00fc ne olursa olsun, uzun mesafeli nakliye s\u0131ras\u0131nda y\u00fckler soygun, gasp veya sald\u0131r\u0131 gibi risklere maruz kalabilir.Betainvest, Avrasya Ekonomik Birli\u011fi (AEB) \u00fclkeleri genelinde lisansl\u0131 g\u00fcvenlik g\u00f6revlileri taraf\u0131ndan profesyonel konvoy e\u015fli\u011fi [&hellip;]<\/p>\n","protected":false},"author":1,"featured_media":0,"parent":0,"menu_order":0,"comment_status":"closed","ping_status":"closed","template":"","meta":{"_acf_changed":false,"_uag_custom_page_level_css":"","site-sidebar-layout":"no-sidebar","site-content-layout":"page-builder","ast-site-content-layout":"full-width-container","site-content-style":"default","site-sidebar-style":"default","ast-global-header-display":"","ast-banner-title-visibility":"","ast-main-header-display":"","ast-hfb-above-header-display":"","ast-hfb-below-header-display":"","ast-hfb-mobile-header-display":"","site-post-title":"disabled","ast-breadcrumbs-content":"","ast-featured-img":"disabled","footer-sml-layout":"","theme-transparent-header-meta":"","adv-header-id-meta":"","stick-header-meta":"","header-above-stick-meta":"","header-main-stick-meta":"","header-below-stick-meta":"","astra-migrate-meta-layouts":"default","ast-page-background-enabled":"default","ast-page-background-meta":{"desktop":{"background-color":"var(--ast-global-color-4)","background-image":"","background-repeat":"repeat","background-position":"center center","background-size":"auto","background-attachment":"scroll","background-type":"","background-media":"","overlay-type":"","overlay-color":"","overlay-opacity":"","overlay-gradient":""},"tablet":{"background-color":"","background-image":"","background-repeat":"repeat","background-position":"center center","background-size":"auto","background-attachment":"scroll","background-type":"","background-media":"","overlay-type":"","overlay-color":"","overlay-opacity":"","overlay-gradient":""},"mobile":{"background-color":"","background-image":"","background-repeat":"repeat","background-position":"center center","background-size":"auto","background-attachment":"scroll","background-type":"","background-media":"","overlay-type":"","overlay-color":"","overlay-opacity":"","overlay-gradient":""}},"ast-content-background-meta":{"desktop":{"background-color":"var(--ast-global-color-5)","background-image":"","background-repeat":"repeat","background-position":"center center","background-size":"auto","background-attachment":"scroll","background-type":"","background-media":"","overlay-type":"","overlay-color":"","overlay-opacity":"","overlay-gradient":""},"tablet":{"background-color":"var(--ast-global-color-5)","background-image":"","background-repeat":"repeat","background-position":"center center","background-size":"auto","background-attachment":"scroll","background-type":"","background-media":"","overlay-type":"","overlay-color":"","overlay-opacity":"","overlay-gradient":""},"mobile":{"background-color":"var(--ast-global-color-5)","background-image":"","background-repeat":"repeat","background-position":"center center","background-size":"auto","background-attachment":"scroll","background-type":"","background-media":"","overlay-type":"","overlay-color":"","overlay-opacity":"","overlay-gradient":""}},"footnotes":""},"class_list":["post-3499","page","type-page","status-publish","hentry"],"acf":[],"uagb_featured_image_src":{"full":false,"thumbnail":false,"medium":false,"medium_large":false,"large":false,"1536x1536":false,"2048x2048":false},"uagb_author_info":{"display_name":"admin","author_link":"https:\/\/dev.betainvest.ee\/tr\/author\/admin\/"},"uagb_comment_info":0,"uagb_excerpt":"L\u0130SANSLI KONVOY E\u015eL\u0130\u011e\u0130NDE Y\u00dcK G\u00dcVENL\u0130\u011e\u0130 H\u0130ZMET\u0130 Lisansl\u0131 konvoy hizmeti ile y\u00fck\u00fcn\u00fcz g\u00fcvende \u015eirketiniz d\u00fczenli olarak y\u00fcksek de\u011ferli kargolar m\u0131 ta\u015f\u0131yor? O halde biliyorsunuzdur ki, ta\u015f\u0131ma t\u00fcr\u00fc ne olursa olsun, uzun mesafeli nakliye s\u0131ras\u0131nda y\u00fckler soygun, gasp veya sald\u0131r\u0131 gibi risklere maruz kalabilir.Betainvest, Avrasya Ekonomik Birli\u011fi (AEB) \u00fclkeleri genelinde lisansl\u0131 g\u00fcvenlik g\u00f6revlileri taraf\u0131ndan profesyonel konvoy e\u015fli\u011fi&hellip;","_links":{"self":[{"href":"https:\/\/dev.betainvest.ee\/tr\/wp-json\/wp\/v2\/pages\/3499","targetHints":{"allow":["GET"]}}],"collection":[{"href":"https:\/\/dev.betainvest.ee\/tr\/wp-json\/wp\/v2\/pages"}],"about":[{"href":"https:\/\/dev.betainvest.ee\/tr\/wp-json\/wp\/v2\/types\/page"}],"author":[{"embeddable":true,"href":"https:\/\/dev.betainvest.ee\/tr\/wp-json\/wp\/v2\/users\/1"}],"replies":[{"embeddable":true,"href":"https:\/\/dev.betainvest.ee\/tr\/wp-json\/wp\/v2\/comments?post=3499"}],"version-history":[{"count":4,"href":"https:\/\/dev.betainvest.ee\/tr\/wp-json\/wp\/v2\/pages\/3499\/revisions"}],"predecessor-version":[{"id":3915,"href":"https:\/\/dev.betainvest.ee\/tr\/wp-json\/wp\/v2\/pages\/3499\/revisions\/3915"}],"wp:attachment":[{"href":"https:\/\/dev.betainvest.ee\/tr\/wp-json\/wp\/v2\/media?parent=3499"}],"curies":[{"name":"wp","href":"https:\/\/api.w.org\/{rel}","templated":true}]}}