{"id":3498,"date":"2025-07-20T23:56:21","date_gmt":"2025-07-20T23:56:21","guid":{"rendered":"https:\/\/betainvest.ee\/?page_id=3498"},"modified":"2025-07-25T00:50:44","modified_gmt":"2025-07-25T00:50:44","slug":"rusya-turkiye-tasimacilik-ve-nakliyat-hizmetleri","status":"publish","type":"page","link":"https:\/\/dev.betainvest.ee\/tr\/rusya-turkiye-tasimacilik-ve-nakliyat-hizmetleri\/","title":{"rendered":"Rusya-T\u00fcrkiye Ta\u015f\u0131mac\u0131l\u0131k ve Nakliyat Hizmetleri"},"content":{"rendered":"\t\t<div data-elementor-type=\"wp-page\" data-elementor-id=\"3498\" class=\"elementor elementor-3498\" data-elementor-post-type=\"page\">\n\t\t\t\t<div class=\"elementor-element elementor-element-e580dff e-flex e-con-boxed e-con e-parent\" data-id=\"e580dff\" data-element_type=\"container\">\n\t\t\t\t\t<div class=\"e-con-inner\">\n\t\t\t\t<div class=\"elementor-element elementor-element-3c2c18e elementor-widget elementor-widget-heading\" data-id=\"3c2c18e\" data-element_type=\"widget\" data-widget_type=\"heading.default\">\n\t\t\t\t<div class=\"elementor-widget-container\">\n\t\t\t\t\t<h2 class=\"elementor-heading-title elementor-size-default\">TA\u015eIMACILIK VE NAKL\u0130YE ORGAN\u0130ZASYONU<\/h2>\t\t\t\t<\/div>\n\t\t\t\t<\/div>\n\t\t\t\t\t<\/div>\n\t\t\t\t<\/div>\n\t\t<div class=\"elementor-element elementor-element-f8963d6 e-flex e-con-boxed e-con e-parent\" data-id=\"f8963d6\" data-element_type=\"container\">\n\t\t\t\t\t<div class=\"e-con-inner\">\n\t\t\t\t<div class=\"elementor-element elementor-element-93df32d elementor-widget elementor-widget-text-editor\" data-id=\"93df32d\" data-element_type=\"widget\" data-widget_type=\"text-editor.default\">\n\t\t\t\t<div class=\"elementor-widget-container\">\n\t\t\t\t\t\t\t\t\t<p data-start=\"148\" data-end=\"225\"><strong data-start=\"148\" data-end=\"162\">Betainvest<\/strong>, kapsaml\u0131 bir <strong data-start=\"177\" data-end=\"212\">ta\u015f\u0131mac\u0131l\u0131k ve lojistik hizmeti<\/strong> sunmaktad\u0131r.<\/p><p data-start=\"227\" data-end=\"783\">Karayolu, denizyolu veya havayolu fark etmeksizin, d\u00fcnyan\u0131n herhangi bir noktas\u0131na <strong data-start=\"310\" data-end=\"344\">zaman\u0131nda ve sorunsuz teslimat<\/strong> sa\u011flamak i\u00e7in t\u00fcm detaylarla biz ilgileniyoruz.<br data-start=\"392\" data-end=\"395\" \/>Ta\u015f\u0131mac\u0131l\u0131k ve nakliye organizasyonu; basitten karma\u015f\u0131\u011fa, k\u00fc\u00e7\u00fckten b\u00fcy\u00fc\u011fe bir\u00e7ok ad\u0131m\u0131 kapsar, ancak s\u00fcre\u00e7 genel olarak \u015fu a\u015famalardan olu\u015fur:<br data-start=\"537\" data-end=\"540\" \/>Y\u00fck sevkiyata haz\u0131rlan\u0131r ve ta\u015f\u0131ma arac\u0131na y\u00fcklenir, gerekirse bir ta\u015f\u0131ma arac\u0131ndan di\u011ferine aktar\u0131l\u0131r, g\u00fcvenli bir \u015fekilde muhafaza edilir, ara\u00e7tan bo\u015falt\u0131l\u0131r ve nihayetinde al\u0131c\u0131ya teslim edilir.<br data-start=\"737\" data-end=\"740\" \/><strong data-start=\"740\" data-end=\"783\">T\u00fcm bu a\u015famalar\u0131 biz organize ediyoruz.<\/strong><\/p><p data-start=\"785\" data-end=\"800\">Ayn\u0131 zamanda;<\/p><ul data-start=\"801\" data-end=\"1056\"><li data-start=\"801\" data-end=\"874\"><p data-start=\"803\" data-end=\"874\">y\u00fck \u00fczerindeki m\u00fclkiyet hakk\u0131 de\u011fi\u015fimini i\u00e7eren belgeleri d\u00fczenliyor,<\/p><\/li><li data-start=\"875\" data-end=\"919\"><p data-start=\"877\" data-end=\"919\">\u00fcr\u00fcn kayb\u0131 veya hasar riskini y\u00f6netiyor,<\/p><\/li><li data-start=\"920\" data-end=\"950\"><p data-start=\"922\" data-end=\"950\">gerekli \u00f6demeleri yap\u0131yor,<\/p><\/li><li data-start=\"951\" data-end=\"1056\"><p data-start=\"953\" data-end=\"1056\">ilgili ta\u015f\u0131ma kurallar\u0131na uyumu denetliyor<br data-start=\"995\" data-end=\"998\" \/>ve bir\u00e7ok <strong data-start=\"1008\" data-end=\"1036\">di\u011fer operasyonel g\u00f6revi<\/strong> yerine getiriyoruz.<\/p><\/li><\/ul><p data-start=\"1058\" data-end=\"1219\">Ta\u015f\u0131mac\u0131l\u0131k sekt\u00f6r\u00fcnde kullan\u0131labilen t\u00fcm modern teknolojileri hizmete entegre ediyoruz:<br data-start=\"1146\" data-end=\"1149\" \/><strong data-start=\"1149\" data-end=\"1171\">GPS ile y\u00fck takibi<\/strong>, <strong data-start=\"1173\" data-end=\"1202\">elektronik evrak y\u00f6netimi<\/strong> ve daha fazlas\u0131.<\/p><p data-start=\"1221\" data-end=\"1423\">Geni\u015f deneyimimiz ile modern teknolojiyi etkili \u015fekilde birle\u015ftirerek,<br data-start=\"1291\" data-end=\"1294\" \/><strong data-start=\"1294\" data-end=\"1325\">y\u00fcksek kaliteli ta\u015f\u0131mac\u0131l\u0131k<\/strong>, <strong data-start=\"1327\" data-end=\"1349\">zaman\u0131nda teslimat<\/strong> ve <strong data-start=\"1353\" data-end=\"1402\">uluslararas\u0131 lojistik standartlar\u0131na tam uyum<\/strong> garantisi veriyoruz.<\/p>\t\t\t\t\t\t\t\t<\/div>\n\t\t\t\t<\/div>\n\t\t\t\t\t<\/div>\n\t\t\t\t<\/div>\n\t\t\t\t<\/div>\n\t\t","protected":false},"excerpt":{"rendered":"<p>TA\u015eIMACILIK VE NAKL\u0130YE ORGAN\u0130ZASYONU Betainvest, kapsaml\u0131 bir ta\u015f\u0131mac\u0131l\u0131k ve lojistik hizmeti sunmaktad\u0131r. Karayolu, denizyolu veya havayolu fark etmeksizin, d\u00fcnyan\u0131n herhangi bir noktas\u0131na zaman\u0131nda ve sorunsuz teslimat sa\u011flamak i\u00e7in t\u00fcm detaylarla biz ilgileniyoruz.Ta\u015f\u0131mac\u0131l\u0131k ve nakliye organizasyonu; basitten karma\u015f\u0131\u011fa, k\u00fc\u00e7\u00fckten b\u00fcy\u00fc\u011fe bir\u00e7ok ad\u0131m\u0131 kapsar, ancak s\u00fcre\u00e7 genel olarak \u015fu a\u015famalardan olu\u015fur:Y\u00fck sevkiyata haz\u0131rlan\u0131r ve ta\u015f\u0131ma arac\u0131na y\u00fcklenir, [&hellip;]<\/p>\n","protected":false},"author":1,"featured_media":0,"parent":0,"menu_order":0,"comment_status":"closed","ping_status":"closed","template":"","meta":{"_acf_changed":false,"_uag_custom_page_level_css":"","site-sidebar-layout":"no-sidebar","site-content-layout":"page-builder","ast-site-content-layout":"full-width-container","site-content-style":"default","site-sidebar-style":"default","ast-global-header-display":"","ast-banner-title-visibility":"","ast-main-header-display":"","ast-hfb-above-header-display":"","ast-hfb-below-header-display":"","ast-hfb-mobile-header-display":"","site-post-title":"disabled","ast-breadcrumbs-content":"","ast-featured-img":"disabled","footer-sml-layout":"","theme-transparent-header-meta":"","adv-header-id-meta":"","stick-header-meta":"","header-above-stick-meta":"","header-main-stick-meta":"","header-below-stick-meta":"","astra-migrate-meta-layouts":"default","ast-page-background-enabled":"default","ast-page-background-meta":{"desktop":{"background-color":"var(--ast-global-color-4)","background-image":"","background-repeat":"repeat","background-position":"center center","background-size":"auto","background-attachment":"scroll","background-type":"","background-media":"","overlay-type":"","overlay-color":"","overlay-opacity":"","overlay-gradient":""},"tablet":{"background-color":"","background-image":"","background-repeat":"repeat","background-position":"center center","background-size":"auto","background-attachment":"scroll","background-type":"","background-media":"","overlay-type":"","overlay-color":"","overlay-opacity":"","overlay-gradient":""},"mobile":{"background-color":"","background-image":"","background-repeat":"repeat","background-position":"center center","background-size":"auto","background-attachment":"scroll","background-type":"","background-media":"","overlay-type":"","overlay-color":"","overlay-opacity":"","overlay-gradient":""}},"ast-content-background-meta":{"desktop":{"background-color":"var(--ast-global-color-5)","background-image":"","background-repeat":"repeat","background-position":"center center","background-size":"auto","background-attachment":"scroll","background-type":"","background-media":"","overlay-type":"","overlay-color":"","overlay-opacity":"","overlay-gradient":""},"tablet":{"background-color":"var(--ast-global-color-5)","background-image":"","background-repeat":"repeat","background-position":"center center","background-size":"auto","background-attachment":"scroll","background-type":"","background-media":"","overlay-type":"","overlay-color":"","overlay-opacity":"","overlay-gradient":""},"mobile":{"background-color":"var(--ast-global-color-5)","background-image":"","background-repeat":"repeat","background-position":"center center","background-size":"auto","background-attachment":"scroll","background-type":"","background-media":"","overlay-type":"","overlay-color":"","overlay-opacity":"","overlay-gradient":""}},"footnotes":""},"class_list":["post-3498","page","type-page","status-publish","hentry"],"acf":[],"uagb_featured_image_src":{"full":false,"thumbnail":false,"medium":false,"medium_large":false,"large":false,"1536x1536":false,"2048x2048":false},"uagb_author_info":{"display_name":"admin","author_link":"https:\/\/dev.betainvest.ee\/tr\/author\/admin\/"},"uagb_comment_info":0,"uagb_excerpt":"TA\u015eIMACILIK VE NAKL\u0130YE ORGAN\u0130ZASYONU Betainvest, kapsaml\u0131 bir ta\u015f\u0131mac\u0131l\u0131k ve lojistik hizmeti sunmaktad\u0131r. Karayolu, denizyolu veya havayolu fark etmeksizin, d\u00fcnyan\u0131n herhangi bir noktas\u0131na zaman\u0131nda ve sorunsuz teslimat sa\u011flamak i\u00e7in t\u00fcm detaylarla biz ilgileniyoruz.Ta\u015f\u0131mac\u0131l\u0131k ve nakliye organizasyonu; basitten karma\u015f\u0131\u011fa, k\u00fc\u00e7\u00fckten b\u00fcy\u00fc\u011fe bir\u00e7ok ad\u0131m\u0131 kapsar, ancak s\u00fcre\u00e7 genel olarak \u015fu a\u015famalardan olu\u015fur:Y\u00fck sevkiyata haz\u0131rlan\u0131r ve ta\u015f\u0131ma arac\u0131na y\u00fcklenir,&hellip;","_links":{"self":[{"href":"https:\/\/dev.betainvest.ee\/tr\/wp-json\/wp\/v2\/pages\/3498","targetHints":{"allow":["GET"]}}],"collection":[{"href":"https:\/\/dev.betainvest.ee\/tr\/wp-json\/wp\/v2\/pages"}],"about":[{"href":"https:\/\/dev.betainvest.ee\/tr\/wp-json\/wp\/v2\/types\/page"}],"author":[{"embeddable":true,"href":"https:\/\/dev.betainvest.ee\/tr\/wp-json\/wp\/v2\/users\/1"}],"replies":[{"embeddable":true,"href":"https:\/\/dev.betainvest.ee\/tr\/wp-json\/wp\/v2\/comments?post=3498"}],"version-history":[{"count":5,"href":"https:\/\/dev.betainvest.ee\/tr\/wp-json\/wp\/v2\/pages\/3498\/revisions"}],"predecessor-version":[{"id":3923,"href":"https:\/\/dev.betainvest.ee\/tr\/wp-json\/wp\/v2\/pages\/3498\/revisions\/3923"}],"wp:attachment":[{"href":"https:\/\/dev.betainvest.ee\/tr\/wp-json\/wp\/v2\/media?parent=3498"}],"curies":[{"name":"wp","href":"https:\/\/api.w.org\/{rel}","templated":true}]}}