{"id":3497,"date":"2025-07-20T23:56:21","date_gmt":"2025-07-20T23:56:21","guid":{"rendered":"https:\/\/betainvest.ee\/?page_id=3497"},"modified":"2025-07-24T21:25:56","modified_gmt":"2025-07-24T21:25:56","slug":"gumruklu-yuklerin-depolanmasi","status":"publish","type":"page","link":"https:\/\/dev.betainvest.ee\/tr\/gumruklu-yuklerin-depolanmasi\/","title":{"rendered":"G\u00fcmr\u00fckl\u00fc Y\u00fcklerin Depolanmas\u0131"},"content":{"rendered":"\t\t<div data-elementor-type=\"wp-page\" data-elementor-id=\"3497\" class=\"elementor elementor-3497\" data-elementor-post-type=\"page\">\n\t\t\t\t<div class=\"elementor-element elementor-element-25d8036 e-flex e-con-boxed e-con e-parent\" data-id=\"25d8036\" data-element_type=\"container\">\n\t\t\t\t\t<div class=\"e-con-inner\">\n\t\t\t\t<div class=\"elementor-element elementor-element-e885557 elementor-widget elementor-widget-heading\" data-id=\"e885557\" data-element_type=\"widget\" data-widget_type=\"heading.default\">\n\t\t\t\t<div class=\"elementor-widget-container\">\n\t\t\t\t\t<h2 class=\"elementor-heading-title elementor-size-default\">G\u00dcMR\u00dcKL\u00dc Y\u00dcKLER\u0130N DEPOLANMASI<\/h2>\t\t\t\t<\/div>\n\t\t\t\t<\/div>\n\t\t\t\t<div class=\"elementor-element elementor-element-e26a422 elementor-widget elementor-widget-text-editor\" data-id=\"e26a422\" data-element_type=\"widget\" data-widget_type=\"text-editor.default\">\n\t\t\t\t<div class=\"elementor-widget-container\">\n\t\t\t\t\t\t\t\t\t<p data-start=\"205\" data-end=\"320\"><strong data-start=\"205\" data-end=\"225\">Declarant Online<\/strong>, farkl\u0131 t\u00fcrdeki mallar i\u00e7in <strong data-start=\"254\" data-end=\"296\">depolama, kabul, sevkiyat ve elle\u00e7leme<\/strong> hizmetleri sunmaktad\u0131r.<\/p><p data-start=\"322\" data-end=\"364\">Y\u00fck\u00fcn\u00fcz\u00fc <strong data-start=\"331\" data-end=\"361\">u\u00e7tan uca biz \u00fcstleniyoruz<\/strong>:<\/p><ul data-start=\"365\" data-end=\"652\"><li data-start=\"365\" data-end=\"400\"><p data-start=\"367\" data-end=\"400\">Depoya ta\u015f\u0131ma ve depodan teslim<\/p><\/li><li data-start=\"401\" data-end=\"448\"><p data-start=\"403\" data-end=\"448\">Kabul ve sevkiyat belgelerinin haz\u0131rlanmas\u0131<\/p><\/li><li data-start=\"449\" data-end=\"478\"><p data-start=\"451\" data-end=\"478\">Uygun ko\u015fullarda depolama<\/p><\/li><li data-start=\"479\" data-end=\"549\"><p data-start=\"481\" data-end=\"549\">G\u00f6zle kontrol, etiketleme, ay\u0131rma, ambalajlama ve tart\u0131m i\u015flemleri<\/p><\/li><li data-start=\"550\" data-end=\"607\"><p data-start=\"552\" data-end=\"607\">Gerekirse y\u00fck\u00fcn yeniden paketlenmesi veya gruplanmas\u0131<\/p><\/li><li data-start=\"608\" data-end=\"652\"><p data-start=\"610\" data-end=\"652\">G\u00fcmr\u00fck i\u015flemlerinin eksiksiz y\u00fcr\u00fct\u00fclmesi<\/p><\/li><\/ul><p data-start=\"654\" data-end=\"781\">Ayr\u0131ca, y\u00fckleriniz i\u00e7in <strong data-start=\"678\" data-end=\"698\">sigorta poli\u00e7esi<\/strong> de d\u00fczenleyebiliriz \u2014 b\u00f6ylece olas\u0131 zarar risklerinden tamamen korunmu\u015f olursunuz.<\/p><p data-start=\"783\" data-end=\"988\">Letonya\u2019da sat\u0131\u015f, Avrupa d\u0131\u015f\u0131na transit veya ihracat amac\u0131yla getirilen <strong data-start=\"855\" data-end=\"923\">\u00f6zel t\u00fcketim vergisine tabi (akaryak\u0131t, alkol, t\u00fct\u00fcn vb.) mallar<\/strong>, taraf\u0131m\u0131zca <strong data-start=\"937\" data-end=\"957\">sorumlu depolama<\/strong> kapsam\u0131nda kabul edilmektedir.<\/p><p data-start=\"990\" data-end=\"1138\">AB d\u0131\u015f\u0131na ihra\u00e7 edilecek \u00fcr\u00fcn partileri i\u00e7in, <strong data-start=\"1036\" data-end=\"1063\">g\u00fcmr\u00fck vergisi erteleme<\/strong> veya <strong data-start=\"1069\" data-end=\"1092\">tam vergi muafiyeti<\/strong> i\u015flemleri konusunda da size destek veriyoruz.<\/p><p data-start=\"1140\" data-end=\"1163\">Depolama se\u00e7enekleri:<\/p><ul data-start=\"1164\" data-end=\"1223\"><li data-start=\"1164\" data-end=\"1180\"><p data-start=\"1166\" data-end=\"1180\">A\u00e7\u0131k alanlar<\/p><\/li><li data-start=\"1181\" data-end=\"1223\"><p data-start=\"1183\" data-end=\"1223\">Is\u0131tmas\u0131z veya \u0131s\u0131tmal\u0131 kapal\u0131 depolar<\/p><\/li><\/ul><p data-start=\"1225\" data-end=\"1244\">T\u00fcm tesislerimiz:<\/p><ul data-start=\"1245\" data-end=\"1351\"><li data-start=\"1245\" data-end=\"1269\"><p data-start=\"1247\" data-end=\"1269\"><strong data-start=\"1247\" data-end=\"1267\">24 saat g\u00fcvenlik<\/strong><\/p><\/li><li data-start=\"1270\" data-end=\"1301\"><p data-start=\"1272\" data-end=\"1301\"><strong data-start=\"1272\" data-end=\"1299\">Video izleme sistemleri<\/strong><\/p><\/li><li data-start=\"1302\" data-end=\"1351\"><p data-start=\"1304\" data-end=\"1351\"><strong data-start=\"1304\" data-end=\"1332\">Ara\u00e7 ve ziyaret\u00e7i takibi<\/strong> ile donat\u0131lm\u0131\u015ft\u0131r.<\/p><\/li><\/ul>\t\t\t\t\t\t\t\t<\/div>\n\t\t\t\t<\/div>\n\t\t\t\t\t<\/div>\n\t\t\t\t<\/div>\n\t\t\t\t<\/div>\n\t\t","protected":false},"excerpt":{"rendered":"<p>G\u00dcMR\u00dcKL\u00dc Y\u00dcKLER\u0130N DEPOLANMASI Declarant Online, farkl\u0131 t\u00fcrdeki mallar i\u00e7in depolama, kabul, sevkiyat ve elle\u00e7leme hizmetleri sunmaktad\u0131r. Y\u00fck\u00fcn\u00fcz\u00fc u\u00e7tan uca biz \u00fcstleniyoruz: Depoya ta\u015f\u0131ma ve depodan teslim Kabul ve sevkiyat belgelerinin haz\u0131rlanmas\u0131 Uygun ko\u015fullarda depolama G\u00f6zle kontrol, etiketleme, ay\u0131rma, ambalajlama ve tart\u0131m i\u015flemleri Gerekirse y\u00fck\u00fcn yeniden paketlenmesi veya gruplanmas\u0131 G\u00fcmr\u00fck i\u015flemlerinin eksiksiz y\u00fcr\u00fct\u00fclmesi Ayr\u0131ca, y\u00fckleriniz i\u00e7in [&hellip;]<\/p>\n","protected":false},"author":1,"featured_media":0,"parent":0,"menu_order":0,"comment_status":"closed","ping_status":"closed","template":"","meta":{"_acf_changed":false,"_uag_custom_page_level_css":"","site-sidebar-layout":"no-sidebar","site-content-layout":"page-builder","ast-site-content-layout":"full-width-container","site-content-style":"default","site-sidebar-style":"default","ast-global-header-display":"","ast-banner-title-visibility":"","ast-main-header-display":"","ast-hfb-above-header-display":"","ast-hfb-below-header-display":"","ast-hfb-mobile-header-display":"","site-post-title":"disabled","ast-breadcrumbs-content":"","ast-featured-img":"disabled","footer-sml-layout":"","theme-transparent-header-meta":"","adv-header-id-meta":"","stick-header-meta":"","header-above-stick-meta":"","header-main-stick-meta":"","header-below-stick-meta":"","astra-migrate-meta-layouts":"default","ast-page-background-enabled":"default","ast-page-background-meta":{"desktop":{"background-color":"var(--ast-global-color-4)","background-image":"","background-repeat":"repeat","background-position":"center center","background-size":"auto","background-attachment":"scroll","background-type":"","background-media":"","overlay-type":"","overlay-color":"","overlay-opacity":"","overlay-gradient":""},"tablet":{"background-color":"","background-image":"","background-repeat":"repeat","background-position":"center center","background-size":"auto","background-attachment":"scroll","background-type":"","background-media":"","overlay-type":"","overlay-color":"","overlay-opacity":"","overlay-gradient":""},"mobile":{"background-color":"","background-image":"","background-repeat":"repeat","background-position":"center center","background-size":"auto","background-attachment":"scroll","background-type":"","background-media":"","overlay-type":"","overlay-color":"","overlay-opacity":"","overlay-gradient":""}},"ast-content-background-meta":{"desktop":{"background-color":"var(--ast-global-color-5)","background-image":"","background-repeat":"repeat","background-position":"center center","background-size":"auto","background-attachment":"scroll","background-type":"","background-media":"","overlay-type":"","overlay-color":"","overlay-opacity":"","overlay-gradient":""},"tablet":{"background-color":"var(--ast-global-color-5)","background-image":"","background-repeat":"repeat","background-position":"center center","background-size":"auto","background-attachment":"scroll","background-type":"","background-media":"","overlay-type":"","overlay-color":"","overlay-opacity":"","overlay-gradient":""},"mobile":{"background-color":"var(--ast-global-color-5)","background-image":"","background-repeat":"repeat","background-position":"center center","background-size":"auto","background-attachment":"scroll","background-type":"","background-media":"","overlay-type":"","overlay-color":"","overlay-opacity":"","overlay-gradient":""}},"footnotes":""},"class_list":["post-3497","page","type-page","status-publish","hentry"],"acf":[],"uagb_featured_image_src":{"full":false,"thumbnail":false,"medium":false,"medium_large":false,"large":false,"1536x1536":false,"2048x2048":false},"uagb_author_info":{"display_name":"admin","author_link":"https:\/\/dev.betainvest.ee\/tr\/author\/admin\/"},"uagb_comment_info":0,"uagb_excerpt":"G\u00dcMR\u00dcKL\u00dc Y\u00dcKLER\u0130N DEPOLANMASI Declarant Online, farkl\u0131 t\u00fcrdeki mallar i\u00e7in depolama, kabul, sevkiyat ve elle\u00e7leme hizmetleri sunmaktad\u0131r. Y\u00fck\u00fcn\u00fcz\u00fc u\u00e7tan uca biz \u00fcstleniyoruz: Depoya ta\u015f\u0131ma ve depodan teslim Kabul ve sevkiyat belgelerinin haz\u0131rlanmas\u0131 Uygun ko\u015fullarda depolama G\u00f6zle kontrol, etiketleme, ay\u0131rma, ambalajlama ve tart\u0131m i\u015flemleri Gerekirse y\u00fck\u00fcn yeniden paketlenmesi veya gruplanmas\u0131 G\u00fcmr\u00fck i\u015flemlerinin eksiksiz y\u00fcr\u00fct\u00fclmesi Ayr\u0131ca, y\u00fckleriniz i\u00e7in&hellip;","_links":{"self":[{"href":"https:\/\/dev.betainvest.ee\/tr\/wp-json\/wp\/v2\/pages\/3497","targetHints":{"allow":["GET"]}}],"collection":[{"href":"https:\/\/dev.betainvest.ee\/tr\/wp-json\/wp\/v2\/pages"}],"about":[{"href":"https:\/\/dev.betainvest.ee\/tr\/wp-json\/wp\/v2\/types\/page"}],"author":[{"embeddable":true,"href":"https:\/\/dev.betainvest.ee\/tr\/wp-json\/wp\/v2\/users\/1"}],"replies":[{"embeddable":true,"href":"https:\/\/dev.betainvest.ee\/tr\/wp-json\/wp\/v2\/comments?post=3497"}],"version-history":[{"count":4,"href":"https:\/\/dev.betainvest.ee\/tr\/wp-json\/wp\/v2\/pages\/3497\/revisions"}],"predecessor-version":[{"id":3910,"href":"https:\/\/dev.betainvest.ee\/tr\/wp-json\/wp\/v2\/pages\/3497\/revisions\/3910"}],"wp:attachment":[{"href":"https:\/\/dev.betainvest.ee\/tr\/wp-json\/wp\/v2\/media?parent=3497"}],"curies":[{"name":"wp","href":"https:\/\/api.w.org\/{rel}","templated":true}]}}