{"id":3496,"date":"2025-07-20T23:56:21","date_gmt":"2025-07-20T23:56:21","guid":{"rendered":"https:\/\/betainvest.ee\/?page_id=3496"},"modified":"2025-07-24T17:16:31","modified_gmt":"2025-07-24T17:16:31","slug":"gumruk-vergileri-icin-on-maliyet-hesabi-sya","status":"publish","type":"page","link":"https:\/\/dev.betainvest.ee\/tr\/gumruk-vergileri-icin-on-maliyet-hesabi-sya\/","title":{"rendered":"G\u00fcmr\u00fck vergileri i\u00e7in \u00f6n maliyet hesab\u0131 sya."},"content":{"rendered":"\t\t<div data-elementor-type=\"wp-page\" data-elementor-id=\"3496\" class=\"elementor elementor-3496\" data-elementor-post-type=\"page\">\n\t\t\t\t<div class=\"elementor-element elementor-element-9bf0a7d e-flex e-con-boxed e-con e-parent\" data-id=\"9bf0a7d\" data-element_type=\"container\">\n\t\t\t\t\t<div class=\"e-con-inner\">\n\t\t\t\t<div class=\"elementor-element elementor-element-c181b87 elementor-widget elementor-widget-heading\" data-id=\"c181b87\" data-element_type=\"widget\" data-widget_type=\"heading.default\">\n\t\t\t\t<div class=\"elementor-widget-container\">\n\t\t\t\t\t<h2 class=\"elementor-heading-title elementor-size-default\">G\u00dcMR\u00dcK VERG\u0130LER\u0130N\u0130N \u00d6N HESABI<\/h2>\t\t\t\t<\/div>\n\t\t\t\t<\/div>\n\t\t\t\t\t<\/div>\n\t\t\t\t<\/div>\n\t\t<div class=\"elementor-element elementor-element-a45db9f e-flex e-con-boxed e-con e-parent\" data-id=\"a45db9f\" data-element_type=\"container\">\n\t\t\t\t\t<div class=\"e-con-inner\">\n\t\t\t\t<div class=\"elementor-element elementor-element-0b7e925 elementor-widget elementor-widget-text-editor\" data-id=\"0b7e925\" data-element_type=\"widget\" data-widget_type=\"text-editor.default\">\n\t\t\t\t<div class=\"elementor-widget-container\">\n\t\t\t\t\t\t\t\t\t<p>G\u00fcvenilir ve do\u011fru \u00f6n g\u00fcmr\u00fck vergi hesaplamas\u0131<\/p><p>Avrasya Ekonomik Birli\u011fi (AEB) g\u00fcmr\u00fck s\u0131n\u0131rlar\u0131ndan (\u00f6rne\u011fin Rusya veya Belarus\u2019tan T\u00fcrkiye\u2019ye ya da tersi y\u00f6nde) mal ge\u00e7i\u015fi yap\u0131l\u0131rken, <strong>g\u00fcmr\u00fck vergileri<\/strong> \u00f6nceden hesaplanmal\u0131d\u0131r. Bu hesaplama, <strong>g\u00fcmr\u00fck vergisi, \u00f6zel t\u00fcketim vergisi ve katma de\u011fer vergisi (KDV)<\/strong> dahil olmak \u00fczere potansiyel vergi y\u00fck\u00fcml\u00fcl\u00fcklerini kapsar.<\/p><p>Bu \u00f6n hesaplama sayesinde, y\u00fck sahibi veya ta\u015f\u0131y\u0131c\u0131, <strong>g\u00fcmr\u00fck \u00f6demeleri i\u00e7in teminat sa\u011flayabilir<\/strong>.<\/p><p>G\u00fcmr\u00fck vergi hesaplamas\u0131nda yap\u0131lacak herhangi bir hata, y\u00fck teslimat\u0131n\u0131 geciktirebilir veya tamamen engelleyebilir.<br \/>Do\u011fru bir hesaplama ise bir\u00e7ok fakt\u00f6re ba\u011fl\u0131d\u0131r:<\/p><ul><li>Mal\u0131n men\u015fei \u00fclkesi<\/li><li>Y\u00fck\u00fcn detayl\u0131 i\u00e7eri\u011fi<\/li><li>GT\u0130P kodlar\u0131n\u0131n do\u011fru se\u00e7imi vb.<\/li><\/ul><p><strong>Betainvest<\/strong> uzmanlar\u0131n\u0131n, farkl\u0131 \u00fclkelerin elektronik beyan sistemleriyle ve g\u00fcmr\u00fck vergi hesaplamalar\u0131yla ilgili <strong>uzun y\u0131llara dayanan tecr\u00fcbesi<\/strong> vard\u0131r.<br \/>Bu i\u015flemi bize emanet etti\u011finizde, t\u00fcm hesaplamalar <strong>do\u011fru, titiz ve eksiksiz<\/strong> yap\u0131l\u0131r.<br \/>Yetkili kurumlara gerekli bilgiler zaman\u0131nda ula\u015ft\u0131r\u0131l\u0131r ve <strong>y\u00fck\u00fcn\u00fcz sorunsuz \u015fekilde teslim edilir.<\/strong><\/p>\t\t\t\t\t\t\t\t<\/div>\n\t\t\t\t<\/div>\n\t\t\t\t<div class=\"elementor-element elementor-element-da9926d elementor-widget elementor-widget-image\" data-id=\"da9926d\" data-element_type=\"widget\" data-widget_type=\"image.default\">\n\t\t\t\t<div class=\"elementor-widget-container\">\n\t\t\t\t\t\t\t\t\t\t\t\t\t\t\t<img fetchpriority=\"high\" decoding=\"async\" width=\"300\" height=\"214\" src=\"https:\/\/dev.betainvest.ee\/wp-content\/uploads\/2025\/07\/photo-1460925895917-afdab827c52f-300x214.jpeg\" class=\"attachment-medium size-medium wp-image-3885\" alt=\"\" srcset=\"https:\/\/dev.betainvest.ee\/wp-content\/uploads\/2025\/07\/photo-1460925895917-afdab827c52f-300x214.jpeg 300w, https:\/\/dev.betainvest.ee\/wp-content\/uploads\/2025\/07\/photo-1460925895917-afdab827c52f-1024x729.jpeg 1024w, https:\/\/dev.betainvest.ee\/wp-content\/uploads\/2025\/07\/photo-1460925895917-afdab827c52f-768x547.jpeg 768w, https:\/\/dev.betainvest.ee\/wp-content\/uploads\/2025\/07\/photo-1460925895917-afdab827c52f-1536x1094.jpeg 1536w, https:\/\/dev.betainvest.ee\/wp-content\/uploads\/2025\/07\/photo-1460925895917-afdab827c52f-2048x1458.jpeg 2048w\" sizes=\"(max-width: 300px) 100vw, 300px\" \/>\t\t\t\t\t\t\t\t\t\t\t\t\t\t\t<\/div>\n\t\t\t\t<\/div>\n\t\t\t\t\t<\/div>\n\t\t\t\t<\/div>\n\t\t\t\t<\/div>\n\t\t","protected":false},"excerpt":{"rendered":"<p>G\u00dcMR\u00dcK VERG\u0130LER\u0130N\u0130N \u00d6N HESABI G\u00fcvenilir ve do\u011fru \u00f6n g\u00fcmr\u00fck vergi hesaplamas\u0131 Avrasya Ekonomik Birli\u011fi (AEB) g\u00fcmr\u00fck s\u0131n\u0131rlar\u0131ndan (\u00f6rne\u011fin Rusya veya Belarus\u2019tan T\u00fcrkiye\u2019ye ya da tersi y\u00f6nde) mal ge\u00e7i\u015fi yap\u0131l\u0131rken, g\u00fcmr\u00fck vergileri \u00f6nceden hesaplanmal\u0131d\u0131r. Bu hesaplama, g\u00fcmr\u00fck vergisi, \u00f6zel t\u00fcketim vergisi ve katma de\u011fer vergisi (KDV) dahil olmak \u00fczere potansiyel vergi y\u00fck\u00fcml\u00fcl\u00fcklerini kapsar. Bu \u00f6n hesaplama [&hellip;]<\/p>\n","protected":false},"author":1,"featured_media":0,"parent":0,"menu_order":0,"comment_status":"closed","ping_status":"closed","template":"","meta":{"_acf_changed":false,"_uag_custom_page_level_css":"","site-sidebar-layout":"no-sidebar","site-content-layout":"page-builder","ast-site-content-layout":"full-width-container","site-content-style":"default","site-sidebar-style":"default","ast-global-header-display":"","ast-banner-title-visibility":"","ast-main-header-display":"","ast-hfb-above-header-display":"","ast-hfb-below-header-display":"","ast-hfb-mobile-header-display":"","site-post-title":"disabled","ast-breadcrumbs-content":"","ast-featured-img":"disabled","footer-sml-layout":"","theme-transparent-header-meta":"","adv-header-id-meta":"","stick-header-meta":"","header-above-stick-meta":"","header-main-stick-meta":"","header-below-stick-meta":"","astra-migrate-meta-layouts":"default","ast-page-background-enabled":"default","ast-page-background-meta":{"desktop":{"background-color":"var(--ast-global-color-4)","background-image":"","background-repeat":"repeat","background-position":"center center","background-size":"auto","background-attachment":"scroll","background-type":"","background-media":"","overlay-type":"","overlay-color":"","overlay-opacity":"","overlay-gradient":""},"tablet":{"background-color":"","background-image":"","background-repeat":"repeat","background-position":"center center","background-size":"auto","background-attachment":"scroll","background-type":"","background-media":"","overlay-type":"","overlay-color":"","overlay-opacity":"","overlay-gradient":""},"mobile":{"background-color":"","background-image":"","background-repeat":"repeat","background-position":"center center","background-size":"auto","background-attachment":"scroll","background-type":"","background-media":"","overlay-type":"","overlay-color":"","overlay-opacity":"","overlay-gradient":""}},"ast-content-background-meta":{"desktop":{"background-color":"var(--ast-global-color-5)","background-image":"","background-repeat":"repeat","background-position":"center center","background-size":"auto","background-attachment":"scroll","background-type":"","background-media":"","overlay-type":"","overlay-color":"","overlay-opacity":"","overlay-gradient":""},"tablet":{"background-color":"var(--ast-global-color-5)","background-image":"","background-repeat":"repeat","background-position":"center center","background-size":"auto","background-attachment":"scroll","background-type":"","background-media":"","overlay-type":"","overlay-color":"","overlay-opacity":"","overlay-gradient":""},"mobile":{"background-color":"var(--ast-global-color-5)","background-image":"","background-repeat":"repeat","background-position":"center center","background-size":"auto","background-attachment":"scroll","background-type":"","background-media":"","overlay-type":"","overlay-color":"","overlay-opacity":"","overlay-gradient":""}},"footnotes":""},"class_list":["post-3496","page","type-page","status-publish","hentry"],"acf":[],"uagb_featured_image_src":{"full":false,"thumbnail":false,"medium":false,"medium_large":false,"large":false,"1536x1536":false,"2048x2048":false},"uagb_author_info":{"display_name":"admin","author_link":"https:\/\/dev.betainvest.ee\/tr\/author\/admin\/"},"uagb_comment_info":0,"uagb_excerpt":"G\u00dcMR\u00dcK VERG\u0130LER\u0130N\u0130N \u00d6N HESABI G\u00fcvenilir ve do\u011fru \u00f6n g\u00fcmr\u00fck vergi hesaplamas\u0131 Avrasya Ekonomik Birli\u011fi (AEB) g\u00fcmr\u00fck s\u0131n\u0131rlar\u0131ndan (\u00f6rne\u011fin Rusya veya Belarus\u2019tan T\u00fcrkiye\u2019ye ya da tersi y\u00f6nde) mal ge\u00e7i\u015fi yap\u0131l\u0131rken, g\u00fcmr\u00fck vergileri \u00f6nceden hesaplanmal\u0131d\u0131r. Bu hesaplama, g\u00fcmr\u00fck vergisi, \u00f6zel t\u00fcketim vergisi ve katma de\u011fer vergisi (KDV) dahil olmak \u00fczere potansiyel vergi y\u00fck\u00fcml\u00fcl\u00fcklerini kapsar. Bu \u00f6n hesaplama&hellip;","_links":{"self":[{"href":"https:\/\/dev.betainvest.ee\/tr\/wp-json\/wp\/v2\/pages\/3496","targetHints":{"allow":["GET"]}}],"collection":[{"href":"https:\/\/dev.betainvest.ee\/tr\/wp-json\/wp\/v2\/pages"}],"about":[{"href":"https:\/\/dev.betainvest.ee\/tr\/wp-json\/wp\/v2\/types\/page"}],"author":[{"embeddable":true,"href":"https:\/\/dev.betainvest.ee\/tr\/wp-json\/wp\/v2\/users\/1"}],"replies":[{"embeddable":true,"href":"https:\/\/dev.betainvest.ee\/tr\/wp-json\/wp\/v2\/comments?post=3496"}],"version-history":[{"count":10,"href":"https:\/\/dev.betainvest.ee\/tr\/wp-json\/wp\/v2\/pages\/3496\/revisions"}],"predecessor-version":[{"id":3894,"href":"https:\/\/dev.betainvest.ee\/tr\/wp-json\/wp\/v2\/pages\/3496\/revisions\/3894"}],"wp:attachment":[{"href":"https:\/\/dev.betainvest.ee\/tr\/wp-json\/wp\/v2\/media?parent=3496"}],"curies":[{"name":"wp","href":"https:\/\/api.w.org\/{rel}","templated":true}]}}