{"id":3494,"date":"2025-07-20T23:56:21","date_gmt":"2025-07-20T23:56:21","guid":{"rendered":"https:\/\/betainvest.ee\/?page_id=3494"},"modified":"2025-07-24T10:44:10","modified_gmt":"2025-07-24T10:44:10","slug":"elektronik-on-bilgilendirme-belarus","status":"publish","type":"page","link":"https:\/\/dev.betainvest.ee\/tr\/elektronik-on-bilgilendirme-belarus\/","title":{"rendered":"Elektronik \u00d6n Bilgilendirme -Belarus"},"content":{"rendered":"\t\t<div data-elementor-type=\"wp-page\" data-elementor-id=\"3494\" class=\"elementor elementor-3494\" data-elementor-post-type=\"page\">\n\t\t\t\t<div class=\"elementor-element elementor-element-c4bbede e-flex e-con-boxed e-con e-parent\" data-id=\"c4bbede\" data-element_type=\"container\">\n\t\t\t\t\t<div class=\"e-con-inner\">\n\t\t\t\t<div class=\"elementor-element elementor-element-b207884 elementor-widget elementor-widget-heading\" data-id=\"b207884\" data-element_type=\"widget\" data-widget_type=\"heading.default\">\n\t\t\t\t<div class=\"elementor-widget-container\">\n\t\t\t\t\t<h2 class=\"elementor-heading-title elementor-size-default\">ELEKTRON\u0130K \u00d6NCEDEN B\u0130LG\u0130LEND\u0130RME (E\u00d6B) \u2013 BELARUS<\/h2>\t\t\t\t<\/div>\n\t\t\t\t<\/div>\n\t\t\t\t<div class=\"elementor-element elementor-element-eca90e3 elementor-widget elementor-widget-text-editor\" data-id=\"eca90e3\" data-element_type=\"widget\" data-widget_type=\"text-editor.default\">\n\t\t\t\t<div class=\"elementor-widget-container\">\n\t\t\t\t\t\t\t\t\t<p data-start=\"136\" data-end=\"234\">Belarus Cumhuriyeti topraklar\u0131nda elektronik \u00f6nceden bilgilendirme (E\u00d6B) i\u015flemlerinin d\u00fczenlenmesi<\/p><p data-start=\"236\" data-end=\"501\"><strong data-start=\"236\" data-end=\"270\">Avrasya Ekonomik Birli\u011fi (AEB)<\/strong> \u00fcye \u00fclkelerine kara veya demir yolu ile mal ithalat\u0131 yap\u0131l\u0131rken, g\u00fcmr\u00fck makamlar\u0131na <strong data-start=\"355\" data-end=\"397\">elektronik \u00f6nceden bilgilendirme (E\u00d6B)<\/strong> g\u00f6nderilmesi zorunludur. <strong data-start=\"423\" data-end=\"446\">Belarus Cumhuriyeti<\/strong>, AEB \u00fcyesi oldu\u011fu i\u00e7in E\u00d6B sistemini desteklemektedir.<\/p><p data-start=\"503\" data-end=\"800\">Ta\u015f\u0131mac\u0131, lojistik firmas\u0131 veya yetkili bir temsilci, AEB topraklar\u0131na getirilecek y\u00fck ve ta\u015f\u0131ma hakk\u0131nda detayl\u0131 bilgileri \u00f6nceden g\u00fcmr\u00fck makamlar\u0131na iletir. G\u00fcmr\u00fck kurumu, bildirim ba\u015fvurusuna bireysel bir <strong data-start=\"711\" data-end=\"727\">E\u00d6B numaras\u0131<\/strong> tahsis eder. Bu sistem, g\u00fcmr\u00fck i\u015flemlerini kolayla\u015ft\u0131r\u0131r ve h\u0131zland\u0131r\u0131r.<\/p><p data-start=\"802\" data-end=\"1189\"><strong data-start=\"802\" data-end=\"816\">Betainvest<\/strong>, Belarus&#8217;a giri\u015f yapan y\u00fckleriniz i\u00e7in E\u00d6B d\u00fczenlemesini h\u0131zl\u0131 ve profesyonel bi\u00e7imde ger\u00e7ekle\u015ftirecektir.<br data-start=\"923\" data-end=\"926\" \/>S\u00fcr\u00fcc\u00fcn\u00fcz g\u00fcmr\u00fck kontrol noktas\u0131na vard\u0131\u011f\u0131nda, kendisine \u00f6nceden <strong data-start=\"991\" data-end=\"1034\">SMS olarak g\u00f6nderdi\u011fimiz E\u00d6B numaras\u0131n\u0131<\/strong> ibraz eder.<br data-start=\"1046\" data-end=\"1049\" \/>G\u00fcmr\u00fck memuru bu numarayla y\u00fck bilgisini sistemde bulur, s\u00fcr\u00fcc\u00fcn\u00fcn belgeleriyle kar\u015f\u0131la\u015ft\u0131r\u0131r ve bir sorun yoksa i\u015flemler derhal tamamlan\u0131r.<\/p><h4 data-start=\"1191\" data-end=\"1250\">Belarus i\u00e7in E\u00d6B d\u00fczenlemek amac\u0131yla gerekli belgeler:<\/h4><table data-start=\"1251\" data-end=\"2358\"><thead data-start=\"1251\" data-end=\"1362\"><tr data-start=\"1251\" data-end=\"1362\"><td><p><strong>Belge Ad\u0131<\/strong><\/p><\/td><td><p><strong>A\u00e7\u0131klama<\/strong><\/p><\/td><\/tr><\/thead><tbody><tr data-start=\"1475\" data-end=\"1585\"><td data-start=\"1475\" data-end=\"1510\" data-col-size=\"sm\"><p>TIR<\/p><\/td><td data-col-size=\"md\" data-start=\"1510\" data-end=\"1585\"><p>Uluslararas\u0131 karayolu ta\u015f\u0131mac\u0131l\u0131\u011f\u0131 i\u00e7in TIR karnesi<\/p><\/td><\/tr><tr data-start=\"1586\" data-end=\"1696\"><td data-start=\"1586\" data-end=\"1621\" data-col-size=\"sm\"><p>CMR<\/p><\/td><td data-col-size=\"md\" data-start=\"1621\" data-end=\"1696\"><p>Uluslararas\u0131 ta\u015f\u0131ma senedi<\/p><\/td><\/tr><tr data-start=\"1697\" data-end=\"1807\"><td data-start=\"1697\" data-end=\"1732\" data-col-size=\"sm\"><p>Fatura (INVOICE)<\/p><\/td><td data-col-size=\"md\" data-start=\"1732\" data-end=\"1807\"><p>Ticari fatura<\/p><\/td><\/tr><tr data-start=\"1808\" data-end=\"1917\"><td data-start=\"1808\" data-end=\"1842\" data-col-size=\"sm\"><p>Paketleme listesi (Packing list)<\/p><\/td><td data-col-size=\"md\" data-start=\"1842\" data-end=\"1917\"><p>Ambalaj listesi<\/p><\/td><\/tr><tr data-start=\"1918\" data-end=\"2027\"><td data-start=\"1918\" data-end=\"1952\" data-col-size=\"sm\"><p>Teknik pasaportlar<\/p><\/td><td data-col-size=\"md\" data-start=\"1952\" data-end=\"2027\"><p>Ara\u00e7 ve r\u00f6morka ait teknik belgeler<\/p><\/td><\/tr><tr data-start=\"2028\" data-end=\"2138\"><td data-start=\"2028\" data-end=\"2063\" data-col-size=\"sm\"><p>S\u00fcr\u00fcc\u00fc pasaportu<\/p><\/td><td data-col-size=\"md\" data-start=\"2063\" data-end=\"2138\">\u00a0<\/td><\/tr><tr data-start=\"2139\" data-end=\"2248\"><td data-start=\"2139\" data-end=\"2173\" data-col-size=\"sm\"><p>G\u00fcmr\u00fck ta\u015f\u0131y\u0131c\u0131s\u0131 sertifikas\u0131<\/p><\/td><td data-col-size=\"md\" data-start=\"2173\" data-end=\"2248\"><p>Varsa<\/p><\/td><\/tr><tr data-start=\"2249\" data-end=\"2358\"><td data-start=\"2249\" data-end=\"2283\" data-col-size=\"sm\"><p>M\u00fch\u00fcrleme izin belgesi<\/p><\/td><td data-col-size=\"md\" data-start=\"2283\" data-end=\"2358\">\u00a0<\/td><\/tr><\/tbody><\/table><h4>Ek olarak gerekli bilgiler:<\/h4><ul><li data-start=\"2395\" data-end=\"2416\">S\u0131n\u0131r kap\u0131s\u0131n\u0131n ad\u0131<\/li><li data-start=\"2419\" data-end=\"2452\">S\u00fcr\u00fcc\u00fcn\u00fcn cep telefonu numaras\u0131<\/li><li data-start=\"2455\" data-end=\"2496\">S\u00fcr\u00fcc\u00fcn\u00fcn s\u0131n\u0131rda olaca\u011f\u0131 tahmini zaman<\/li><\/ul>\t\t\t\t\t\t\t\t<\/div>\n\t\t\t\t<\/div>\n\t\t\t\t\t<\/div>\n\t\t\t\t<\/div>\n\t\t\t\t<\/div>\n\t\t","protected":false},"excerpt":{"rendered":"<p>ELEKTRON\u0130K \u00d6NCEDEN B\u0130LG\u0130LEND\u0130RME (E\u00d6B) \u2013 BELARUS Belarus Cumhuriyeti topraklar\u0131nda elektronik \u00f6nceden bilgilendirme (E\u00d6B) i\u015flemlerinin d\u00fczenlenmesi Avrasya Ekonomik Birli\u011fi (AEB) \u00fcye \u00fclkelerine kara veya demir yolu ile mal ithalat\u0131 yap\u0131l\u0131rken, g\u00fcmr\u00fck makamlar\u0131na elektronik \u00f6nceden bilgilendirme (E\u00d6B) g\u00f6nderilmesi zorunludur. Belarus Cumhuriyeti, AEB \u00fcyesi oldu\u011fu i\u00e7in E\u00d6B sistemini desteklemektedir. Ta\u015f\u0131mac\u0131, lojistik firmas\u0131 veya yetkili bir temsilci, AEB topraklar\u0131na [&hellip;]<\/p>\n","protected":false},"author":1,"featured_media":0,"parent":0,"menu_order":0,"comment_status":"closed","ping_status":"closed","template":"","meta":{"_acf_changed":false,"_uag_custom_page_level_css":"","site-sidebar-layout":"no-sidebar","site-content-layout":"page-builder","ast-site-content-layout":"full-width-container","site-content-style":"default","site-sidebar-style":"default","ast-global-header-display":"","ast-banner-title-visibility":"","ast-main-header-display":"","ast-hfb-above-header-display":"","ast-hfb-below-header-display":"","ast-hfb-mobile-header-display":"","site-post-title":"disabled","ast-breadcrumbs-content":"","ast-featured-img":"disabled","footer-sml-layout":"","theme-transparent-header-meta":"","adv-header-id-meta":"","stick-header-meta":"","header-above-stick-meta":"","header-main-stick-meta":"","header-below-stick-meta":"","astra-migrate-meta-layouts":"default","ast-page-background-enabled":"default","ast-page-background-meta":{"desktop":{"background-color":"var(--ast-global-color-4)","background-image":"","background-repeat":"repeat","background-position":"center center","background-size":"auto","background-attachment":"scroll","background-type":"","background-media":"","overlay-type":"","overlay-color":"","overlay-opacity":"","overlay-gradient":""},"tablet":{"background-color":"","background-image":"","background-repeat":"repeat","background-position":"center center","background-size":"auto","background-attachment":"scroll","background-type":"","background-media":"","overlay-type":"","overlay-color":"","overlay-opacity":"","overlay-gradient":""},"mobile":{"background-color":"","background-image":"","background-repeat":"repeat","background-position":"center center","background-size":"auto","background-attachment":"scroll","background-type":"","background-media":"","overlay-type":"","overlay-color":"","overlay-opacity":"","overlay-gradient":""}},"ast-content-background-meta":{"desktop":{"background-color":"var(--ast-global-color-5)","background-image":"","background-repeat":"repeat","background-position":"center center","background-size":"auto","background-attachment":"scroll","background-type":"","background-media":"","overlay-type":"","overlay-color":"","overlay-opacity":"","overlay-gradient":""},"tablet":{"background-color":"var(--ast-global-color-5)","background-image":"","background-repeat":"repeat","background-position":"center center","background-size":"auto","background-attachment":"scroll","background-type":"","background-media":"","overlay-type":"","overlay-color":"","overlay-opacity":"","overlay-gradient":""},"mobile":{"background-color":"var(--ast-global-color-5)","background-image":"","background-repeat":"repeat","background-position":"center center","background-size":"auto","background-attachment":"scroll","background-type":"","background-media":"","overlay-type":"","overlay-color":"","overlay-opacity":"","overlay-gradient":""}},"footnotes":""},"class_list":["post-3494","page","type-page","status-publish","hentry"],"acf":[],"uagb_featured_image_src":{"full":false,"thumbnail":false,"medium":false,"medium_large":false,"large":false,"1536x1536":false,"2048x2048":false},"uagb_author_info":{"display_name":"admin","author_link":"https:\/\/dev.betainvest.ee\/tr\/author\/admin\/"},"uagb_comment_info":0,"uagb_excerpt":"ELEKTRON\u0130K \u00d6NCEDEN B\u0130LG\u0130LEND\u0130RME (E\u00d6B) \u2013 BELARUS Belarus Cumhuriyeti topraklar\u0131nda elektronik \u00f6nceden bilgilendirme (E\u00d6B) i\u015flemlerinin d\u00fczenlenmesi Avrasya Ekonomik Birli\u011fi (AEB) \u00fcye \u00fclkelerine kara veya demir yolu ile mal ithalat\u0131 yap\u0131l\u0131rken, g\u00fcmr\u00fck makamlar\u0131na elektronik \u00f6nceden bilgilendirme (E\u00d6B) g\u00f6nderilmesi zorunludur. Belarus Cumhuriyeti, AEB \u00fcyesi oldu\u011fu i\u00e7in E\u00d6B sistemini desteklemektedir. Ta\u015f\u0131mac\u0131, lojistik firmas\u0131 veya yetkili bir temsilci, AEB topraklar\u0131na&hellip;","_links":{"self":[{"href":"https:\/\/dev.betainvest.ee\/tr\/wp-json\/wp\/v2\/pages\/3494","targetHints":{"allow":["GET"]}}],"collection":[{"href":"https:\/\/dev.betainvest.ee\/tr\/wp-json\/wp\/v2\/pages"}],"about":[{"href":"https:\/\/dev.betainvest.ee\/tr\/wp-json\/wp\/v2\/types\/page"}],"author":[{"embeddable":true,"href":"https:\/\/dev.betainvest.ee\/tr\/wp-json\/wp\/v2\/users\/1"}],"replies":[{"embeddable":true,"href":"https:\/\/dev.betainvest.ee\/tr\/wp-json\/wp\/v2\/comments?post=3494"}],"version-history":[{"count":4,"href":"https:\/\/dev.betainvest.ee\/tr\/wp-json\/wp\/v2\/pages\/3494\/revisions"}],"predecessor-version":[{"id":3874,"href":"https:\/\/dev.betainvest.ee\/tr\/wp-json\/wp\/v2\/pages\/3494\/revisions\/3874"}],"wp:attachment":[{"href":"https:\/\/dev.betainvest.ee\/tr\/wp-json\/wp\/v2\/media?parent=3494"}],"curies":[{"name":"wp","href":"https:\/\/api.w.org\/{rel}","templated":true}]}}