{"id":3493,"date":"2025-07-20T23:56:21","date_gmt":"2025-07-20T23:56:21","guid":{"rendered":"https:\/\/betainvest.ee\/?page_id=3493"},"modified":"2025-07-25T00:44:04","modified_gmt":"2025-07-25T00:44:04","slug":"elektronik-transit-beyannamesi-belarus","status":"publish","type":"page","link":"https:\/\/dev.betainvest.ee\/tr\/elektronik-transit-beyannamesi-belarus\/","title":{"rendered":"Elektronik Transit Beyannamesi &#8211; Belarus"},"content":{"rendered":"\t\t<div data-elementor-type=\"wp-page\" data-elementor-id=\"3493\" class=\"elementor elementor-3493\" data-elementor-post-type=\"page\">\n\t\t\t\t<div class=\"elementor-element elementor-element-3643803 e-flex e-con-boxed e-con e-parent\" data-id=\"3643803\" data-element_type=\"container\">\n\t\t\t\t\t<div class=\"e-con-inner\">\n\t\t\t\t<div class=\"elementor-element elementor-element-7eabd70 elementor-widget elementor-widget-heading\" data-id=\"7eabd70\" data-element_type=\"widget\" data-widget_type=\"heading.default\">\n\t\t\t\t<div class=\"elementor-widget-container\">\n\t\t\t\t\t<h2 class=\"elementor-heading-title elementor-size-default\">BEYAZ RUSYA CUMHUR\u0130YET\u0130\u2019NDE G\u00dcMR\u00dcK VERG\u0130LER\u0130N\u0130N \u00d6DENMES\u0130NE Y\u00d6NEL\u0130K TEM\u0130NAT H\u0130ZMET\u0130<\/h2>\t\t\t\t<\/div>\n\t\t\t\t<\/div>\n\t\t\t\t\t<\/div>\n\t\t\t\t<\/div>\n\t\t<div class=\"elementor-element elementor-element-a2c507b e-flex e-con-boxed e-con e-parent\" data-id=\"a2c507b\" data-element_type=\"container\">\n\t\t\t\t\t<div class=\"e-con-inner\">\n\t\t\t\t<div class=\"elementor-element elementor-element-b22c5ff elementor-widget elementor-widget-text-editor\" data-id=\"b22c5ff\" data-element_type=\"widget\" data-widget_type=\"text-editor.default\">\n\t\t\t\t<div class=\"elementor-widget-container\">\n\t\t\t\t\t\t\t\t\t<p data-start=\"233\" data-end=\"382\"><strong data-start=\"233\" data-end=\"260\">BEYAZ RUSYA CUMHUR\u0130YET\u0130<\/strong> topraklar\u0131nda mal ta\u015f\u0131mas\u0131 s\u0131ras\u0131nda g\u00fcmr\u00fck vergileri ve har\u00e7lar\u0131n \u00f6denmesine ili\u015fkin teminat\u0131n d\u00fczenlenmesi ve sunulmas\u0131<\/p><p data-start=\"384\" data-end=\"666\">Avrasya Ekonomik Birli\u011fi (AEB) \u00fcyesi olan <strong data-start=\"426\" data-end=\"453\">BEYAZ RUSYA CUMHUR\u0130YET\u0130<\/strong> topraklar\u0131nda yabanc\u0131 y\u00fcklerin ta\u015f\u0131nmas\u0131nda <strong data-start=\"498\" data-end=\"526\">g\u00fcmr\u00fck transit prosed\u00fcr\u00fc<\/strong> uygulan\u0131r. Bu s\u00fcre\u00e7te ta\u015f\u0131y\u0131c\u0131dan veya mal sahibinden <strong data-start=\"581\" data-end=\"641\">g\u00fcmr\u00fck vergileri ve har\u00e7lar\u0131n\u0131n \u00f6denece\u011fine dair teminat<\/strong> sa\u011flanmas\u0131 talep edilir.<\/p><p data-start=\"668\" data-end=\"809\"><strong data-start=\"668\" data-end=\"687\">TEM\u0130NAT Y\u00d6NTEM\u0130<\/strong> \u2013 G\u00fcmr\u00fck vergileri ve har\u00e7lar\u0131n\u0131n \u00f6denmesini garanti alt\u0131na alan bir <strong data-start=\"757\" data-end=\"780\">teminat sertifikas\u0131<\/strong> kullan\u0131larak kefalet y\u00f6ntemi<\/p><p data-start=\"811\" data-end=\"1183\"><strong data-start=\"811\" data-end=\"830\">Kefalet hizmeti<\/strong>, \u015firketlerin kendi i\u015fletme sermayelerini dondurmalar\u0131na, banka teminat\u0131 almalar\u0131na ya da varl\u0131klar\u0131n\u0131 teminat g\u00f6stermelerine gerek kalmadan pratik bir \u00e7\u00f6z\u00fcm sunar.<br data-start=\"994\" data-end=\"997\" \/>G\u00fcn\u00fcm\u00fczde, <strong data-start=\"1008\" data-end=\"1057\">g\u00fcmr\u00fck teminat sertifikas\u0131 elektronik ortamda<\/strong> d\u00fczenlenebilir. Sertifikan\u0131n <strong data-start=\"1087\" data-end=\"1107\">bas\u0131l\u0131 versiyonu<\/strong>, s\u00fcr\u00fcc\u00fc taraf\u0131ndan <strong data-start=\"1127\" data-end=\"1175\">AB s\u0131n\u0131rlar\u0131 i\u00e7indeki bir teslim noktas\u0131ndan<\/strong> al\u0131n\u0131r.<\/p><ul><li data-start=\"1187\" data-end=\"1274\"><strong data-start=\"1187\" data-end=\"1214\">Transit A\u00e7\u0131l\u0131\u015f Noktas\u0131:<\/strong> Beyaz Rusya Cumhuriyeti\u2019ndeki herhangi bir g\u00fcmr\u00fck noktas\u0131<\/li><li data-start=\"1277\" data-end=\"1410\"><strong data-start=\"1277\" data-end=\"1305\">Transit Kapan\u0131\u015f Noktas\u0131:<\/strong> AEB \u00fcyesi \u00fclkelerden herhangi birinde (Rusya, Belarus, Kazakistan, K\u0131rg\u0131zistan) bulunan g\u00fcmr\u00fck noktas\u0131<\/li><\/ul><h4 data-start=\"1412\" data-end=\"1471\">Beyaz Rusya i\u00e7in teminat d\u00fczenlemede gerekli belgeler:<\/h4><table data-start=\"1473\" data-end=\"2567\"><thead data-start=\"1473\" data-end=\"1582\"><tr data-start=\"1473\" data-end=\"1582\"><td><p><strong>Belge Ad\u0131<\/strong><\/p><\/td><td><p><strong>A\u00e7\u0131klama<\/strong><\/p><\/td><\/tr><\/thead><tbody><tr data-start=\"1693\" data-end=\"1802\"><td data-start=\"1693\" data-end=\"1726\" data-col-size=\"sm\"><p>CMR<\/p><\/td><td data-col-size=\"md\" data-start=\"1726\" data-end=\"1802\"><p>Uluslararas\u0131 ta\u015f\u0131ma senedi<\/p><\/td><\/tr><tr data-start=\"1803\" data-end=\"1911\"><td data-start=\"1803\" data-end=\"1836\" data-col-size=\"sm\"><p>Fatura (INVOICE)<\/p><\/td><td data-col-size=\"md\" data-start=\"1836\" data-end=\"1911\"><p>Ticari fatura \/ sat\u0131\u015f belgesi \/ \u00fcr\u00fcn a\u00e7\u0131klamas\u0131 (Rus\u00e7a olarak)<\/p><\/td><\/tr><tr data-start=\"1912\" data-end=\"2021\"><td data-start=\"1912\" data-end=\"1946\" data-col-size=\"sm\"><p>Paketleme listesi (Packing list)<\/p><\/td><td data-col-size=\"md\" data-start=\"1946\" data-end=\"2021\"><p>Ambalaj listesi<\/p><\/td><\/tr><tr data-start=\"2022\" data-end=\"2130\"><td data-start=\"2022\" data-end=\"2055\" data-col-size=\"sm\"><p>Teknik belgeler<\/p><\/td><td data-col-size=\"md\" data-start=\"2055\" data-end=\"2130\"><p>Ara\u00e7 ve r\u00f6morkun teknik belgeleri \/ STS\u2019ler veya vin ve plaka bilgileri<\/p><\/td><\/tr><tr data-start=\"2131\" data-end=\"2239\"><td data-start=\"2131\" data-end=\"2164\" data-col-size=\"sm\"><p>S\u00fcr\u00fcc\u00fc pasaportu<\/p><\/td><td data-col-size=\"md\" data-start=\"2164\" data-end=\"2239\"><p>Ta\u015f\u0131may\u0131 ger\u00e7ekle\u015ftiren s\u00fcr\u00fcc\u00fcn\u00fcn kimlik bilgileri<\/p><\/td><\/tr><tr data-start=\"2240\" data-end=\"2348\"><td data-start=\"2240\" data-end=\"2273\" data-col-size=\"sm\"><p>TIR Karnesi (gerekti\u011finde)<\/p><\/td><td data-col-size=\"md\" data-start=\"2273\" data-end=\"2348\"><p>Uluslararas\u0131 karayolu ta\u015f\u0131mac\u0131l\u0131\u011f\u0131 i\u00e7in TIR defteri<\/p><\/td><\/tr><tr data-start=\"2349\" data-end=\"2457\"><td data-start=\"2349\" data-end=\"2382\" data-col-size=\"sm\"><p>Spesifikasyon (gerekti\u011finde)<\/p><\/td><td data-col-size=\"md\" data-start=\"2382\" data-end=\"2457\"><p>GT\u0130P kodlar\u0131, \u00fcr\u00fcn a\u011f\u0131rl\u0131\u011f\u0131 ve maliyet d\u00f6k\u00fcm\u00fcyle birlikte<\/p><\/td><\/tr><tr data-start=\"2458\" data-end=\"2567\"><td data-start=\"2458\" data-end=\"2491\" data-col-size=\"sm\"><p>G\u00fcmr\u00fck ta\u015f\u0131y\u0131c\u0131s\u0131 belgesi<\/p><\/td><td data-col-size=\"md\" data-start=\"2491\" data-end=\"2567\"><p>Varsa<\/p><\/td><\/tr><\/tbody><\/table><h3>H\u0130ZMET BEDEL\u0130 \u2013 Teminat tutar\u0131na ve transit mesafeye g\u00f6re de\u011fi\u015fir<\/h3><p data-start=\"2641\" data-end=\"2672\"><em><strong data-start=\"2641\" data-end=\"2672\">Ek olarak gerekli bilgiler:<\/strong><\/em><\/p><ul><li data-start=\"2675\" data-end=\"2696\">S\u0131n\u0131r kap\u0131s\u0131n\u0131n ad\u0131<\/li><li data-start=\"2699\" data-end=\"2732\">S\u00fcr\u00fcc\u00fcn\u00fcn cep telefonu numaras\u0131<\/li><li data-start=\"2735\" data-end=\"2774\">S\u00fcr\u00fcc\u00fcn\u00fcn s\u0131n\u0131rda olaca\u011f\u0131 tahmini zaman<\/li><\/ul>\t\t\t\t\t\t\t\t<\/div>\n\t\t\t\t<\/div>\n\t\t\t\t\t<\/div>\n\t\t\t\t<\/div>\n\t\t\t\t<\/div>\n\t\t","protected":false},"excerpt":{"rendered":"<p>BEYAZ RUSYA CUMHUR\u0130YET\u0130\u2019NDE G\u00dcMR\u00dcK VERG\u0130LER\u0130N\u0130N \u00d6DENMES\u0130NE Y\u00d6NEL\u0130K TEM\u0130NAT H\u0130ZMET\u0130 BEYAZ RUSYA CUMHUR\u0130YET\u0130 topraklar\u0131nda mal ta\u015f\u0131mas\u0131 s\u0131ras\u0131nda g\u00fcmr\u00fck vergileri ve har\u00e7lar\u0131n \u00f6denmesine ili\u015fkin teminat\u0131n d\u00fczenlenmesi ve sunulmas\u0131 Avrasya Ekonomik Birli\u011fi (AEB) \u00fcyesi olan BEYAZ RUSYA CUMHUR\u0130YET\u0130 topraklar\u0131nda yabanc\u0131 y\u00fcklerin ta\u015f\u0131nmas\u0131nda g\u00fcmr\u00fck transit prosed\u00fcr\u00fc uygulan\u0131r. Bu s\u00fcre\u00e7te ta\u015f\u0131y\u0131c\u0131dan veya mal sahibinden g\u00fcmr\u00fck vergileri ve har\u00e7lar\u0131n\u0131n \u00f6denece\u011fine dair [&hellip;]<\/p>\n","protected":false},"author":1,"featured_media":0,"parent":0,"menu_order":0,"comment_status":"closed","ping_status":"closed","template":"","meta":{"_acf_changed":false,"_uag_custom_page_level_css":"","site-sidebar-layout":"no-sidebar","site-content-layout":"page-builder","ast-site-content-layout":"full-width-container","site-content-style":"default","site-sidebar-style":"default","ast-global-header-display":"","ast-banner-title-visibility":"","ast-main-header-display":"","ast-hfb-above-header-display":"","ast-hfb-below-header-display":"","ast-hfb-mobile-header-display":"","site-post-title":"disabled","ast-breadcrumbs-content":"","ast-featured-img":"disabled","footer-sml-layout":"","theme-transparent-header-meta":"","adv-header-id-meta":"","stick-header-meta":"","header-above-stick-meta":"","header-main-stick-meta":"","header-below-stick-meta":"","astra-migrate-meta-layouts":"default","ast-page-background-enabled":"default","ast-page-background-meta":{"desktop":{"background-color":"var(--ast-global-color-4)","background-image":"","background-repeat":"repeat","background-position":"center center","background-size":"auto","background-attachment":"scroll","background-type":"","background-media":"","overlay-type":"","overlay-color":"","overlay-opacity":"","overlay-gradient":""},"tablet":{"background-color":"","background-image":"","background-repeat":"repeat","background-position":"center center","background-size":"auto","background-attachment":"scroll","background-type":"","background-media":"","overlay-type":"","overlay-color":"","overlay-opacity":"","overlay-gradient":""},"mobile":{"background-color":"","background-image":"","background-repeat":"repeat","background-position":"center center","background-size":"auto","background-attachment":"scroll","background-type":"","background-media":"","overlay-type":"","overlay-color":"","overlay-opacity":"","overlay-gradient":""}},"ast-content-background-meta":{"desktop":{"background-color":"var(--ast-global-color-5)","background-image":"","background-repeat":"repeat","background-position":"center center","background-size":"auto","background-attachment":"scroll","background-type":"","background-media":"","overlay-type":"","overlay-color":"","overlay-opacity":"","overlay-gradient":""},"tablet":{"background-color":"var(--ast-global-color-5)","background-image":"","background-repeat":"repeat","background-position":"center center","background-size":"auto","background-attachment":"scroll","background-type":"","background-media":"","overlay-type":"","overlay-color":"","overlay-opacity":"","overlay-gradient":""},"mobile":{"background-color":"var(--ast-global-color-5)","background-image":"","background-repeat":"repeat","background-position":"center center","background-size":"auto","background-attachment":"scroll","background-type":"","background-media":"","overlay-type":"","overlay-color":"","overlay-opacity":"","overlay-gradient":""}},"footnotes":""},"class_list":["post-3493","page","type-page","status-publish","hentry"],"acf":[],"uagb_featured_image_src":{"full":false,"thumbnail":false,"medium":false,"medium_large":false,"large":false,"1536x1536":false,"2048x2048":false},"uagb_author_info":{"display_name":"admin","author_link":"https:\/\/dev.betainvest.ee\/tr\/author\/admin\/"},"uagb_comment_info":0,"uagb_excerpt":"BEYAZ RUSYA CUMHUR\u0130YET\u0130\u2019NDE G\u00dcMR\u00dcK VERG\u0130LER\u0130N\u0130N \u00d6DENMES\u0130NE Y\u00d6NEL\u0130K TEM\u0130NAT H\u0130ZMET\u0130 BEYAZ RUSYA CUMHUR\u0130YET\u0130 topraklar\u0131nda mal ta\u015f\u0131mas\u0131 s\u0131ras\u0131nda g\u00fcmr\u00fck vergileri ve har\u00e7lar\u0131n \u00f6denmesine ili\u015fkin teminat\u0131n d\u00fczenlenmesi ve sunulmas\u0131 Avrasya Ekonomik Birli\u011fi (AEB) \u00fcyesi olan BEYAZ RUSYA CUMHUR\u0130YET\u0130 topraklar\u0131nda yabanc\u0131 y\u00fcklerin ta\u015f\u0131nmas\u0131nda g\u00fcmr\u00fck transit prosed\u00fcr\u00fc uygulan\u0131r. Bu s\u00fcre\u00e7te ta\u015f\u0131y\u0131c\u0131dan veya mal sahibinden g\u00fcmr\u00fck vergileri ve har\u00e7lar\u0131n\u0131n \u00f6denece\u011fine dair&hellip;","_links":{"self":[{"href":"https:\/\/dev.betainvest.ee\/tr\/wp-json\/wp\/v2\/pages\/3493","targetHints":{"allow":["GET"]}}],"collection":[{"href":"https:\/\/dev.betainvest.ee\/tr\/wp-json\/wp\/v2\/pages"}],"about":[{"href":"https:\/\/dev.betainvest.ee\/tr\/wp-json\/wp\/v2\/types\/page"}],"author":[{"embeddable":true,"href":"https:\/\/dev.betainvest.ee\/tr\/wp-json\/wp\/v2\/users\/1"}],"replies":[{"embeddable":true,"href":"https:\/\/dev.betainvest.ee\/tr\/wp-json\/wp\/v2\/comments?post=3493"}],"version-history":[{"count":4,"href":"https:\/\/dev.betainvest.ee\/tr\/wp-json\/wp\/v2\/pages\/3493\/revisions"}],"predecessor-version":[{"id":3919,"href":"https:\/\/dev.betainvest.ee\/tr\/wp-json\/wp\/v2\/pages\/3493\/revisions\/3919"}],"wp:attachment":[{"href":"https:\/\/dev.betainvest.ee\/tr\/wp-json\/wp\/v2\/media?parent=3493"}],"curies":[{"name":"wp","href":"https:\/\/api.w.org\/{rel}","templated":true}]}}