{"id":3492,"date":"2025-07-20T23:56:21","date_gmt":"2025-07-20T23:56:21","guid":{"rendered":"https:\/\/betainvest.ee\/?page_id=3492"},"modified":"2025-07-24T10:35:36","modified_gmt":"2025-07-24T10:35:36","slug":"gumruk-garantisi-hukum-belarus","status":"publish","type":"page","link":"https:\/\/dev.betainvest.ee\/tr\/gumruk-garantisi-hukum-belarus\/","title":{"rendered":"G\u00dcMR\u00dcK TEM\u0130NAT H\u0130ZMET\u0130 \u2013 BELARUS"},"content":{"rendered":"\t\t<div data-elementor-type=\"wp-page\" data-elementor-id=\"3492\" class=\"elementor elementor-3492\" data-elementor-post-type=\"page\">\n\t\t\t\t<div class=\"elementor-element elementor-element-464de6b e-flex e-con-boxed e-con e-parent\" data-id=\"464de6b\" data-element_type=\"container\">\n\t\t\t\t\t<div class=\"e-con-inner\">\n\t\t\t\t<div class=\"elementor-element elementor-element-8cc5339 elementor-widget elementor-widget-heading\" data-id=\"8cc5339\" data-element_type=\"widget\" data-widget_type=\"heading.default\">\n\t\t\t\t<div class=\"elementor-widget-container\">\n\t\t\t\t\t<h2 class=\"elementor-heading-title elementor-size-default\">G\u00dcMR\u00dcK TEM\u0130NAT H\u0130ZMET\u0130 \u2013 BELARUS<\/h2>\t\t\t\t<\/div>\n\t\t\t\t<\/div>\n\t\t\t\t<div class=\"elementor-element elementor-element-22d745f elementor-widget elementor-widget-text-editor\" data-id=\"22d745f\" data-element_type=\"widget\" data-widget_type=\"text-editor.default\">\n\t\t\t\t<div class=\"elementor-widget-container\">\n\t\t\t\t\t\t\t\t\t<p data-start=\"113\" data-end=\"268\">Belarus Cumhuriyeti topraklar\u0131nda g\u00fcmr\u00fck transit i\u015flemleri s\u0131ras\u0131nda g\u00fcmr\u00fck vergileri ve har\u00e7lar\u0131n\u0131n \u00f6denmesine y\u00f6nelik teminat\u0131n d\u00fczenlenmesi ve sunulmas\u0131<\/p><p data-start=\"270\" data-end=\"549\"><strong data-start=\"270\" data-end=\"293\">Belarus Cumhuriyeti<\/strong>, Avrasya Ekonomik Birli\u011fi (AEB) \u00fcyesidir. Bu nedenle, yabanc\u0131 mallar\u0131n Belarus \u00fczerinden ta\u015f\u0131nmas\u0131 durumunda <strong data-start=\"403\" data-end=\"431\">g\u00fcmr\u00fck transit prosed\u00fcr\u00fc<\/strong> uygulan\u0131r. Ta\u015f\u0131mac\u0131dan veya y\u00fck sahibinden, g\u00fcmr\u00fck vergilerinin ve har\u00e7lar\u0131n\u0131n \u00f6denece\u011fine dair mali g\u00fcvence istenir.<\/p><p data-start=\"551\" data-end=\"933\">Bu g\u00fcvenceyi sa\u011flaman\u0131n yollar\u0131ndan biri <strong data-start=\"592\" data-end=\"603\">kefalet<\/strong> olup, bu hizmet <strong data-start=\"620\" data-end=\"640\">Declarant Online<\/strong> firmas\u0131 taraf\u0131ndan sunulmaktad\u0131r. Kefaletin avantaj\u0131, \u015firketin kendi i\u015fletme sermayesini dondurmas\u0131na, banka teminat\u0131 almas\u0131na veya mallar transit s\u00fcresince teminat alt\u0131na almas\u0131na gerek kalmamas\u0131d\u0131r. G\u00fcn\u00fcm\u00fczde, g\u00fcmr\u00fck vergisi \u00f6deme teminat\u0131 <strong data-start=\"883\" data-end=\"907\">elektronik sertifika<\/strong> ile d\u00fczenlenebilmektedir.<\/p><p data-start=\"935\" data-end=\"1038\">Bu y\u00f6ntem en modern, konforlu ve g\u00fcvenilir \u00e7\u00f6z\u00fcmd\u00fcr. <strong data-start=\"988\" data-end=\"1038\">Bizim deste\u011fimizle kolayca uygulayabilirsiniz.<\/strong><\/p><h4 data-start=\"1040\" data-end=\"1103\">Belarus i\u00e7in teminat d\u00fczenlemek amac\u0131yla gerekli belgeler:<\/h4><table data-start=\"1104\" data-end=\"2098\"><thead data-start=\"1104\" data-end=\"1214\"><tr data-start=\"1104\" data-end=\"1214\"><td><p><strong>Belge Ad\u0131<\/strong><\/p><\/td><td><p><strong>A\u00e7\u0131klama<\/strong><\/p><\/td><\/tr><\/thead><tbody><tr data-start=\"1326\" data-end=\"1436\"><td data-start=\"1326\" data-end=\"1361\" data-col-size=\"sm\"><p>CMR<\/p><\/td><td data-start=\"1361\" data-end=\"1436\" data-col-size=\"sm\"><p>Uluslararas\u0131 ta\u015f\u0131ma senedi<\/p><\/td><\/tr><tr data-start=\"1437\" data-end=\"1547\"><td data-start=\"1437\" data-end=\"1472\" data-col-size=\"sm\"><p>Fatura (INVOICE)<\/p><\/td><td data-col-size=\"sm\" data-start=\"1472\" data-end=\"1547\"><p>Ticari fatura<\/p><\/td><\/tr><tr data-start=\"1548\" data-end=\"1657\"><td data-start=\"1548\" data-end=\"1582\" data-col-size=\"sm\"><p>Paketleme listesi (Packing list)<\/p><\/td><td data-col-size=\"sm\" data-start=\"1582\" data-end=\"1657\"><p>Ambalaj listesi<\/p><\/td><\/tr><tr data-start=\"1658\" data-end=\"1767\"><td data-start=\"1658\" data-end=\"1692\" data-col-size=\"sm\"><p>Teknik pasaportlar<\/p><\/td><td data-col-size=\"sm\" data-start=\"1692\" data-end=\"1767\"><p>Ara\u00e7 ve r\u00f6morka ait teknik belgeler<\/p><\/td><\/tr><tr data-start=\"1768\" data-end=\"1878\"><td data-start=\"1768\" data-end=\"1803\" data-col-size=\"sm\"><p>S\u00fcr\u00fcc\u00fc pasaportu<\/p><\/td><td data-col-size=\"sm\" data-start=\"1803\" data-end=\"1878\">\u00a0<\/td><\/tr><tr data-start=\"1879\" data-end=\"1988\"><td data-start=\"1879\" data-end=\"1913\" data-col-size=\"sm\"><p>G\u00fcmr\u00fck ta\u015f\u0131y\u0131c\u0131s\u0131 sertifikas\u0131<\/p><\/td><td data-col-size=\"sm\" data-start=\"1913\" data-end=\"1988\"><p>Varsa<\/p><\/td><\/tr><tr data-start=\"1989\" data-end=\"2098\"><td data-start=\"1989\" data-end=\"2023\" data-col-size=\"sm\"><p>M\u00fch\u00fcrleme izin belgesi<\/p><\/td><td data-col-size=\"sm\" data-start=\"2023\" data-end=\"2098\">\u00a0<\/td><\/tr><\/tbody><\/table><h2>\u00a0<\/h2><h4>Ek olarak gerekli bilgiler:<\/h4><ul><li data-start=\"2135\" data-end=\"2156\">S\u0131n\u0131r kap\u0131s\u0131n\u0131n ad\u0131<\/li><li data-start=\"2159\" data-end=\"2192\">S\u00fcr\u00fcc\u00fcn\u00fcn cep telefonu numaras\u0131<\/li><li data-start=\"2195\" data-end=\"2236\">S\u00fcr\u00fcc\u00fcn\u00fcn s\u0131n\u0131rda olaca\u011f\u0131 tahmini zaman<\/li><\/ul>\t\t\t\t\t\t\t\t<\/div>\n\t\t\t\t<\/div>\n\t\t\t\t\t<\/div>\n\t\t\t\t<\/div>\n\t\t\t\t<\/div>\n\t\t","protected":false},"excerpt":{"rendered":"<p>G\u00dcMR\u00dcK TEM\u0130NAT H\u0130ZMET\u0130 \u2013 BELARUS Belarus Cumhuriyeti topraklar\u0131nda g\u00fcmr\u00fck transit i\u015flemleri s\u0131ras\u0131nda g\u00fcmr\u00fck vergileri ve har\u00e7lar\u0131n\u0131n \u00f6denmesine y\u00f6nelik teminat\u0131n d\u00fczenlenmesi ve sunulmas\u0131 Belarus Cumhuriyeti, Avrasya Ekonomik Birli\u011fi (AEB) \u00fcyesidir. Bu nedenle, yabanc\u0131 mallar\u0131n Belarus \u00fczerinden ta\u015f\u0131nmas\u0131 durumunda g\u00fcmr\u00fck transit prosed\u00fcr\u00fc uygulan\u0131r. Ta\u015f\u0131mac\u0131dan veya y\u00fck sahibinden, g\u00fcmr\u00fck vergilerinin ve har\u00e7lar\u0131n\u0131n \u00f6denece\u011fine dair mali g\u00fcvence istenir. Bu [&hellip;]<\/p>\n","protected":false},"author":1,"featured_media":0,"parent":0,"menu_order":0,"comment_status":"closed","ping_status":"closed","template":"","meta":{"_acf_changed":false,"_uag_custom_page_level_css":"","site-sidebar-layout":"no-sidebar","site-content-layout":"page-builder","ast-site-content-layout":"full-width-container","site-content-style":"default","site-sidebar-style":"default","ast-global-header-display":"","ast-banner-title-visibility":"","ast-main-header-display":"","ast-hfb-above-header-display":"","ast-hfb-below-header-display":"","ast-hfb-mobile-header-display":"","site-post-title":"disabled","ast-breadcrumbs-content":"","ast-featured-img":"disabled","footer-sml-layout":"","theme-transparent-header-meta":"","adv-header-id-meta":"","stick-header-meta":"","header-above-stick-meta":"","header-main-stick-meta":"","header-below-stick-meta":"","astra-migrate-meta-layouts":"default","ast-page-background-enabled":"default","ast-page-background-meta":{"desktop":{"background-color":"var(--ast-global-color-4)","background-image":"","background-repeat":"repeat","background-position":"center center","background-size":"auto","background-attachment":"scroll","background-type":"","background-media":"","overlay-type":"","overlay-color":"","overlay-opacity":"","overlay-gradient":""},"tablet":{"background-color":"","background-image":"","background-repeat":"repeat","background-position":"center center","background-size":"auto","background-attachment":"scroll","background-type":"","background-media":"","overlay-type":"","overlay-color":"","overlay-opacity":"","overlay-gradient":""},"mobile":{"background-color":"","background-image":"","background-repeat":"repeat","background-position":"center center","background-size":"auto","background-attachment":"scroll","background-type":"","background-media":"","overlay-type":"","overlay-color":"","overlay-opacity":"","overlay-gradient":""}},"ast-content-background-meta":{"desktop":{"background-color":"var(--ast-global-color-5)","background-image":"","background-repeat":"repeat","background-position":"center center","background-size":"auto","background-attachment":"scroll","background-type":"","background-media":"","overlay-type":"","overlay-color":"","overlay-opacity":"","overlay-gradient":""},"tablet":{"background-color":"var(--ast-global-color-5)","background-image":"","background-repeat":"repeat","background-position":"center center","background-size":"auto","background-attachment":"scroll","background-type":"","background-media":"","overlay-type":"","overlay-color":"","overlay-opacity":"","overlay-gradient":""},"mobile":{"background-color":"var(--ast-global-color-5)","background-image":"","background-repeat":"repeat","background-position":"center center","background-size":"auto","background-attachment":"scroll","background-type":"","background-media":"","overlay-type":"","overlay-color":"","overlay-opacity":"","overlay-gradient":""}},"footnotes":""},"class_list":["post-3492","page","type-page","status-publish","hentry"],"acf":[],"uagb_featured_image_src":{"full":false,"thumbnail":false,"medium":false,"medium_large":false,"large":false,"1536x1536":false,"2048x2048":false},"uagb_author_info":{"display_name":"admin","author_link":"https:\/\/dev.betainvest.ee\/tr\/author\/admin\/"},"uagb_comment_info":0,"uagb_excerpt":"G\u00dcMR\u00dcK TEM\u0130NAT H\u0130ZMET\u0130 \u2013 BELARUS Belarus Cumhuriyeti topraklar\u0131nda g\u00fcmr\u00fck transit i\u015flemleri s\u0131ras\u0131nda g\u00fcmr\u00fck vergileri ve har\u00e7lar\u0131n\u0131n \u00f6denmesine y\u00f6nelik teminat\u0131n d\u00fczenlenmesi ve sunulmas\u0131 Belarus Cumhuriyeti, Avrasya Ekonomik Birli\u011fi (AEB) \u00fcyesidir. Bu nedenle, yabanc\u0131 mallar\u0131n Belarus \u00fczerinden ta\u015f\u0131nmas\u0131 durumunda g\u00fcmr\u00fck transit prosed\u00fcr\u00fc uygulan\u0131r. Ta\u015f\u0131mac\u0131dan veya y\u00fck sahibinden, g\u00fcmr\u00fck vergilerinin ve har\u00e7lar\u0131n\u0131n \u00f6denece\u011fine dair mali g\u00fcvence istenir. Bu&hellip;","_links":{"self":[{"href":"https:\/\/dev.betainvest.ee\/tr\/wp-json\/wp\/v2\/pages\/3492","targetHints":{"allow":["GET"]}}],"collection":[{"href":"https:\/\/dev.betainvest.ee\/tr\/wp-json\/wp\/v2\/pages"}],"about":[{"href":"https:\/\/dev.betainvest.ee\/tr\/wp-json\/wp\/v2\/types\/page"}],"author":[{"embeddable":true,"href":"https:\/\/dev.betainvest.ee\/tr\/wp-json\/wp\/v2\/users\/1"}],"replies":[{"embeddable":true,"href":"https:\/\/dev.betainvest.ee\/tr\/wp-json\/wp\/v2\/comments?post=3492"}],"version-history":[{"count":5,"href":"https:\/\/dev.betainvest.ee\/tr\/wp-json\/wp\/v2\/pages\/3492\/revisions"}],"predecessor-version":[{"id":3870,"href":"https:\/\/dev.betainvest.ee\/tr\/wp-json\/wp\/v2\/pages\/3492\/revisions\/3870"}],"wp:attachment":[{"href":"https:\/\/dev.betainvest.ee\/tr\/wp-json\/wp\/v2\/media?parent=3492"}],"curies":[{"name":"wp","href":"https:\/\/api.w.org\/{rel}","templated":true}]}}