{"id":3491,"date":"2025-07-20T23:56:21","date_gmt":"2025-07-20T23:56:21","guid":{"rendered":"https:\/\/betainvest.ee\/?page_id=3491"},"modified":"2025-07-24T09:50:54","modified_gmt":"2025-07-24T09:50:54","slug":"elektronik-on-bilgilendirme-rusya","status":"publish","type":"page","link":"https:\/\/dev.betainvest.ee\/tr\/elektronik-on-bilgilendirme-rusya\/","title":{"rendered":"Elektronik \u00d6n Bilgilendirme -Rusya."},"content":{"rendered":"\t\t<div data-elementor-type=\"wp-page\" data-elementor-id=\"3491\" class=\"elementor elementor-3491\" data-elementor-post-type=\"page\">\n\t\t\t\t<div class=\"elementor-element elementor-element-5ff20e1 e-flex e-con-boxed e-con e-parent\" data-id=\"5ff20e1\" data-element_type=\"container\">\n\t\t\t\t\t<div class=\"e-con-inner\">\n\t\t\t\t<div class=\"elementor-element elementor-element-26c4a3e elementor-widget elementor-widget-heading\" data-id=\"26c4a3e\" data-element_type=\"widget\" data-widget_type=\"heading.default\">\n\t\t\t\t<div class=\"elementor-widget-container\">\n\t\t\t\t\t<h2 class=\"elementor-heading-title elementor-size-default\">ELEKTRON\u0130K \u00d6NCEDEN B\u0130LG\u0130LEND\u0130RME (E\u00d6B) \u2013 RUSYA<\/h2>\t\t\t\t<\/div>\n\t\t\t\t<\/div>\n\t\t\t\t<div class=\"elementor-element elementor-element-2fa1fec elementor-widget elementor-widget-text-editor\" data-id=\"2fa1fec\" data-element_type=\"widget\" data-widget_type=\"text-editor.default\">\n\t\t\t\t<div class=\"elementor-widget-container\">\n\t\t\t\t\t\t\t\t\t<p>Rusya Federasyonu topraklar\u0131nda elektronik \u00f6nceden bilgilendirme (E\u00d6B) i\u015flemlerinin d\u00fczenlenmesi<\/p><p>Elektronik \u00f6nceden bilgilendirme (E\u00d6B), Haziran 2012\u2019den itibaren zorunlu hale gelmi\u015ftir. Bu uygulama, G\u00fcmr\u00fck Birli\u011fi Komisyonu\u2019nun 899 say\u0131l\u0131 karar\u0131yla y\u00fcr\u00fcrl\u00fc\u011fe girmi\u015ftir:<br \/>\u201cKarayolu ile G\u00fcmr\u00fck Birli\u011fi\u2019nin g\u00fcmr\u00fck topraklar\u0131na ithal edilen mallar hakk\u0131nda zorunlu \u00f6nceden bilgilendirme getirilmesine ili\u015fkin\u201d.<\/p><p>Bu kurala g\u00f6re, <strong>EvrAzya Ekonomik Birli\u011fi (AEB)<\/strong> topraklar\u0131na ta\u015f\u0131nan mallar hakk\u0131nda detayl\u0131 bilgi i\u00e7eren bir bildirim, s\u0131n\u0131r ge\u00e7i\u015finden <strong>en az 2 saat \u00f6nce<\/strong> Rusya g\u00fcmr\u00fck makamlar\u0131na elektronik olarak g\u00f6nderilmelidir. G\u00fcmr\u00fck, bildirim ba\u015fvurusuna bir ta\u015f\u0131ma tan\u0131mlama numaras\u0131 atar.<\/p><p>Bu uygulama, s\u0131n\u0131r kap\u0131lar\u0131ndaki i\u015flem s\u00fcresini h\u0131zland\u0131rmak ve g\u00fcmr\u00fck kontrol s\u00fcrecini kolayla\u015ft\u0131rmak amac\u0131yla getirilmi\u015ftir.<\/p><p>Ancak t\u00fcm bu detaylarla u\u011fra\u015fman\u0131za gerek yok. <strong>Betainvest<\/strong> firmas\u0131 bu i\u015flemleri sizin i\u00e7in \u00fcstlenir. Elektronik ba\u015fvurunuz \u00fczerine, E\u00d6B belgesini h\u0131zl\u0131 ve eksiksiz bir \u015fekilde haz\u0131rlar, al\u0131nan numaray\u0131 do\u011frudan s\u00fcr\u00fcc\u00fcn\u00fcn telefonuna g\u00f6ndeririz.<br \/>S\u00fcr\u00fcc\u00fc, g\u00fcmr\u00fck kontrol noktas\u0131na ula\u015ft\u0131\u011f\u0131nda sadece bu numaray\u0131 g\u00f6sterir ve mallar\u0131n i\u015flemlerine hemen ba\u015flan\u0131r.<\/p><p><strong>E\u00d6B \u2013 RF i\u00e7in gerekli belgeler:<\/strong><\/p><table><thead><tr><td><p><strong>Belge Ad\u0131<\/strong><\/p><\/td><td><p><strong>A\u00e7\u0131klama<\/strong><\/p><\/td><\/tr><\/thead><tbody><tr><td><p>TIR<\/p><\/td><td><p>Uluslararas\u0131 karayolu ta\u015f\u0131mac\u0131l\u0131\u011f\u0131 i\u00e7in TIR karnesi<\/p><\/td><\/tr><tr><td><p>CMR<\/p><\/td><td><p>Uluslararas\u0131 ta\u015f\u0131ma senedi<\/p><\/td><\/tr><tr><td><p>Fatura (INVOICE)<\/p><\/td><td><p>Ticari fatura<\/p><\/td><\/tr><tr><td><p>Paketleme listesi (Packing list)<\/p><\/td><td><p>Ambalaj listesi<\/p><\/td><\/tr><tr><td><p>Teknik pasaportlar<\/p><\/td><td><p>Ara\u00e7 ve r\u00f6morka ait teknik belgeler<\/p><\/td><\/tr><tr><td><p>S\u00fcr\u00fcc\u00fc pasaportu<\/p><\/td><td>\u00a0<\/td><\/tr><\/tbody><\/table><h4>Ek olarak gerekli bilgiler:<\/h4><ul><li data-start=\"2285\" data-end=\"2306\">S\u0131n\u0131r kap\u0131s\u0131n\u0131n ad\u0131<\/li><li data-start=\"2309\" data-end=\"2342\">S\u00fcr\u00fcc\u00fcn\u00fcn cep telefonu numaras\u0131<\/li><li data-start=\"2345\" data-end=\"2386\">S\u00fcr\u00fcc\u00fcn\u00fcn s\u0131n\u0131rda olaca\u011f\u0131 tahmini zaman<\/li><\/ul><p>\u00a0<\/p>\t\t\t\t\t\t\t\t<\/div>\n\t\t\t\t<\/div>\n\t\t\t\t\t<\/div>\n\t\t\t\t<\/div>\n\t\t\t\t<\/div>\n\t\t","protected":false},"excerpt":{"rendered":"<p>ELEKTRON\u0130K \u00d6NCEDEN B\u0130LG\u0130LEND\u0130RME (E\u00d6B) \u2013 RUSYA Rusya Federasyonu topraklar\u0131nda elektronik \u00f6nceden bilgilendirme (E\u00d6B) i\u015flemlerinin d\u00fczenlenmesi Elektronik \u00f6nceden bilgilendirme (E\u00d6B), Haziran 2012\u2019den itibaren zorunlu hale gelmi\u015ftir. Bu uygulama, G\u00fcmr\u00fck Birli\u011fi Komisyonu\u2019nun 899 say\u0131l\u0131 karar\u0131yla y\u00fcr\u00fcrl\u00fc\u011fe girmi\u015ftir:\u201cKarayolu ile G\u00fcmr\u00fck Birli\u011fi\u2019nin g\u00fcmr\u00fck topraklar\u0131na ithal edilen mallar hakk\u0131nda zorunlu \u00f6nceden bilgilendirme getirilmesine ili\u015fkin\u201d. Bu kurala g\u00f6re, EvrAzya Ekonomik Birli\u011fi [&hellip;]<\/p>\n","protected":false},"author":1,"featured_media":0,"parent":0,"menu_order":0,"comment_status":"closed","ping_status":"closed","template":"","meta":{"_acf_changed":false,"_uag_custom_page_level_css":"","site-sidebar-layout":"no-sidebar","site-content-layout":"page-builder","ast-site-content-layout":"full-width-container","site-content-style":"default","site-sidebar-style":"default","ast-global-header-display":"","ast-banner-title-visibility":"","ast-main-header-display":"","ast-hfb-above-header-display":"","ast-hfb-below-header-display":"","ast-hfb-mobile-header-display":"","site-post-title":"disabled","ast-breadcrumbs-content":"","ast-featured-img":"disabled","footer-sml-layout":"","theme-transparent-header-meta":"","adv-header-id-meta":"","stick-header-meta":"","header-above-stick-meta":"","header-main-stick-meta":"","header-below-stick-meta":"","astra-migrate-meta-layouts":"default","ast-page-background-enabled":"default","ast-page-background-meta":{"desktop":{"background-color":"var(--ast-global-color-4)","background-image":"","background-repeat":"repeat","background-position":"center center","background-size":"auto","background-attachment":"scroll","background-type":"","background-media":"","overlay-type":"","overlay-color":"","overlay-opacity":"","overlay-gradient":""},"tablet":{"background-color":"","background-image":"","background-repeat":"repeat","background-position":"center center","background-size":"auto","background-attachment":"scroll","background-type":"","background-media":"","overlay-type":"","overlay-color":"","overlay-opacity":"","overlay-gradient":""},"mobile":{"background-color":"","background-image":"","background-repeat":"repeat","background-position":"center center","background-size":"auto","background-attachment":"scroll","background-type":"","background-media":"","overlay-type":"","overlay-color":"","overlay-opacity":"","overlay-gradient":""}},"ast-content-background-meta":{"desktop":{"background-color":"var(--ast-global-color-5)","background-image":"","background-repeat":"repeat","background-position":"center center","background-size":"auto","background-attachment":"scroll","background-type":"","background-media":"","overlay-type":"","overlay-color":"","overlay-opacity":"","overlay-gradient":""},"tablet":{"background-color":"var(--ast-global-color-5)","background-image":"","background-repeat":"repeat","background-position":"center center","background-size":"auto","background-attachment":"scroll","background-type":"","background-media":"","overlay-type":"","overlay-color":"","overlay-opacity":"","overlay-gradient":""},"mobile":{"background-color":"var(--ast-global-color-5)","background-image":"","background-repeat":"repeat","background-position":"center center","background-size":"auto","background-attachment":"scroll","background-type":"","background-media":"","overlay-type":"","overlay-color":"","overlay-opacity":"","overlay-gradient":""}},"footnotes":""},"class_list":["post-3491","page","type-page","status-publish","hentry"],"acf":[],"uagb_featured_image_src":{"full":false,"thumbnail":false,"medium":false,"medium_large":false,"large":false,"1536x1536":false,"2048x2048":false},"uagb_author_info":{"display_name":"admin","author_link":"https:\/\/dev.betainvest.ee\/tr\/author\/admin\/"},"uagb_comment_info":0,"uagb_excerpt":"ELEKTRON\u0130K \u00d6NCEDEN B\u0130LG\u0130LEND\u0130RME (E\u00d6B) \u2013 RUSYA Rusya Federasyonu topraklar\u0131nda elektronik \u00f6nceden bilgilendirme (E\u00d6B) i\u015flemlerinin d\u00fczenlenmesi Elektronik \u00f6nceden bilgilendirme (E\u00d6B), Haziran 2012\u2019den itibaren zorunlu hale gelmi\u015ftir. Bu uygulama, G\u00fcmr\u00fck Birli\u011fi Komisyonu\u2019nun 899 say\u0131l\u0131 karar\u0131yla y\u00fcr\u00fcrl\u00fc\u011fe girmi\u015ftir:\u201cKarayolu ile G\u00fcmr\u00fck Birli\u011fi\u2019nin g\u00fcmr\u00fck topraklar\u0131na ithal edilen mallar hakk\u0131nda zorunlu \u00f6nceden bilgilendirme getirilmesine ili\u015fkin\u201d. Bu kurala g\u00f6re, EvrAzya Ekonomik Birli\u011fi&hellip;","_links":{"self":[{"href":"https:\/\/dev.betainvest.ee\/tr\/wp-json\/wp\/v2\/pages\/3491","targetHints":{"allow":["GET"]}}],"collection":[{"href":"https:\/\/dev.betainvest.ee\/tr\/wp-json\/wp\/v2\/pages"}],"about":[{"href":"https:\/\/dev.betainvest.ee\/tr\/wp-json\/wp\/v2\/types\/page"}],"author":[{"embeddable":true,"href":"https:\/\/dev.betainvest.ee\/tr\/wp-json\/wp\/v2\/users\/1"}],"replies":[{"embeddable":true,"href":"https:\/\/dev.betainvest.ee\/tr\/wp-json\/wp\/v2\/comments?post=3491"}],"version-history":[{"count":4,"href":"https:\/\/dev.betainvest.ee\/tr\/wp-json\/wp\/v2\/pages\/3491\/revisions"}],"predecessor-version":[{"id":3865,"href":"https:\/\/dev.betainvest.ee\/tr\/wp-json\/wp\/v2\/pages\/3491\/revisions\/3865"}],"wp:attachment":[{"href":"https:\/\/dev.betainvest.ee\/tr\/wp-json\/wp\/v2\/media?parent=3491"}],"curies":[{"name":"wp","href":"https:\/\/api.w.org\/{rel}","templated":true}]}}