{"id":3490,"date":"2025-07-20T23:56:21","date_gmt":"2025-07-20T23:56:21","guid":{"rendered":"https:\/\/betainvest.ee\/?page_id=3490"},"modified":"2025-07-24T09:44:12","modified_gmt":"2025-07-24T09:44:12","slug":"elektronik-transit-beyannamesi-rusya","status":"publish","type":"page","link":"https:\/\/dev.betainvest.ee\/tr\/elektronik-transit-beyannamesi-rusya\/","title":{"rendered":"Elektronik Transit Beyannamesi &#8211; Rusya."},"content":{"rendered":"\t\t<div data-elementor-type=\"wp-page\" data-elementor-id=\"3490\" class=\"elementor elementor-3490\" data-elementor-post-type=\"page\">\n\t\t\t\t<div class=\"elementor-element elementor-element-05db301 e-flex e-con-boxed e-con e-parent\" data-id=\"05db301\" data-element_type=\"container\">\n\t\t\t\t\t<div class=\"e-con-inner\">\n\t\t\t\t<div class=\"elementor-element elementor-element-6ec7236 elementor-widget elementor-widget-heading\" data-id=\"6ec7236\" data-element_type=\"widget\" data-widget_type=\"heading.default\">\n\t\t\t\t<div class=\"elementor-widget-container\">\n\t\t\t\t\t<h2 class=\"elementor-heading-title elementor-size-default\">ELEKTRON\u0130K TRANS\u0130T BEYANNAMES\u0130 (ETB)<\/h2>\t\t\t\t<\/div>\n\t\t\t\t<\/div>\n\t\t\t\t<div class=\"elementor-element elementor-element-e99e86e elementor-widget elementor-widget-text-editor\" data-id=\"e99e86e\" data-element_type=\"widget\" data-widget_type=\"text-editor.default\">\n\t\t\t\t<div class=\"elementor-widget-container\">\n\t\t\t\t\t\t\t\t\t<p data-start=\"159\" data-end=\"243\">Rusya Federasyonu topraklar\u0131nda elektronik transit beyannamesinin (ETB) d\u00fczenlenmesi<\/p><p data-start=\"245\" data-end=\"786\">Mart 2017\u2019den itibaren, Rusya Federasyonu topraklar\u0131ndan yabanc\u0131 y\u00fck ta\u015f\u0131yan uluslararas\u0131 kara ta\u015f\u0131mac\u0131l\u0131\u011f\u0131 \u015firketleri, transit beyannamelerini yaln\u0131zca elektronik formatta sunmakla y\u00fck\u00fcml\u00fcd\u00fcr. Bu zorunluluk, Rusya Maliye Bakanl\u0131\u011f\u0131\u2019n\u0131n 144n say\u0131l\u0131 emriyle y\u00fcr\u00fcrl\u00fc\u011fe girmi\u015ftir:<br data-start=\"521\" data-end=\"524\" \/>\u201cG\u00fcmr\u00fck transit prosed\u00fcr\u00fc alt\u0131ndaki mallar\u0131n g\u00fcmr\u00fck kontrol\u00fc, beyan\u0131 ve serbest b\u0131rak\u0131lmas\u0131 (veya serbest b\u0131rak\u0131lmamas\u0131na) ili\u015fkin olarak, G\u00fcmr\u00fck \u0130daresi\u2019nin Birle\u015fik Otomatik Bilgi Sistemi\u2019nin elektronik ortamda kullan\u0131lmas\u0131na dair usul\u00fcn onaylanmas\u0131 hakk\u0131nda\u201d.<\/p><p data-start=\"788\" data-end=\"877\">Elektronik transit beyannamesi, g\u00fcmr\u00fck temsilcisinin elektronik imzas\u0131 ile sunulmaktad\u0131r.<\/p><p data-start=\"879\" data-end=\"1071\"><strong data-start=\"879\" data-end=\"893\">Betainvest<\/strong>, y\u00fckleriniz i\u00e7in 7\/24 <strong data-start=\"916\" data-end=\"956\">elektronik transit beyannamesi (ETB)<\/strong> d\u00fczenleme hizmeti sunmaktad\u0131r. Gerekli yaz\u0131l\u0131mlar\u0131m\u0131z\u0131n yan\u0131 s\u0131ra, ETB i\u015flemleri konusunda geni\u015f deneyime sahibiz.<\/p><h4 data-start=\"1073\" data-end=\"1115\">ETB d\u00fczenlemek i\u00e7in gerekli belgeler:<\/h4><table data-start=\"1116\" data-end=\"2112\"><thead data-start=\"1116\" data-end=\"1227\"><tr data-start=\"1116\" data-end=\"1227\"><td><p><strong>Belge Ad\u0131<\/strong><\/p><\/td><td><p><strong>A\u00e7\u0131klama<\/strong><\/p><\/td><\/tr><\/thead><tbody><tr data-start=\"1340\" data-end=\"1450\"><td data-start=\"1340\" data-end=\"1375\" data-col-size=\"sm\"><p>CMR<\/p><\/td><td data-col-size=\"md\" data-start=\"1375\" data-end=\"1450\"><p>Uluslararas\u0131 ta\u015f\u0131ma senedi<\/p><\/td><\/tr><tr data-start=\"1451\" data-end=\"1561\"><td data-start=\"1451\" data-end=\"1486\" data-col-size=\"sm\"><p>Fatura (INVOICE)<\/p><\/td><td data-col-size=\"md\" data-start=\"1486\" data-end=\"1561\"><p>Ticari fatura<\/p><\/td><\/tr><tr data-start=\"1562\" data-end=\"1671\"><td data-start=\"1562\" data-end=\"1596\" data-col-size=\"sm\"><p>Paketleme listesi (Packing list)<\/p><\/td><td data-col-size=\"md\" data-start=\"1596\" data-end=\"1671\"><p>Ambalaj listesi<\/p><\/td><\/tr><tr data-start=\"1672\" data-end=\"1781\"><td data-start=\"1672\" data-end=\"1706\" data-col-size=\"sm\"><p>Teknik pasaportlar<\/p><\/td><td data-col-size=\"md\" data-start=\"1706\" data-end=\"1781\"><p>Ara\u00e7 ve r\u00f6morka ait teknik belgeler<\/p><\/td><\/tr><tr data-start=\"1782\" data-end=\"1892\"><td data-start=\"1782\" data-end=\"1817\" data-col-size=\"sm\"><p>S\u00fcr\u00fcc\u00fc pasaportu<\/p><\/td><td data-col-size=\"md\" data-start=\"1817\" data-end=\"1892\">\u00a0<\/td><\/tr><tr data-start=\"1893\" data-end=\"2002\"><td data-start=\"1893\" data-end=\"1927\" data-col-size=\"sm\"><p>Spesifikasyon (gerekirse)<\/p><\/td><td data-col-size=\"md\" data-start=\"1927\" data-end=\"2002\"><p>GT\u0130P kodlar\u0131, maliyet ve a\u011f\u0131rl\u0131k d\u00f6k\u00fcm\u00fc ile birlikte belirtilmelidir<\/p><\/td><\/tr><tr data-start=\"2003\" data-end=\"2112\"><td data-start=\"2003\" data-end=\"2037\" data-col-size=\"sm\"><p>G\u00fcmr\u00fck ta\u015f\u0131y\u0131c\u0131s\u0131 sertifikas\u0131<\/p><\/td><td data-col-size=\"md\" data-start=\"2037\" data-end=\"2112\"><p>Varsa<\/p><\/td><\/tr><\/tbody><\/table><p><strong>\u00a0<\/strong><\/p><h4>Ek olarak gerekli bilgiler:<\/h4><ul><li data-start=\"2149\" data-end=\"2170\">S\u0131n\u0131r kap\u0131s\u0131n\u0131n ad\u0131<\/li><li data-start=\"2173\" data-end=\"2206\">S\u00fcr\u00fcc\u00fcn\u00fcn cep telefonu numaras\u0131<\/li><li data-start=\"2209\" data-end=\"2250\">S\u00fcr\u00fcc\u00fcn\u00fcn s\u0131n\u0131rda olaca\u011f\u0131 tahmini zaman<\/li><\/ul>\t\t\t\t\t\t\t\t<\/div>\n\t\t\t\t<\/div>\n\t\t\t\t\t<\/div>\n\t\t\t\t<\/div>\n\t\t\t\t<\/div>\n\t\t","protected":false},"excerpt":{"rendered":"<p>ELEKTRON\u0130K TRANS\u0130T BEYANNAMES\u0130 (ETB) Rusya Federasyonu topraklar\u0131nda elektronik transit beyannamesinin (ETB) d\u00fczenlenmesi Mart 2017\u2019den itibaren, Rusya Federasyonu topraklar\u0131ndan yabanc\u0131 y\u00fck ta\u015f\u0131yan uluslararas\u0131 kara ta\u015f\u0131mac\u0131l\u0131\u011f\u0131 \u015firketleri, transit beyannamelerini yaln\u0131zca elektronik formatta sunmakla y\u00fck\u00fcml\u00fcd\u00fcr. Bu zorunluluk, Rusya Maliye Bakanl\u0131\u011f\u0131\u2019n\u0131n 144n say\u0131l\u0131 emriyle y\u00fcr\u00fcrl\u00fc\u011fe girmi\u015ftir:\u201cG\u00fcmr\u00fck transit prosed\u00fcr\u00fc alt\u0131ndaki mallar\u0131n g\u00fcmr\u00fck kontrol\u00fc, beyan\u0131 ve serbest b\u0131rak\u0131lmas\u0131 (veya serbest b\u0131rak\u0131lmamas\u0131na) [&hellip;]<\/p>\n","protected":false},"author":1,"featured_media":0,"parent":0,"menu_order":0,"comment_status":"closed","ping_status":"closed","template":"","meta":{"_acf_changed":false,"_uag_custom_page_level_css":"","site-sidebar-layout":"no-sidebar","site-content-layout":"page-builder","ast-site-content-layout":"full-width-container","site-content-style":"default","site-sidebar-style":"default","ast-global-header-display":"","ast-banner-title-visibility":"","ast-main-header-display":"","ast-hfb-above-header-display":"","ast-hfb-below-header-display":"","ast-hfb-mobile-header-display":"","site-post-title":"disabled","ast-breadcrumbs-content":"","ast-featured-img":"disabled","footer-sml-layout":"","theme-transparent-header-meta":"","adv-header-id-meta":"","stick-header-meta":"","header-above-stick-meta":"","header-main-stick-meta":"","header-below-stick-meta":"","astra-migrate-meta-layouts":"default","ast-page-background-enabled":"default","ast-page-background-meta":{"desktop":{"background-color":"var(--ast-global-color-4)","background-image":"","background-repeat":"repeat","background-position":"center center","background-size":"auto","background-attachment":"scroll","background-type":"","background-media":"","overlay-type":"","overlay-color":"","overlay-opacity":"","overlay-gradient":""},"tablet":{"background-color":"","background-image":"","background-repeat":"repeat","background-position":"center center","background-size":"auto","background-attachment":"scroll","background-type":"","background-media":"","overlay-type":"","overlay-color":"","overlay-opacity":"","overlay-gradient":""},"mobile":{"background-color":"","background-image":"","background-repeat":"repeat","background-position":"center center","background-size":"auto","background-attachment":"scroll","background-type":"","background-media":"","overlay-type":"","overlay-color":"","overlay-opacity":"","overlay-gradient":""}},"ast-content-background-meta":{"desktop":{"background-color":"var(--ast-global-color-5)","background-image":"","background-repeat":"repeat","background-position":"center center","background-size":"auto","background-attachment":"scroll","background-type":"","background-media":"","overlay-type":"","overlay-color":"","overlay-opacity":"","overlay-gradient":""},"tablet":{"background-color":"var(--ast-global-color-5)","background-image":"","background-repeat":"repeat","background-position":"center center","background-size":"auto","background-attachment":"scroll","background-type":"","background-media":"","overlay-type":"","overlay-color":"","overlay-opacity":"","overlay-gradient":""},"mobile":{"background-color":"var(--ast-global-color-5)","background-image":"","background-repeat":"repeat","background-position":"center center","background-size":"auto","background-attachment":"scroll","background-type":"","background-media":"","overlay-type":"","overlay-color":"","overlay-opacity":"","overlay-gradient":""}},"footnotes":""},"class_list":["post-3490","page","type-page","status-publish","hentry"],"acf":[],"uagb_featured_image_src":{"full":false,"thumbnail":false,"medium":false,"medium_large":false,"large":false,"1536x1536":false,"2048x2048":false},"uagb_author_info":{"display_name":"admin","author_link":"https:\/\/dev.betainvest.ee\/tr\/author\/admin\/"},"uagb_comment_info":0,"uagb_excerpt":"ELEKTRON\u0130K TRANS\u0130T BEYANNAMES\u0130 (ETB) Rusya Federasyonu topraklar\u0131nda elektronik transit beyannamesinin (ETB) d\u00fczenlenmesi Mart 2017\u2019den itibaren, Rusya Federasyonu topraklar\u0131ndan yabanc\u0131 y\u00fck ta\u015f\u0131yan uluslararas\u0131 kara ta\u015f\u0131mac\u0131l\u0131\u011f\u0131 \u015firketleri, transit beyannamelerini yaln\u0131zca elektronik formatta sunmakla y\u00fck\u00fcml\u00fcd\u00fcr. Bu zorunluluk, Rusya Maliye Bakanl\u0131\u011f\u0131\u2019n\u0131n 144n say\u0131l\u0131 emriyle y\u00fcr\u00fcrl\u00fc\u011fe girmi\u015ftir:\u201cG\u00fcmr\u00fck transit prosed\u00fcr\u00fc alt\u0131ndaki mallar\u0131n g\u00fcmr\u00fck kontrol\u00fc, beyan\u0131 ve serbest b\u0131rak\u0131lmas\u0131 (veya serbest b\u0131rak\u0131lmamas\u0131na)&hellip;","_links":{"self":[{"href":"https:\/\/dev.betainvest.ee\/tr\/wp-json\/wp\/v2\/pages\/3490","targetHints":{"allow":["GET"]}}],"collection":[{"href":"https:\/\/dev.betainvest.ee\/tr\/wp-json\/wp\/v2\/pages"}],"about":[{"href":"https:\/\/dev.betainvest.ee\/tr\/wp-json\/wp\/v2\/types\/page"}],"author":[{"embeddable":true,"href":"https:\/\/dev.betainvest.ee\/tr\/wp-json\/wp\/v2\/users\/1"}],"replies":[{"embeddable":true,"href":"https:\/\/dev.betainvest.ee\/tr\/wp-json\/wp\/v2\/comments?post=3490"}],"version-history":[{"count":4,"href":"https:\/\/dev.betainvest.ee\/tr\/wp-json\/wp\/v2\/pages\/3490\/revisions"}],"predecessor-version":[{"id":3861,"href":"https:\/\/dev.betainvest.ee\/tr\/wp-json\/wp\/v2\/pages\/3490\/revisions\/3861"}],"wp:attachment":[{"href":"https:\/\/dev.betainvest.ee\/tr\/wp-json\/wp\/v2\/media?parent=3490"}],"curies":[{"name":"wp","href":"https:\/\/api.w.org\/{rel}","templated":true}]}}