{"id":3489,"date":"2025-07-20T23:56:21","date_gmt":"2025-07-20T23:56:21","guid":{"rendered":"https:\/\/betainvest.ee\/?page_id=3489"},"modified":"2025-07-24T08:40:11","modified_gmt":"2025-07-24T08:40:11","slug":"gumruk-garantisi-hukum-rusya","status":"publish","type":"page","link":"https:\/\/dev.betainvest.ee\/tr\/gumruk-garantisi-hukum-rusya\/","title":{"rendered":"G\u00dcMR\u00dcK TEM\u0130NAT H\u0130ZMET\u0130 \u2013 RUSYA"},"content":{"rendered":"\t\t<div data-elementor-type=\"wp-page\" data-elementor-id=\"3489\" class=\"elementor elementor-3489\" data-elementor-post-type=\"page\">\n\t\t\t\t<div class=\"elementor-element elementor-element-8db2962 e-flex e-con-boxed e-con e-parent\" data-id=\"8db2962\" data-element_type=\"container\">\n\t\t\t\t\t<div class=\"e-con-inner\">\n\t\t\t\t<div class=\"elementor-element elementor-element-05e42f5 elementor-widget elementor-widget-heading\" data-id=\"05e42f5\" data-element_type=\"widget\" data-widget_type=\"heading.default\">\n\t\t\t\t<div class=\"elementor-widget-container\">\n\t\t\t\t\t<h2 class=\"elementor-heading-title elementor-size-default\">G\u00dcMR\u00dcK TEM\u0130NAT H\u0130ZMET\u0130 \u2013 RUSYA<\/h2>\t\t\t\t<\/div>\n\t\t\t\t<\/div>\n\t\t\t\t<div class=\"elementor-element elementor-element-6c7143a elementor-widget elementor-widget-text-editor\" data-id=\"6c7143a\" data-element_type=\"widget\" data-widget_type=\"text-editor.default\">\n\t\t\t\t<div class=\"elementor-widget-container\">\n\t\t\t\t\t\t\t\t\t<p>\u00a0<\/p><p>Rusya Federasyonu topraklar\u0131nda e\u015fya transit ge\u00e7i\u015fi s\u0131ras\u0131nda g\u00fcmr\u00fck vergileri ve har\u00e7lar\u0131n\u0131n \u00f6denmesine y\u00f6nelik teminat\u0131n d\u00fczenlenmesi ve sunulmas\u0131<\/p><ul><li>Avrasya Ekonomik Birli\u011fi (AEB) \u00fcyesi \u00fclke olan Rusya topraklar\u0131nda yabanc\u0131 mallar\u0131n ta\u015f\u0131nmas\u0131nda g\u00fcmr\u00fck transit prosed\u00fcr\u00fc uygulan\u0131r. Ta\u015f\u0131mac\u0131dan veya mal sahibinden, g\u00fcmr\u00fck vergileri ve har\u00e7lar\u0131n\u0131n \u00f6denmesi i\u00e7in teminat istenir. Bu teminat\u0131n sa\u011flanma yollar\u0131ndan biri kefalettir ve bu hizmet Declarant Online \u015firketi taraf\u0131ndan sunulmaktad\u0131r.<\/li><li>Kefalet hizmeti, \u015firketin kendi i\u015fletme sermayesini dondurmas\u0131na, banka teminat\u0131 almas\u0131na veya mal varl\u0131\u011f\u0131n\u0131 ipotek etmesine gerek kalmadan y\u00fck transit s\u00fcresi boyunca uygun bir \u00e7\u00f6z\u00fcmd\u00fcr. G\u00fcn\u00fcm\u00fczde g\u00fcmr\u00fck vergisi \u00f6deme teminat\u0131 i\u00e7in elektronik sertifika ile i\u015flem yap\u0131labilmektedir.<\/li><li>Bu y\u00f6ntem en modern, en konforlu ve g\u00fcvenilir \u00e7\u00f6z\u00fcm olup, bizim deste\u011fimizle kolayl\u0131kla uygulayabilirsiniz.<\/li><\/ul><p><strong>Rusya Federasyonu\u2019nda teminat d\u00fczenlemek i\u00e7in <\/strong><strong><u>Gerekli Belgeler<\/u><\/strong><\/p><table><thead><tr><td><p><strong>Belge Ad\u0131<\/strong><\/p><\/td><td><p><strong>A\u00e7\u0131klama<\/strong><\/p><\/td><\/tr><\/thead><tbody><tr><td><p>CMR<\/p><\/td><td><p>Uluslararas\u0131 ta\u015f\u0131ma senedi<\/p><\/td><\/tr><tr><td><p>Fatura (INVOICE)<\/p><\/td><td><p>Ticari fatura<\/p><\/td><\/tr><tr><td><p>Paketleme listesi (Packing list)<\/p><\/td><td><p>Ambalaj listesi<\/p><\/td><\/tr><tr><td><p>Teknik pasaportlar<\/p><\/td><td><p>Ara\u00e7 ve r\u00f6morka ait teknik belgeler<\/p><\/td><\/tr><tr><td><p>S\u00fcr\u00fcc\u00fc pasaportu<\/p><\/td><td>\u00a0<\/td><\/tr><tr><td><p>TIR Karnesi (gerekirse)<\/p><\/td><td><p>Uluslararas\u0131 karayolu ta\u015f\u0131mac\u0131l\u0131\u011f\u0131 i\u00e7in TIR karnesi<\/p><\/td><\/tr><tr><td><p>Spesifikasyon (gerekirse)<\/p><\/td><td><p>GT\u0130P kodlar\u0131, maliyet ve a\u011f\u0131rl\u0131k d\u00f6k\u00fcm\u00fc ile birlikte belirtilmelidir<\/p><\/td><\/tr><tr><td><p>G\u00fcmr\u00fck ta\u015f\u0131y\u0131c\u0131s\u0131 sertifikas\u0131<\/p><\/td><td><p>Varsa<\/p><\/td><\/tr><\/tbody><\/table><h3><strong>Ek olarak gerekli bilgiler:<\/strong><\/h3><ul><li data-start=\"121\" data-end=\"142\">S\u0131n\u0131r kap\u0131s\u0131n\u0131n ad\u0131<\/li><li data-start=\"145\" data-end=\"178\">S\u00fcr\u00fcc\u00fcn\u00fcn cep telefonu numaras\u0131<\/li><li data-start=\"181\" data-end=\"222\">S\u00fcr\u00fcc\u00fcn\u00fcn s\u0131n\u0131rda olaca\u011f\u0131 tahmini zaman<\/li><\/ul>\t\t\t\t\t\t\t\t<\/div>\n\t\t\t\t<\/div>\n\t\t\t\t\t<\/div>\n\t\t\t\t<\/div>\n\t\t\t\t<\/div>\n\t\t","protected":false},"excerpt":{"rendered":"<p>G\u00dcMR\u00dcK TEM\u0130NAT H\u0130ZMET\u0130 \u2013 RUSYA Rusya Federasyonu topraklar\u0131nda e\u015fya transit ge\u00e7i\u015fi s\u0131ras\u0131nda g\u00fcmr\u00fck vergileri ve har\u00e7lar\u0131n\u0131n \u00f6denmesine y\u00f6nelik teminat\u0131n d\u00fczenlenmesi ve sunulmas\u0131 Avrasya Ekonomik Birli\u011fi (AEB) \u00fcyesi \u00fclke olan Rusya topraklar\u0131nda yabanc\u0131 mallar\u0131n ta\u015f\u0131nmas\u0131nda g\u00fcmr\u00fck transit prosed\u00fcr\u00fc uygulan\u0131r. Ta\u015f\u0131mac\u0131dan veya mal sahibinden, g\u00fcmr\u00fck vergileri ve har\u00e7lar\u0131n\u0131n \u00f6denmesi i\u00e7in teminat istenir. Bu teminat\u0131n sa\u011flanma yollar\u0131ndan biri [&hellip;]<\/p>\n","protected":false},"author":1,"featured_media":0,"parent":0,"menu_order":0,"comment_status":"closed","ping_status":"closed","template":"","meta":{"_acf_changed":false,"_uag_custom_page_level_css":"","site-sidebar-layout":"no-sidebar","site-content-layout":"page-builder","ast-site-content-layout":"full-width-container","site-content-style":"unboxed","site-sidebar-style":"unboxed","ast-global-header-display":"","ast-banner-title-visibility":"","ast-main-header-display":"","ast-hfb-above-header-display":"","ast-hfb-below-header-display":"","ast-hfb-mobile-header-display":"","site-post-title":"disabled","ast-breadcrumbs-content":"","ast-featured-img":"disabled","footer-sml-layout":"","theme-transparent-header-meta":"","adv-header-id-meta":"","stick-header-meta":"","header-above-stick-meta":"","header-main-stick-meta":"","header-below-stick-meta":"","astra-migrate-meta-layouts":"set","ast-page-background-enabled":"default","ast-page-background-meta":{"desktop":{"background-color":"var(--ast-global-color-4)","background-image":"","background-repeat":"repeat","background-position":"center center","background-size":"auto","background-attachment":"scroll","background-type":"","background-media":"","overlay-type":"","overlay-color":"","overlay-opacity":"","overlay-gradient":""},"tablet":{"background-color":"","background-image":"","background-repeat":"repeat","background-position":"center center","background-size":"auto","background-attachment":"scroll","background-type":"","background-media":"","overlay-type":"","overlay-color":"","overlay-opacity":"","overlay-gradient":""},"mobile":{"background-color":"","background-image":"","background-repeat":"repeat","background-position":"center center","background-size":"auto","background-attachment":"scroll","background-type":"","background-media":"","overlay-type":"","overlay-color":"","overlay-opacity":"","overlay-gradient":""}},"ast-content-background-meta":{"desktop":{"background-color":"var(--ast-global-color-5)","background-image":"","background-repeat":"repeat","background-position":"center center","background-size":"auto","background-attachment":"scroll","background-type":"","background-media":"","overlay-type":"","overlay-color":"","overlay-opacity":"","overlay-gradient":""},"tablet":{"background-color":"var(--ast-global-color-5)","background-image":"","background-repeat":"repeat","background-position":"center center","background-size":"auto","background-attachment":"scroll","background-type":"","background-media":"","overlay-type":"","overlay-color":"","overlay-opacity":"","overlay-gradient":""},"mobile":{"background-color":"var(--ast-global-color-5)","background-image":"","background-repeat":"repeat","background-position":"center center","background-size":"auto","background-attachment":"scroll","background-type":"","background-media":"","overlay-type":"","overlay-color":"","overlay-opacity":"","overlay-gradient":""}},"footnotes":""},"class_list":["post-3489","page","type-page","status-publish","hentry"],"acf":[],"uagb_featured_image_src":{"full":false,"thumbnail":false,"medium":false,"medium_large":false,"large":false,"1536x1536":false,"2048x2048":false},"uagb_author_info":{"display_name":"admin","author_link":"https:\/\/dev.betainvest.ee\/tr\/author\/admin\/"},"uagb_comment_info":0,"uagb_excerpt":"G\u00dcMR\u00dcK TEM\u0130NAT H\u0130ZMET\u0130 \u2013 RUSYA Rusya Federasyonu topraklar\u0131nda e\u015fya transit ge\u00e7i\u015fi s\u0131ras\u0131nda g\u00fcmr\u00fck vergileri ve har\u00e7lar\u0131n\u0131n \u00f6denmesine y\u00f6nelik teminat\u0131n d\u00fczenlenmesi ve sunulmas\u0131 Avrasya Ekonomik Birli\u011fi (AEB) \u00fcyesi \u00fclke olan Rusya topraklar\u0131nda yabanc\u0131 mallar\u0131n ta\u015f\u0131nmas\u0131nda g\u00fcmr\u00fck transit prosed\u00fcr\u00fc uygulan\u0131r. Ta\u015f\u0131mac\u0131dan veya mal sahibinden, g\u00fcmr\u00fck vergileri ve har\u00e7lar\u0131n\u0131n \u00f6denmesi i\u00e7in teminat istenir. Bu teminat\u0131n sa\u011flanma yollar\u0131ndan biri&hellip;","_links":{"self":[{"href":"https:\/\/dev.betainvest.ee\/tr\/wp-json\/wp\/v2\/pages\/3489","targetHints":{"allow":["GET"]}}],"collection":[{"href":"https:\/\/dev.betainvest.ee\/tr\/wp-json\/wp\/v2\/pages"}],"about":[{"href":"https:\/\/dev.betainvest.ee\/tr\/wp-json\/wp\/v2\/types\/page"}],"author":[{"embeddable":true,"href":"https:\/\/dev.betainvest.ee\/tr\/wp-json\/wp\/v2\/users\/1"}],"replies":[{"embeddable":true,"href":"https:\/\/dev.betainvest.ee\/tr\/wp-json\/wp\/v2\/comments?post=3489"}],"version-history":[{"count":8,"href":"https:\/\/dev.betainvest.ee\/tr\/wp-json\/wp\/v2\/pages\/3489\/revisions"}],"predecessor-version":[{"id":3857,"href":"https:\/\/dev.betainvest.ee\/tr\/wp-json\/wp\/v2\/pages\/3489\/revisions\/3857"}],"wp:attachment":[{"href":"https:\/\/dev.betainvest.ee\/tr\/wp-json\/wp\/v2\/media?parent=3489"}],"curies":[{"name":"wp","href":"https:\/\/api.w.org\/{rel}","templated":true}]}}