{"id":3488,"date":"2025-07-20T23:56:21","date_gmt":"2025-07-20T23:56:21","guid":{"rendered":"https:\/\/betainvest.ee\/?page_id=3488"},"modified":"2025-07-23T23:27:24","modified_gmt":"2025-07-23T23:27:24","slug":"uluslararasi-ticaret-operasyonlari","status":"publish","type":"page","link":"https:\/\/dev.betainvest.ee\/tr\/uluslararasi-ticaret-operasyonlari\/","title":{"rendered":"Uluslararas\u0131 Ticaret Operasyonlar\u0131"},"content":{"rendered":"\t\t<div data-elementor-type=\"wp-page\" data-elementor-id=\"3488\" class=\"elementor elementor-3488\" data-elementor-post-type=\"page\">\n\t\t\t\t<div class=\"elementor-element elementor-element-1a11a89 e-flex e-con-boxed e-con e-parent\" data-id=\"1a11a89\" data-element_type=\"container\">\n\t\t\t\t\t<div class=\"e-con-inner\">\n\t\t\t\t<div class=\"elementor-element elementor-element-2ddc1f1 elementor-widget elementor-widget-image\" data-id=\"2ddc1f1\" data-element_type=\"widget\" data-widget_type=\"image.default\">\n\t\t\t\t<div class=\"elementor-widget-container\">\n\t\t\t\t\t\t\t\t\t\t\t\t\t\t\t<img fetchpriority=\"high\" decoding=\"async\" width=\"612\" height=\"421\" src=\"https:\/\/dev.betainvest.ee\/wp-content\/uploads\/2025\/07\/istockphoto-1325350394-612x612-1.jpg\" class=\"attachment-medium_large size-medium_large wp-image-3841\" alt=\"\" srcset=\"https:\/\/dev.betainvest.ee\/wp-content\/uploads\/2025\/07\/istockphoto-1325350394-612x612-1.jpg 612w, https:\/\/dev.betainvest.ee\/wp-content\/uploads\/2025\/07\/istockphoto-1325350394-612x612-1-300x206.jpg 300w\" sizes=\"(max-width: 612px) 100vw, 612px\" \/>\t\t\t\t\t\t\t\t\t\t\t\t\t\t\t<\/div>\n\t\t\t\t<\/div>\n\t\t\t\t<div class=\"elementor-element elementor-element-5225b92 elementor-widget elementor-widget-text-editor\" data-id=\"5225b92\" data-element_type=\"widget\" data-widget_type=\"text-editor.default\">\n\t\t\t\t<div class=\"elementor-widget-container\">\n\t\t\t\t\t\t\t\t\t<p data-start=\"193\" data-end=\"462\">Yurtd\u0131\u015f\u0131ndaki firmalarla \u00e7al\u0131\u015fan m\u00fc\u015fterilerimiz i\u00e7in g\u00fcvenli, sa\u011flam ve \u015feffaf bir i\u015f modeli sunuyoruz. T\u00fcm lojistik ve belge i\u015flemlerini biz \u00fcstlenerek, anahtar teslim hizmet sa\u011fl\u0131yor ve m\u00fc\u015fterilerimizin i\u015flerini g\u00f6n\u00fcl rahatl\u0131\u011f\u0131yla b\u00fcy\u00fctebilmelerine yard\u0131mc\u0131 oluyoruz.<\/p><p data-start=\"464\" data-end=\"1242\">\ud83d\udd39 <strong data-start=\"467\" data-end=\"485\">Nas\u0131l \u00c7al\u0131\u015f\u0131r?<\/strong><br data-start=\"485\" data-end=\"488\" \/>\u2022 <strong data-start=\"490\" data-end=\"512\">1. Ad\u0131m \u2013 Sipari\u015f:<\/strong> M\u00fc\u015fteri, ihtiya\u00e7 duydu\u011fu \u00fcr\u00fcn veya mal i\u00e7in sipari\u015f verir. Gerekli y\u00fck taraf\u0131m\u0131zca tedarik edilip sevkiyata haz\u0131r hale getirilir.<br data-start=\"642\" data-end=\"645\" \/>\u2022 <strong data-start=\"647\" data-end=\"678\">2. Ad\u0131m \u2013 Ta\u015f\u0131ma ve G\u00fcmr\u00fck:<\/strong> Uluslararas\u0131 ta\u015f\u0131ma, sigorta kapsam\u0131nda ve takip edilebilir \u015fekilde organize edilir. Hem ihracat\u00e7\u0131 hem de ithalat\u00e7\u0131 \u00fclkelerde t\u00fcm g\u00fcmr\u00fck i\u015flemleri ve resmi belgeler taraf\u0131m\u0131zdan y\u00fcr\u00fct\u00fcl\u00fcr.<br data-start=\"867\" data-end=\"870\" \/>\u2022 <strong data-start=\"872\" data-end=\"895\">3. Ad\u0131m \u2013 Teslimat:<\/strong> Y\u00fck, m\u00fc\u015fterinin \u00fclkesinde belirtilen adrese teslim edilir ve g\u00fcmr\u00fckten resmi olarak \u00e7ekilir.<br data-start=\"988\" data-end=\"991\" \/>\u2022 <strong data-start=\"993\" data-end=\"1013\">4. Ad\u0131m \u2013 \u00d6deme:<\/strong> M\u00fc\u015fteri, yaln\u0131zca fiilen teslim edilmi\u015f ve g\u00fcmr\u00fckten ge\u00e7mi\u015f y\u00fck i\u00e7in \u00f6deme yapar. Teslimattan \u00f6nce herhangi bir \u00f6deme yap\u0131lmaz, ancak al\u0131c\u0131 taraf\u0131ndan sa\u011flanan banka teminat\u0131 ve taraflar aras\u0131nda imzalanm\u0131\u015f bir s\u00f6zle\u015fme gerekir.<\/p><p data-start=\"1244\" data-end=\"1844\">\u2705 <strong data-start=\"1246\" data-end=\"1274\">G\u00fcvenceler ve Avantajlar<\/strong><br data-start=\"1274\" data-end=\"1277\" \/>\u2022 <strong data-start=\"1279\" data-end=\"1306\">Teslimat sonras\u0131 \u00f6deme:<\/strong> M\u00fc\u015fteri, yaln\u0131zca ger\u00e7ekten teslim ald\u0131\u011f\u0131 mal i\u00e7in \u00f6deme yapar.<br data-start=\"1370\" data-end=\"1373\" \/>\u2022 <strong data-start=\"1375\" data-end=\"1409\">Uluslararas\u0131 ta\u015f\u0131ma sigortas\u0131:<\/strong> T\u00fcm lojistik s\u00fcre\u00e7, uluslararas\u0131 sigorta poli\u00e7eleriyle g\u00fcvence alt\u0131ndad\u0131r.<br data-start=\"1484\" data-end=\"1487\" \/>\u2022 <strong data-start=\"1489\" data-end=\"1520\">Hukuki ve g\u00fcmr\u00fck uygunlu\u011fu:<\/strong> T\u00fcm i\u015flemler, ilgili \u00fclkelerin mevzuat\u0131na ve uluslararas\u0131 ticaret kurallar\u0131na uygun olarak ger\u00e7ekle\u015ftirilir.<br data-start=\"1629\" data-end=\"1632\" \/>\u2022 <strong data-start=\"1634\" data-end=\"1657\">Operasyonel destek:<\/strong> Profesyonel ekibimiz, i\u015flem s\u00fcresince m\u00fc\u015fteriye s\u00fcrekli destek sa\u011flar.<br data-start=\"1728\" data-end=\"1731\" \/>\u2022 <strong data-start=\"1733\" data-end=\"1759\">Anahtar teslim hizmet:<\/strong> \u0130thalat\u00e7\u0131lar i\u00e7in zaman ve maliyet tasarrufu sa\u011flayarak t\u00fcm s\u00fcreci biz \u00fcstleniyoruz.<\/p><p data-start=\"1846\" data-end=\"2215\">\u2696\ufe0f <strong data-start=\"1849\" data-end=\"1882\">S\u00f6zle\u015fmeler ve Hukuki G\u00fcvence<\/strong><br data-start=\"1882\" data-end=\"1885\" \/>\u2022 T\u00fcm i\u015flemler, taraflar aras\u0131nda imzalanan <strong data-start=\"1929\" data-end=\"1951\">resm\u00ee s\u00f6zle\u015fmelere<\/strong> dayan\u0131r.<br data-start=\"1960\" data-end=\"1963\" \/>\u2022 S\u00f6zle\u015fmelerde \u015funlar a\u00e7\u0131k\u00e7a belirtilir: <strong data-start=\"2005\" data-end=\"2120\">Teslimat ko\u015fullar\u0131 (Incoterms), \u00f6deme \u015fekli, teslim s\u00fcresi, y\u00fck tan\u0131m\u0131, sigorta kapsam\u0131, ihtilaf \u00e7\u00f6z\u00fcm yollar\u0131.<\/strong><br data-start=\"2120\" data-end=\"2123\" \/>\u2022 Gerekti\u011finde, s\u00f6zle\u015fmeler <strong data-start=\"2151\" data-end=\"2167\">noter onayl\u0131<\/strong> veya <strong data-start=\"2173\" data-end=\"2192\">apostil belgeli<\/strong> olarak d\u00fczenlenebilir.<\/p><p data-start=\"2217\" data-end=\"2438\">\ud83d\udcdc <strong data-start=\"2220\" data-end=\"2248\">M\u00fc\u015fteri \u0130\u00e7in Kolayl\u0131klar<\/strong><br data-start=\"2248\" data-end=\"2251\" \/>\u2022 \u00d6n \u00f6deme veya akreditif gerekmez.<br data-start=\"2286\" data-end=\"2289\" \/>\u2022 Risk minimuma indirilir: \u00f6deme sadece teslimat sonras\u0131 yap\u0131l\u0131r.<br data-start=\"2354\" data-end=\"2357\" \/>\u2022 Karma\u015f\u0131k lojistik s\u00fcre\u00e7lerle u\u011fra\u015fmaya gerek kalmaz \u2013 hepsini biz hallediyoruz.<\/p><p data-start=\"2440\" data-end=\"2721\">\ud83d\udcbc <strong data-start=\"2443\" data-end=\"2468\">Kimler \u0130\u00e7in Uygundur?<\/strong><br data-start=\"2468\" data-end=\"2471\" \/>Bu model \u00f6zellikle \u015fu firmalar i\u00e7in idealdir:<br data-start=\"2516\" data-end=\"2519\" \/>\u2022 Yeni pazarlara a\u00e7\u0131lmak isteyen \u015firketler;<br data-start=\"2562\" data-end=\"2565\" \/>\u2022 Finansal riskleri azaltmay\u0131 hedefleyen i\u015fletmeler;<br data-start=\"2617\" data-end=\"2620\" \/>\u2022 D\u0131\u015f ticaret hacmini art\u0131rmak isteyen firmalar;<br data-start=\"2668\" data-end=\"2671\" \/>\u2022 Uzun vadeli ve g\u00fcvenilir i\u015f ortakl\u0131\u011f\u0131 arayanlar.<\/p>\t\t\t\t\t\t\t\t<\/div>\n\t\t\t\t<\/div>\n\t\t\t\t<div class=\"elementor-element elementor-element-4130faf elementor-widget elementor-widget-heading\" data-id=\"4130faf\" data-element_type=\"widget\" data-widget_type=\"heading.default\">\n\t\t\t\t<div class=\"elementor-widget-container\">\n\t\t\t\t\t<h2 class=\"elementor-heading-title elementor-size-default\">Teslimat Sonras\u0131 \u00d6demeli Uluslararas\u0131 Ticaret Operasyonlar\u0131<\/h2>\t\t\t\t<\/div>\n\t\t\t\t<\/div>\n\t\t\t\t\t<\/div>\n\t\t\t\t<\/div>\n\t\t\t\t<\/div>\n\t\t","protected":false},"excerpt":{"rendered":"<p>Yurtd\u0131\u015f\u0131ndaki firmalarla \u00e7al\u0131\u015fan m\u00fc\u015fterilerimiz i\u00e7in g\u00fcvenli, sa\u011flam ve \u015feffaf bir i\u015f modeli sunuyoruz. T\u00fcm lojistik ve belge i\u015flemlerini biz \u00fcstlenerek, anahtar teslim hizmet sa\u011fl\u0131yor ve m\u00fc\u015fterilerimizin i\u015flerini g\u00f6n\u00fcl rahatl\u0131\u011f\u0131yla b\u00fcy\u00fctebilmelerine yard\u0131mc\u0131 oluyoruz. \ud83d\udd39 Nas\u0131l \u00c7al\u0131\u015f\u0131r?\u2022 1. Ad\u0131m \u2013 Sipari\u015f: M\u00fc\u015fteri, ihtiya\u00e7 duydu\u011fu \u00fcr\u00fcn veya mal i\u00e7in sipari\u015f verir. Gerekli y\u00fck taraf\u0131m\u0131zca tedarik edilip sevkiyata haz\u0131r [&hellip;]<\/p>\n","protected":false},"author":1,"featured_media":0,"parent":0,"menu_order":0,"comment_status":"closed","ping_status":"closed","template":"","meta":{"_acf_changed":false,"_uag_custom_page_level_css":"","site-sidebar-layout":"no-sidebar","site-content-layout":"page-builder","ast-site-content-layout":"full-width-container","site-content-style":"default","site-sidebar-style":"default","ast-global-header-display":"","ast-banner-title-visibility":"","ast-main-header-display":"","ast-hfb-above-header-display":"","ast-hfb-below-header-display":"","ast-hfb-mobile-header-display":"","site-post-title":"disabled","ast-breadcrumbs-content":"","ast-featured-img":"disabled","footer-sml-layout":"","theme-transparent-header-meta":"","adv-header-id-meta":"","stick-header-meta":"","header-above-stick-meta":"","header-main-stick-meta":"","header-below-stick-meta":"","astra-migrate-meta-layouts":"default","ast-page-background-enabled":"default","ast-page-background-meta":{"desktop":{"background-color":"var(--ast-global-color-4)","background-image":"","background-repeat":"repeat","background-position":"center center","background-size":"auto","background-attachment":"scroll","background-type":"","background-media":"","overlay-type":"","overlay-color":"","overlay-opacity":"","overlay-gradient":""},"tablet":{"background-color":"","background-image":"","background-repeat":"repeat","background-position":"center center","background-size":"auto","background-attachment":"scroll","background-type":"","background-media":"","overlay-type":"","overlay-color":"","overlay-opacity":"","overlay-gradient":""},"mobile":{"background-color":"","background-image":"","background-repeat":"repeat","background-position":"center center","background-size":"auto","background-attachment":"scroll","background-type":"","background-media":"","overlay-type":"","overlay-color":"","overlay-opacity":"","overlay-gradient":""}},"ast-content-background-meta":{"desktop":{"background-color":"var(--ast-global-color-5)","background-image":"","background-repeat":"repeat","background-position":"center center","background-size":"auto","background-attachment":"scroll","background-type":"","background-media":"","overlay-type":"","overlay-color":"","overlay-opacity":"","overlay-gradient":""},"tablet":{"background-color":"var(--ast-global-color-5)","background-image":"","background-repeat":"repeat","background-position":"center center","background-size":"auto","background-attachment":"scroll","background-type":"","background-media":"","overlay-type":"","overlay-color":"","overlay-opacity":"","overlay-gradient":""},"mobile":{"background-color":"var(--ast-global-color-5)","background-image":"","background-repeat":"repeat","background-position":"center center","background-size":"auto","background-attachment":"scroll","background-type":"","background-media":"","overlay-type":"","overlay-color":"","overlay-opacity":"","overlay-gradient":""}},"footnotes":""},"class_list":["post-3488","page","type-page","status-publish","hentry"],"acf":[],"uagb_featured_image_src":{"full":false,"thumbnail":false,"medium":false,"medium_large":false,"large":false,"1536x1536":false,"2048x2048":false},"uagb_author_info":{"display_name":"admin","author_link":"https:\/\/dev.betainvest.ee\/tr\/author\/admin\/"},"uagb_comment_info":0,"uagb_excerpt":"Yurtd\u0131\u015f\u0131ndaki firmalarla \u00e7al\u0131\u015fan m\u00fc\u015fterilerimiz i\u00e7in g\u00fcvenli, sa\u011flam ve \u015feffaf bir i\u015f modeli sunuyoruz. T\u00fcm lojistik ve belge i\u015flemlerini biz \u00fcstlenerek, anahtar teslim hizmet sa\u011fl\u0131yor ve m\u00fc\u015fterilerimizin i\u015flerini g\u00f6n\u00fcl rahatl\u0131\u011f\u0131yla b\u00fcy\u00fctebilmelerine yard\u0131mc\u0131 oluyoruz. \ud83d\udd39 Nas\u0131l \u00c7al\u0131\u015f\u0131r?\u2022 1. Ad\u0131m \u2013 Sipari\u015f: M\u00fc\u015fteri, ihtiya\u00e7 duydu\u011fu \u00fcr\u00fcn veya mal i\u00e7in sipari\u015f verir. Gerekli y\u00fck taraf\u0131m\u0131zca tedarik edilip sevkiyata haz\u0131r&hellip;","_links":{"self":[{"href":"https:\/\/dev.betainvest.ee\/tr\/wp-json\/wp\/v2\/pages\/3488","targetHints":{"allow":["GET"]}}],"collection":[{"href":"https:\/\/dev.betainvest.ee\/tr\/wp-json\/wp\/v2\/pages"}],"about":[{"href":"https:\/\/dev.betainvest.ee\/tr\/wp-json\/wp\/v2\/types\/page"}],"author":[{"embeddable":true,"href":"https:\/\/dev.betainvest.ee\/tr\/wp-json\/wp\/v2\/users\/1"}],"replies":[{"embeddable":true,"href":"https:\/\/dev.betainvest.ee\/tr\/wp-json\/wp\/v2\/comments?post=3488"}],"version-history":[{"count":4,"href":"https:\/\/dev.betainvest.ee\/tr\/wp-json\/wp\/v2\/pages\/3488\/revisions"}],"predecessor-version":[{"id":3844,"href":"https:\/\/dev.betainvest.ee\/tr\/wp-json\/wp\/v2\/pages\/3488\/revisions\/3844"}],"wp:attachment":[{"href":"https:\/\/dev.betainvest.ee\/tr\/wp-json\/wp\/v2\/media?parent=3488"}],"curies":[{"name":"wp","href":"https:\/\/api.w.org\/{rel}","templated":true}]}}