{"id":3486,"date":"2025-07-20T23:56:21","date_gmt":"2025-07-20T23:56:21","guid":{"rendered":"https:\/\/betainvest.ee\/?page_id=3486"},"modified":"2025-07-23T14:20:48","modified_gmt":"2025-07-23T14:20:48","slug":"muhendislik-projeleri","status":"publish","type":"page","link":"https:\/\/dev.betainvest.ee\/tr\/muhendislik-projeleri\/","title":{"rendered":"M\u00fchendislik Projeleri"},"content":{"rendered":"\t\t<div data-elementor-type=\"wp-page\" data-elementor-id=\"3486\" class=\"elementor elementor-3486\" data-elementor-post-type=\"page\">\n\t\t\t\t<div class=\"elementor-element elementor-element-6c61386 e-flex e-con-boxed e-con e-parent\" data-id=\"6c61386\" data-element_type=\"container\">\n\t\t\t\t\t<div class=\"e-con-inner\">\n\t\t\t\t<div class=\"elementor-element elementor-element-f87b63c elementor-widget elementor-widget-image\" data-id=\"f87b63c\" data-element_type=\"widget\" data-widget_type=\"image.default\">\n\t\t\t\t<div class=\"elementor-widget-container\">\n\t\t\t\t\t\t\t\t\t\t\t\t\t\t\t<img fetchpriority=\"high\" decoding=\"async\" width=\"768\" height=\"489\" src=\"https:\/\/dev.betainvest.ee\/wp-content\/uploads\/2025\/07\/iStock-486836087-768x489.png\" class=\"attachment-medium_large size-medium_large wp-image-3817\" alt=\"\" srcset=\"https:\/\/dev.betainvest.ee\/wp-content\/uploads\/2025\/07\/iStock-486836087-768x489.png 768w, https:\/\/dev.betainvest.ee\/wp-content\/uploads\/2025\/07\/iStock-486836087-300x191.png 300w, https:\/\/dev.betainvest.ee\/wp-content\/uploads\/2025\/07\/iStock-486836087.png 892w\" sizes=\"(max-width: 768px) 100vw, 768px\" \/>\t\t\t\t\t\t\t\t\t\t\t\t\t\t\t<\/div>\n\t\t\t\t<\/div>\n\t\t\t\t<div class=\"elementor-element elementor-element-09089a0 elementor-widget elementor-widget-heading\" data-id=\"09089a0\" data-element_type=\"widget\" data-widget_type=\"heading.default\">\n\t\t\t\t<div class=\"elementor-widget-container\">\n\t\t\t\t\t<h2 class=\"elementor-heading-title elementor-size-default\">\ud83c\uddf9\ud83c\uddf7 M\u00fchendislik ve Ta\u015f\u0131mac\u0131l\u0131k \u00c7\u00f6z\u00fcmleri<\/h2>\t\t\t\t<\/div>\n\t\t\t\t<\/div>\n\t\t\t\t<div class=\"elementor-element elementor-element-d9fa4c1 elementor-widget elementor-widget-text-editor\" data-id=\"d9fa4c1\" data-element_type=\"widget\" data-widget_type=\"text-editor.default\">\n\t\t\t\t<div class=\"elementor-widget-container\">\n\t\t\t\t\t\t\t\t\t<p data-start=\"1866\" data-end=\"2255\">\u0130ster havayoluyla, ister denizyoluyla, ister karayoluyla olsun \u2014 d\u00fcnya genelindeki insanlar\u0131 ve topluluklar\u0131 birle\u015ftiren, ekonomik kalk\u0131nmay\u0131 te\u015fvik eden ak\u0131ll\u0131 ve entegre ula\u015f\u0131m altyap\u0131s\u0131 i\u00e7in adil ve s\u00fcrd\u00fcr\u00fclebilir \u00e7\u00f6z\u00fcmler \u00fcretiyoruz. Havac\u0131l\u0131ktan demiryollar\u0131na, toplu ta\u015f\u0131madan otoyollara, k\u00f6pr\u00fclere, limanlara ve deniz ta\u015f\u0131mac\u0131l\u0131\u011f\u0131na kadar \u2014 gelecek nesillerin hareketini sa\u011fl\u0131yoruz.<\/p><p data-start=\"2257\" data-end=\"2517\">Stratejik ama ayn\u0131 zamanda pratigiz: t\u00fcm ula\u015f\u0131m t\u00fcrlerinde \u00f6nemli altyap\u0131 projelerini hayata ge\u00e7irirken, yenilikleri uygulayarak ve \u00e7evresel fakt\u00f6rleri ile yerel topluluklar\u0131n \u00e7\u0131karlar\u0131n\u0131 dikkate alarak m\u00fc\u015fterilerimize tasarruf sa\u011flamalar\u0131na yard\u0131mc\u0131 oluyoruz.<\/p><p data-start=\"2519\" data-end=\"2729\"><strong data-start=\"2519\" data-end=\"2533\">Betainvest<\/strong>, ula\u015f\u0131m planlamas\u0131ndan m\u00fchendislik tasar\u0131m\u0131na, ta\u015f\u0131ma y\u00f6netiminden yenilik\u00e7i finansal mekanizmalarla ekonomik destek geli\u015ftirmeye kadar maliyet a\u00e7\u0131s\u0131ndan etkili \u00e7\u00f6z\u00fcmler ve hizmetler sunmaktad\u0131r.<\/p><p data-start=\"2731\" data-end=\"3045\">Hangi a\u015famada olursan\u0131z olun \u2014 planlama, altyap\u0131 modernizasyonu veya gelece\u011fin dijital ve enerji ihtiya\u00e7lar\u0131n\u0131 de\u011ferlendirme \u2014 <strong data-start=\"2858\" data-end=\"2872\">Betainvest<\/strong> entegre \u00e7\u00f6z\u00fcmler sunar. Geli\u015fmi\u015f olanaklara, kaliteli hizmetlere ve d\u00fc\u015f\u00fcnceli tasar\u0131ma sahip modern alanlar olu\u015fturarak i\u015finizin her y\u00f6n\u00fcn\u00fc iyile\u015ftirmenize yard\u0131mc\u0131 oluruz.<\/p><p data-start=\"3047\" data-end=\"3316\">Ekibimiz; planlama, dan\u0131\u015fmanl\u0131k, y\u00f6netim ve proje uygulama konular\u0131nda gerekli uzmanl\u0131\u011fa sahip olup, milyonlarca ton y\u00fck\u00fcn ta\u015f\u0131nmas\u0131yla ilgili karma\u015f\u0131k zorluklar\u0131 \u00e7\u00f6zmeye ve m\u00fc\u015fterilerimizin ihtiya\u00e7lar\u0131na \u00f6zel s\u00fcrd\u00fcr\u00fclebilir m\u00fchendislik \u00e7\u00f6z\u00fcmleri geli\u015ftirmeye haz\u0131rd\u0131r.<\/p><p data-start=\"3318\" data-end=\"3575\">K\u00fcresel uzman a\u011f\u0131m\u0131z hizmetinizdedir; b\u00f6ylece projelerinizi bug\u00fcn ve gelecekte g\u00fcvenle planlayabilir ve hayata ge\u00e7irebilirsiniz. Daha ba\u011flant\u0131l\u0131 ve s\u00fcrd\u00fcr\u00fclebilir bir d\u00fcnya i\u00e7in farkl\u0131 alanlardaki bilgileri bir araya getirerek yenilik\u00e7i \u00e7\u00f6z\u00fcmler \u00fcretiyoruz.<\/p>\t\t\t\t\t\t\t\t<\/div>\n\t\t\t\t<\/div>\n\t\t\t\t<div class=\"elementor-element elementor-element-5c1b229 elementor-widget elementor-widget-image\" data-id=\"5c1b229\" data-element_type=\"widget\" data-widget_type=\"image.default\">\n\t\t\t\t<div class=\"elementor-widget-container\">\n\t\t\t\t\t\t\t\t\t\t\t\t\t\t\t<img decoding=\"async\" width=\"612\" height=\"288\" src=\"https:\/\/dev.betainvest.ee\/wp-content\/uploads\/2025\/06\/istockphoto-1409702826-612x612-1.jpg\" class=\"attachment-medium_large size-medium_large wp-image-3107\" alt=\"\" srcset=\"https:\/\/dev.betainvest.ee\/wp-content\/uploads\/2025\/06\/istockphoto-1409702826-612x612-1.jpg 612w, https:\/\/dev.betainvest.ee\/wp-content\/uploads\/2025\/06\/istockphoto-1409702826-612x612-1-300x141.jpg 300w\" sizes=\"(max-width: 612px) 100vw, 612px\" \/>\t\t\t\t\t\t\t\t\t\t\t\t\t\t\t<\/div>\n\t\t\t\t<\/div>\n\t\t\t\t\t<\/div>\n\t\t\t\t<\/div>\n\t\t\t\t<\/div>\n\t\t","protected":false},"excerpt":{"rendered":"<p>\ud83c\uddf9\ud83c\uddf7 M\u00fchendislik ve Ta\u015f\u0131mac\u0131l\u0131k \u00c7\u00f6z\u00fcmleri \u0130ster havayoluyla, ister denizyoluyla, ister karayoluyla olsun \u2014 d\u00fcnya genelindeki insanlar\u0131 ve topluluklar\u0131 birle\u015ftiren, ekonomik kalk\u0131nmay\u0131 te\u015fvik eden ak\u0131ll\u0131 ve entegre ula\u015f\u0131m altyap\u0131s\u0131 i\u00e7in adil ve s\u00fcrd\u00fcr\u00fclebilir \u00e7\u00f6z\u00fcmler \u00fcretiyoruz. Havac\u0131l\u0131ktan demiryollar\u0131na, toplu ta\u015f\u0131madan otoyollara, k\u00f6pr\u00fclere, limanlara ve deniz ta\u015f\u0131mac\u0131l\u0131\u011f\u0131na kadar \u2014 gelecek nesillerin hareketini sa\u011fl\u0131yoruz. Stratejik ama ayn\u0131 zamanda pratigiz: [&hellip;]<\/p>\n","protected":false},"author":1,"featured_media":0,"parent":0,"menu_order":0,"comment_status":"closed","ping_status":"closed","template":"","meta":{"_acf_changed":false,"_uag_custom_page_level_css":"","site-sidebar-layout":"no-sidebar","site-content-layout":"page-builder","ast-site-content-layout":"full-width-container","site-content-style":"default","site-sidebar-style":"default","ast-global-header-display":"","ast-banner-title-visibility":"","ast-main-header-display":"","ast-hfb-above-header-display":"","ast-hfb-below-header-display":"","ast-hfb-mobile-header-display":"","site-post-title":"disabled","ast-breadcrumbs-content":"","ast-featured-img":"disabled","footer-sml-layout":"","theme-transparent-header-meta":"","adv-header-id-meta":"","stick-header-meta":"","header-above-stick-meta":"","header-main-stick-meta":"","header-below-stick-meta":"","astra-migrate-meta-layouts":"default","ast-page-background-enabled":"default","ast-page-background-meta":{"desktop":{"background-color":"var(--ast-global-color-4)","background-image":"","background-repeat":"repeat","background-position":"center center","background-size":"auto","background-attachment":"scroll","background-type":"","background-media":"","overlay-type":"","overlay-color":"","overlay-opacity":"","overlay-gradient":""},"tablet":{"background-color":"","background-image":"","background-repeat":"repeat","background-position":"center center","background-size":"auto","background-attachment":"scroll","background-type":"","background-media":"","overlay-type":"","overlay-color":"","overlay-opacity":"","overlay-gradient":""},"mobile":{"background-color":"","background-image":"","background-repeat":"repeat","background-position":"center center","background-size":"auto","background-attachment":"scroll","background-type":"","background-media":"","overlay-type":"","overlay-color":"","overlay-opacity":"","overlay-gradient":""}},"ast-content-background-meta":{"desktop":{"background-color":"var(--ast-global-color-5)","background-image":"","background-repeat":"repeat","background-position":"center center","background-size":"auto","background-attachment":"scroll","background-type":"","background-media":"","overlay-type":"","overlay-color":"","overlay-opacity":"","overlay-gradient":""},"tablet":{"background-color":"var(--ast-global-color-5)","background-image":"","background-repeat":"repeat","background-position":"center center","background-size":"auto","background-attachment":"scroll","background-type":"","background-media":"","overlay-type":"","overlay-color":"","overlay-opacity":"","overlay-gradient":""},"mobile":{"background-color":"var(--ast-global-color-5)","background-image":"","background-repeat":"repeat","background-position":"center center","background-size":"auto","background-attachment":"scroll","background-type":"","background-media":"","overlay-type":"","overlay-color":"","overlay-opacity":"","overlay-gradient":""}},"footnotes":""},"class_list":["post-3486","page","type-page","status-publish","hentry"],"acf":[],"uagb_featured_image_src":{"full":false,"thumbnail":false,"medium":false,"medium_large":false,"large":false,"1536x1536":false,"2048x2048":false},"uagb_author_info":{"display_name":"admin","author_link":"https:\/\/dev.betainvest.ee\/tr\/author\/admin\/"},"uagb_comment_info":0,"uagb_excerpt":"\ud83c\uddf9\ud83c\uddf7 M\u00fchendislik ve Ta\u015f\u0131mac\u0131l\u0131k \u00c7\u00f6z\u00fcmleri \u0130ster havayoluyla, ister denizyoluyla, ister karayoluyla olsun \u2014 d\u00fcnya genelindeki insanlar\u0131 ve topluluklar\u0131 birle\u015ftiren, ekonomik kalk\u0131nmay\u0131 te\u015fvik eden ak\u0131ll\u0131 ve entegre ula\u015f\u0131m altyap\u0131s\u0131 i\u00e7in adil ve s\u00fcrd\u00fcr\u00fclebilir \u00e7\u00f6z\u00fcmler \u00fcretiyoruz. Havac\u0131l\u0131ktan demiryollar\u0131na, toplu ta\u015f\u0131madan otoyollara, k\u00f6pr\u00fclere, limanlara ve deniz ta\u015f\u0131mac\u0131l\u0131\u011f\u0131na kadar \u2014 gelecek nesillerin hareketini sa\u011fl\u0131yoruz. Stratejik ama ayn\u0131 zamanda pratigiz:&hellip;","_links":{"self":[{"href":"https:\/\/dev.betainvest.ee\/tr\/wp-json\/wp\/v2\/pages\/3486","targetHints":{"allow":["GET"]}}],"collection":[{"href":"https:\/\/dev.betainvest.ee\/tr\/wp-json\/wp\/v2\/pages"}],"about":[{"href":"https:\/\/dev.betainvest.ee\/tr\/wp-json\/wp\/v2\/types\/page"}],"author":[{"embeddable":true,"href":"https:\/\/dev.betainvest.ee\/tr\/wp-json\/wp\/v2\/users\/1"}],"replies":[{"embeddable":true,"href":"https:\/\/dev.betainvest.ee\/tr\/wp-json\/wp\/v2\/comments?post=3486"}],"version-history":[{"count":13,"href":"https:\/\/dev.betainvest.ee\/tr\/wp-json\/wp\/v2\/pages\/3486\/revisions"}],"predecessor-version":[{"id":3824,"href":"https:\/\/dev.betainvest.ee\/tr\/wp-json\/wp\/v2\/pages\/3486\/revisions\/3824"}],"wp:attachment":[{"href":"https:\/\/dev.betainvest.ee\/tr\/wp-json\/wp\/v2\/media?parent=3486"}],"curies":[{"name":"wp","href":"https:\/\/api.w.org\/{rel}","templated":true}]}}