{"id":1726,"date":"2025-06-06T13:23:43","date_gmt":"2025-06-06T13:23:43","guid":{"rendered":"https:\/\/betainvest.ee\/services-3"},"modified":"2025-07-23T23:31:03","modified_gmt":"2025-07-23T23:31:03","slug":"services-3","status":"publish","type":"page","link":"https:\/\/dev.betainvest.ee\/tr\/services-3\/","title":{"rendered":"Services"},"content":{"rendered":"\t\t<div data-elementor-type=\"wp-page\" data-elementor-id=\"1726\" class=\"elementor elementor-1726\" data-elementor-post-type=\"page\">\n\t\t\t\t<div class=\"elementor-element elementor-element-ed5342b e-con-full e-flex e-con e-parent\" data-id=\"ed5342b\" data-element_type=\"container\" data-settings=\"{&quot;background_background&quot;:&quot;classic&quot;,&quot;background_motion_fx_motion_fx_scrolling&quot;:&quot;yes&quot;,&quot;background_motion_fx_opacity_effect&quot;:&quot;yes&quot;,&quot;background_motion_fx_opacity_level&quot;:{&quot;unit&quot;:&quot;px&quot;,&quot;size&quot;:3.4,&quot;sizes&quot;:[]},&quot;background_motion_fx_translateY_effect&quot;:&quot;yes&quot;,&quot;background_motion_fx_translateY_speed&quot;:{&quot;unit&quot;:&quot;px&quot;,&quot;size&quot;:5,&quot;sizes&quot;:[]},&quot;background_motion_fx_translateY_affectedRange&quot;:{&quot;unit&quot;:&quot;%&quot;,&quot;size&quot;:&quot;&quot;,&quot;sizes&quot;:{&quot;start&quot;:54,&quot;end&quot;:100}},&quot;background_motion_fx_translateX_effect&quot;:&quot;yes&quot;,&quot;background_motion_fx_translateX_direction&quot;:&quot;negative&quot;,&quot;background_motion_fx_translateX_speed&quot;:{&quot;unit&quot;:&quot;px&quot;,&quot;size&quot;:2,&quot;sizes&quot;:[]},&quot;background_motion_fx_translateX_affectedRange&quot;:{&quot;unit&quot;:&quot;%&quot;,&quot;size&quot;:&quot;&quot;,&quot;sizes&quot;:{&quot;start&quot;:7,&quot;end&quot;:100}},&quot;background_motion_fx_opacity_range&quot;:{&quot;unit&quot;:&quot;%&quot;,&quot;size&quot;:&quot;&quot;,&quot;sizes&quot;:{&quot;start&quot;:0,&quot;end&quot;:80}},&quot;background_motion_fx_scale_effect&quot;:&quot;yes&quot;,&quot;background_motion_fx_scale_speed&quot;:{&quot;unit&quot;:&quot;px&quot;,&quot;size&quot;:-5,&quot;sizes&quot;:[]},&quot;background_motion_fx_opacity_direction&quot;:&quot;out-in&quot;,&quot;background_motion_fx_scale_direction&quot;:&quot;out-in&quot;,&quot;background_motion_fx_scale_range&quot;:{&quot;unit&quot;:&quot;%&quot;,&quot;size&quot;:&quot;&quot;,&quot;sizes&quot;:{&quot;start&quot;:20,&quot;end&quot;:80}},&quot;background_motion_fx_devices&quot;:[&quot;desktop&quot;,&quot;tablet&quot;,&quot;mobile&quot;]}\">\n\t\t\t\t<\/div>\n\t\t<div class=\"elementor-element elementor-element-0ca4434 e-flex e-con-boxed e-con e-parent\" data-id=\"0ca4434\" data-element_type=\"container\">\n\t\t\t\t\t<div class=\"e-con-inner\">\n\t\t\t\t<div class=\"elementor-element elementor-element-0b04289 elementor-widget elementor-widget-spacer\" data-id=\"0b04289\" data-element_type=\"widget\" data-widget_type=\"spacer.default\">\n\t\t\t\t<div class=\"elementor-widget-container\">\n\t\t\t\t\t\t\t<div class=\"elementor-spacer\">\n\t\t\t<div class=\"elementor-spacer-inner\"><\/div>\n\t\t<\/div>\n\t\t\t\t\t\t<\/div>\n\t\t\t\t<\/div>\n\t\t\t\t<div class=\"elementor-element elementor-element-b1fa031 elementor-widget elementor-widget-heading\" data-id=\"b1fa031\" data-element_type=\"widget\" data-widget_type=\"heading.default\">\n\t\t\t\t<div class=\"elementor-widget-container\">\n\t\t\t\t\t<h2 class=\"elementor-heading-title elementor-size-default\">HIZMETLERIMIZ<\/h2>\t\t\t\t<\/div>\n\t\t\t\t<\/div>\n\t\t\t\t\t<\/div>\n\t\t\t\t<\/div>\n\t\t<div class=\"elementor-element elementor-element-e204567 e-flex e-con-boxed e-con e-parent\" data-id=\"e204567\" data-element_type=\"container\">\n\t\t\t\t\t<div class=\"e-con-inner\">\n\t\t<div class=\"elementor-element elementor-element-8c13990 e-con-full e-flex e-con e-child\" data-id=\"8c13990\" data-element_type=\"container\">\n\t\t\t\t<div class=\"elementor-element elementor-element-58950ec elementor-widget elementor-widget-heading\" data-id=\"58950ec\" data-element_type=\"widget\" data-widget_type=\"heading.default\">\n\t\t\t\t<div class=\"elementor-widget-container\">\n\t\t\t\t\t<h2 class=\"elementor-heading-title elementor-size-default\">Ta\u015f\u0131mac\u0131l\u0131k i\u015finiz i\u00e7in etkili \u00e7\u00f6z\u00fcmler!<\/h2>\t\t\t\t<\/div>\n\t\t\t\t<\/div>\n\t\t\t\t<div class=\"elementor-element elementor-element-4dd8836 elementor-widget elementor-widget-text-editor\" data-id=\"4dd8836\" data-element_type=\"widget\" data-widget_type=\"text-editor.default\">\n\t\t\t\t<div class=\"elementor-widget-container\">\n\t\t\t\t\t\t\t\t\t<p>T\u00fcrkiye\u2019deki Ta\u015f\u0131mac\u0131l\u0131k \u015eirketleri I\u00e7in \u00d6zel Olarak Geli\u015ftirilmi\u015f Geni\u015f Hizmet Yelpazemizi Sunmaktan Memnuniyet Duyuyoruz. \u00c7\u00f6z\u00fcmlerimiz, Verimlili\u011finizi Art\u0131rman\u0131za Ve I\u015f S\u00fcre\u00e7lerinizi Optimize Etmenize Yard\u0131mc\u0131 Olacakt\u0131r.<\/p>\t\t\t\t\t\t\t\t<\/div>\n\t\t\t\t<\/div>\n\t\t\t\t<div class=\"elementor-element elementor-element-56eb5a9 elementor-button-info elementor-widget elementor-widget-button\" data-id=\"56eb5a9\" data-element_type=\"widget\" data-widget_type=\"button.default\">\n\t\t\t\t<div class=\"elementor-widget-container\">\n\t\t\t\t\t\t\t\t\t<div class=\"elementor-button-wrapper\">\n\t\t\t\t\t<a class=\"elementor-button elementor-button-link elementor-size-sm\" href=\"https:\/\/betainvest.ee\/tasimacilik-sirketlerine-hizmetlerimiz\/\">\n\t\t\t\t\t\t<span class=\"elementor-button-content-wrapper\">\n\t\t\t\t\t\t<span class=\"elementor-button-icon\">\n\t\t\t\t<svg aria-hidden=\"true\" class=\"e-font-icon-svg e-far-arrow-alt-circle-right\" viewBox=\"0 0 512 512\" xmlns=\"http:\/\/www.w3.org\/2000\/svg\"><path d=\"M504 256C504 119 393 8 256 8S8 119 8 256s111 248 248 248 248-111 248-248zm-448 0c0-110.5 89.5-200 200-200s200 89.5 200 200-89.5 200-200 200S56 366.5 56 256zm72 20v-40c0-6.6 5.4-12 12-12h116v-67c0-10.7 12.9-16 20.5-8.5l99 99c4.7 4.7 4.7 12.3 0 17l-99 99c-7.6 7.6-20.5 2.2-20.5-8.5v-67H140c-6.6 0-12-5.4-12-12z\"><\/path><\/svg>\t\t\t<\/span>\n\t\t\t\t\t\t\t\t\t<span class=\"elementor-button-text\">daha fazla bilgi<\/span>\n\t\t\t\t\t<\/span>\n\t\t\t\t\t<\/a>\n\t\t\t\t<\/div>\n\t\t\t\t\t\t\t\t<\/div>\n\t\t\t\t<\/div>\n\t\t\t\t<\/div>\n\t\t<div class=\"elementor-element elementor-element-c5b4b15 e-con-full e-flex e-con e-child\" data-id=\"c5b4b15\" data-element_type=\"container\">\n\t\t\t\t<div class=\"elementor-element elementor-element-fe43fa8 elementor-widget elementor-widget-image\" data-id=\"fe43fa8\" data-element_type=\"widget\" data-widget_type=\"image.default\">\n\t\t\t\t<div class=\"elementor-widget-container\">\n\t\t\t\t\t\t\t\t\t\t\t\t\t\t\t<img fetchpriority=\"high\" decoding=\"async\" width=\"612\" height=\"286\" src=\"https:\/\/dev.betainvest.ee\/wp-content\/uploads\/2025\/07\/istockphoto-1250153450-612x612-1.jpg\" class=\"attachment-medium_large size-medium_large wp-image-2960\" alt=\"\" srcset=\"https:\/\/dev.betainvest.ee\/wp-content\/uploads\/2025\/07\/istockphoto-1250153450-612x612-1.jpg 612w, https:\/\/dev.betainvest.ee\/wp-content\/uploads\/2025\/07\/istockphoto-1250153450-612x612-1-300x140.jpg 300w\" sizes=\"(max-width: 612px) 100vw, 612px\" \/>\t\t\t\t\t\t\t\t\t\t\t\t\t\t\t<\/div>\n\t\t\t\t<\/div>\n\t\t\t\t<\/div>\n\t\t\t\t\t<\/div>\n\t\t\t\t<\/div>\n\t\t<div class=\"elementor-element elementor-element-f7e4cc4 e-flex e-con-boxed e-con e-parent\" data-id=\"f7e4cc4\" data-element_type=\"container\">\n\t\t\t\t\t<div class=\"e-con-inner\">\n\t\t\t\t<div class=\"elementor-element elementor-element-273d39c elementor-widget elementor-widget-spacer\" data-id=\"273d39c\" data-element_type=\"widget\" data-widget_type=\"spacer.default\">\n\t\t\t\t<div class=\"elementor-widget-container\">\n\t\t\t\t\t\t\t<div class=\"elementor-spacer\">\n\t\t\t<div class=\"elementor-spacer-inner\"><\/div>\n\t\t<\/div>\n\t\t\t\t\t\t<\/div>\n\t\t\t\t<\/div>\n\t\t\t\t\t<\/div>\n\t\t\t\t<\/div>\n\t\t<div class=\"elementor-element elementor-element-b288ac5 e-con-full e-flex e-con e-parent\" data-id=\"b288ac5\" data-element_type=\"container\">\n\t\t<div class=\"elementor-element elementor-element-3a381b2 e-con-full e-flex e-con e-child\" data-id=\"3a381b2\" data-element_type=\"container\">\n\t\t\t\t<div class=\"elementor-element elementor-element-d77bfc0 elementor-widget elementor-widget-heading\" data-id=\"d77bfc0\" data-element_type=\"widget\" data-widget_type=\"heading.default\">\n\t\t\t\t<div class=\"elementor-widget-container\">\n\t\t\t\t\t<h2 class=\"elementor-heading-title elementor-size-default\">Teslimat Sonras\u0131 \u00d6demeli Uluslararas\u0131 Ticaret Operasyonlar\u0131<\/h2>\t\t\t\t<\/div>\n\t\t\t\t<\/div>\n\t\t\t\t<div class=\"elementor-element elementor-element-4931bf6 elementor-widget elementor-widget-text-editor\" data-id=\"4931bf6\" data-element_type=\"widget\" data-widget_type=\"text-editor.default\">\n\t\t\t\t<div class=\"elementor-widget-container\">\n\t\t\t\t\t\t\t\t\t<p>Yurtd\u0131\u015f\u0131nda i\u015f yapan m\u00fc\u015fterilerimize, anahtar teslim uluslararas\u0131 ta\u015f\u0131ma hizmetleri sunarak i\u015flerini g\u00fcvenle b\u00fcy\u00fctmelerine yard\u0131mc\u0131 oluyoruz \u2014 risksiz ve kay\u0131ps\u0131z.<br data-start=\"298\" data-end=\"301\" \/>M\u00fc\u015fterilerimiz sadece sipari\u015f veriyor, biz ise y\u00fck\u00fc do\u011frudan kendilerine teslim ediyoruz. \u00d6deme ise yaln\u0131zca m\u00fc\u015fterinin \u00fclkesine fiilen teslim edilen ve g\u00fcmr\u00fckten ge\u00e7mi\u015f y\u00fck i\u00e7in yap\u0131l\u0131r.<\/p>\t\t\t\t\t\t\t\t<\/div>\n\t\t\t\t<\/div>\n\t\t\t\t<div class=\"elementor-element elementor-element-77798b1 elementor-button-info elementor-widget elementor-widget-button\" data-id=\"77798b1\" data-element_type=\"widget\" data-widget_type=\"button.default\">\n\t\t\t\t<div class=\"elementor-widget-container\">\n\t\t\t\t\t\t\t\t\t<div class=\"elementor-button-wrapper\">\n\t\t\t\t\t<a class=\"elementor-button elementor-button-link elementor-size-sm\" href=\"https:\/\/betainvest.ee\/uluslararasi-ticaret-operasyonlari\/\">\n\t\t\t\t\t\t<span class=\"elementor-button-content-wrapper\">\n\t\t\t\t\t\t<span class=\"elementor-button-icon\">\n\t\t\t\t<svg aria-hidden=\"true\" class=\"e-font-icon-svg e-far-arrow-alt-circle-right\" viewBox=\"0 0 512 512\" xmlns=\"http:\/\/www.w3.org\/2000\/svg\"><path d=\"M504 256C504 119 393 8 256 8S8 119 8 256s111 248 248 248 248-111 248-248zm-448 0c0-110.5 89.5-200 200-200s200 89.5 200 200-89.5 200-200 200S56 366.5 56 256zm72 20v-40c0-6.6 5.4-12 12-12h116v-67c0-10.7 12.9-16 20.5-8.5l99 99c4.7 4.7 4.7 12.3 0 17l-99 99c-7.6 7.6-20.5 2.2-20.5-8.5v-67H140c-6.6 0-12-5.4-12-12z\"><\/path><\/svg>\t\t\t<\/span>\n\t\t\t\t\t\t\t\t\t<span class=\"elementor-button-text\">daha fazla bilgi<\/span>\n\t\t\t\t\t<\/span>\n\t\t\t\t\t<\/a>\n\t\t\t\t<\/div>\n\t\t\t\t\t\t\t\t<\/div>\n\t\t\t\t<\/div>\n\t\t\t\t<\/div>\n\t\t<div class=\"elementor-element elementor-element-ddccb40 e-con-full e-flex e-con e-child\" data-id=\"ddccb40\" data-element_type=\"container\">\n\t\t\t\t<div class=\"elementor-element elementor-element-d04f9d8 elementor-widget elementor-widget-image\" data-id=\"d04f9d8\" data-element_type=\"widget\" data-widget_type=\"image.default\">\n\t\t\t\t<div class=\"elementor-widget-container\">\n\t\t\t\t\t\t\t\t\t\t\t\t\t\t\t<img decoding=\"async\" width=\"612\" height=\"322\" src=\"https:\/\/dev.betainvest.ee\/wp-content\/uploads\/2025\/07\/\u043c\u0435\u0436\u0434\u0443\u043d\u0430\u0440\u043e\u0434\u043d\u044b\u0435-\u0433\u0440\u0443\u0437\u044b.jpg\" class=\"attachment-medium_large size-medium_large wp-image-3020\" alt=\"\" srcset=\"https:\/\/dev.betainvest.ee\/wp-content\/uploads\/2025\/07\/\u043c\u0435\u0436\u0434\u0443\u043d\u0430\u0440\u043e\u0434\u043d\u044b\u0435-\u0433\u0440\u0443\u0437\u044b.jpg 612w, https:\/\/dev.betainvest.ee\/wp-content\/uploads\/2025\/07\/\u043c\u0435\u0436\u0434\u0443\u043d\u0430\u0440\u043e\u0434\u043d\u044b\u0435-\u0433\u0440\u0443\u0437\u044b-300x158.jpg 300w\" sizes=\"(max-width: 612px) 100vw, 612px\" \/>\t\t\t\t\t\t\t\t\t\t\t\t\t\t\t<\/div>\n\t\t\t\t<\/div>\n\t\t\t\t<\/div>\n\t\t\t\t<\/div>\n\t\t<div class=\"elementor-element elementor-element-2d5ec1b e-flex e-con-boxed e-con e-parent\" data-id=\"2d5ec1b\" data-element_type=\"container\">\n\t\t\t\t\t<div class=\"e-con-inner\">\n\t\t\t\t\t<\/div>\n\t\t\t\t<\/div>\n\t\t<div class=\"elementor-element elementor-element-a185ece e-flex e-con-boxed e-con e-parent\" data-id=\"a185ece\" data-element_type=\"container\">\n\t\t\t\t\t<div class=\"e-con-inner\">\n\t\t<div class=\"elementor-element elementor-element-e1dfa67 e-con-full e-flex e-con e-child\" data-id=\"e1dfa67\" data-element_type=\"container\">\n\t\t\t\t<div class=\"elementor-element elementor-element-cf116cb elementor-widget elementor-widget-heading\" data-id=\"cf116cb\" data-element_type=\"widget\" data-widget_type=\"heading.default\">\n\t\t\t\t<div class=\"elementor-widget-container\">\n\t\t\t\t\t<h2 class=\"elementor-heading-title elementor-size-default\">Yat\u0131r\u0131m Odakl\u0131 M\u00fchendislik Projeleri<\/h2>\t\t\t\t<\/div>\n\t\t\t\t<\/div>\n\t\t\t\t<div class=\"elementor-element elementor-element-359f0c1 elementor-widget elementor-widget-text-editor\" data-id=\"359f0c1\" data-element_type=\"widget\" data-widget_type=\"text-editor.default\">\n\t\t\t\t<div class=\"elementor-widget-container\">\n\t\t\t\t\t\t\t\t\t<p>M\u00fchendislik hizmetleri, \u015firketimizin faaliyet alanlar\u0131n\u0131n temel ta\u015flar\u0131ndan biridir. Bu sekt\u00f6re \u00f6zel \u00f6nem veriyor, gelecek vadeden projeleri finanse ediyor, \u00f6nde gelen tasar\u0131m b\u00fcrolar\u0131yla i\u015f birli\u011fi yap\u0131yor ve m\u00fchendislik \u00e7\u00f6z\u00fcmlerinin geli\u015ftirilmesine aktif olarak yat\u0131r\u0131m yap\u0131yoruz.<\/p>\t\t\t\t\t\t\t\t<\/div>\n\t\t\t\t<\/div>\n\t\t\t\t<div class=\"elementor-element elementor-element-bce50ca elementor-button-info elementor-widget elementor-widget-button\" data-id=\"bce50ca\" data-element_type=\"widget\" data-widget_type=\"button.default\">\n\t\t\t\t<div class=\"elementor-widget-container\">\n\t\t\t\t\t\t\t\t\t<div class=\"elementor-button-wrapper\">\n\t\t\t\t\t<a class=\"elementor-button elementor-button-link elementor-size-sm\" href=\"https:\/\/betainvest.ee\/muhendislik-projeleri\/\">\n\t\t\t\t\t\t<span class=\"elementor-button-content-wrapper\">\n\t\t\t\t\t\t<span class=\"elementor-button-icon\">\n\t\t\t\t<svg aria-hidden=\"true\" class=\"e-font-icon-svg e-far-arrow-alt-circle-right\" viewBox=\"0 0 512 512\" xmlns=\"http:\/\/www.w3.org\/2000\/svg\"><path d=\"M504 256C504 119 393 8 256 8S8 119 8 256s111 248 248 248 248-111 248-248zm-448 0c0-110.5 89.5-200 200-200s200 89.5 200 200-89.5 200-200 200S56 366.5 56 256zm72 20v-40c0-6.6 5.4-12 12-12h116v-67c0-10.7 12.9-16 20.5-8.5l99 99c4.7 4.7 4.7 12.3 0 17l-99 99c-7.6 7.6-20.5 2.2-20.5-8.5v-67H140c-6.6 0-12-5.4-12-12z\"><\/path><\/svg>\t\t\t<\/span>\n\t\t\t\t\t\t\t\t\t<span class=\"elementor-button-text\">daha fazla bilgi<\/span>\n\t\t\t\t\t<\/span>\n\t\t\t\t\t<\/a>\n\t\t\t\t<\/div>\n\t\t\t\t\t\t\t\t<\/div>\n\t\t\t\t<\/div>\n\t\t\t\t<\/div>\n\t\t<div class=\"elementor-element elementor-element-fbfdc11 e-con-full e-flex e-con e-child\" data-id=\"fbfdc11\" data-element_type=\"container\">\n\t\t\t\t<div class=\"elementor-element elementor-element-ec3d64d elementor-widget elementor-widget-image\" data-id=\"ec3d64d\" data-element_type=\"widget\" data-widget_type=\"image.default\">\n\t\t\t\t<div class=\"elementor-widget-container\">\n\t\t\t\t\t\t\t\t\t\t\t\t\t\t\t<img decoding=\"async\" width=\"768\" height=\"384\" src=\"https:\/\/dev.betainvest.ee\/wp-content\/uploads\/2025\/07\/\u0418\u043d\u0436\u0435\u043d\u0435\u0440\u0438\u043d\u0433-768x384.png\" class=\"attachment-medium_large size-medium_large wp-image-2978\" alt=\"\" srcset=\"https:\/\/dev.betainvest.ee\/wp-content\/uploads\/2025\/07\/\u0418\u043d\u0436\u0435\u043d\u0435\u0440\u0438\u043d\u0433-768x384.png 768w, https:\/\/dev.betainvest.ee\/wp-content\/uploads\/2025\/07\/\u0418\u043d\u0436\u0435\u043d\u0435\u0440\u0438\u043d\u0433-300x150.png 300w, https:\/\/dev.betainvest.ee\/wp-content\/uploads\/2025\/07\/\u0418\u043d\u0436\u0435\u043d\u0435\u0440\u0438\u043d\u0433-1024x512.png 1024w, https:\/\/dev.betainvest.ee\/wp-content\/uploads\/2025\/07\/\u0418\u043d\u0436\u0435\u043d\u0435\u0440\u0438\u043d\u0433-1536x768.png 1536w, https:\/\/dev.betainvest.ee\/wp-content\/uploads\/2025\/07\/\u0418\u043d\u0436\u0435\u043d\u0435\u0440\u0438\u043d\u0433-2048x1024.png 2048w\" sizes=\"(max-width: 768px) 100vw, 768px\" \/>\t\t\t\t\t\t\t\t\t\t\t\t\t\t\t<\/div>\n\t\t\t\t<\/div>\n\t\t\t\t<\/div>\n\t\t\t\t\t<\/div>\n\t\t\t\t<\/div>\n\t\t<div class=\"elementor-element elementor-element-14637a6 e-con-full e-flex e-con e-parent\" data-id=\"14637a6\" data-element_type=\"container\">\n\t\t\t\t<div class=\"elementor-element elementor-element-04c5537 elementor-widget elementor-widget-spacer\" data-id=\"04c5537\" data-element_type=\"widget\" data-widget_type=\"spacer.default\">\n\t\t\t\t<div class=\"elementor-widget-container\">\n\t\t\t\t\t\t\t<div class=\"elementor-spacer\">\n\t\t\t<div class=\"elementor-spacer-inner\"><\/div>\n\t\t<\/div>\n\t\t\t\t\t\t<\/div>\n\t\t\t\t<\/div>\n\t\t\t\t<div class=\"elementor-element elementor-element-9f22783 elementor-widget__width-inherit elementor-widget elementor-widget-text-editor\" data-id=\"9f22783\" data-element_type=\"widget\" data-widget_type=\"text-editor.default\">\n\t\t\t\t<div class=\"elementor-widget-container\">\n\t\t\t\t\t\t\t\t\t<p>Sorular\u0131n\u0131z m\u0131 var? Sorular\u0131n\u0131z\u0131, i\u015finizi, yeni projelerinizi, yarat\u0131c\u0131 f\u0131rsatlar\u0131 ve size nas\u0131l yard\u0131mc\u0131 olabilece\u011fimizi tart\u0131\u015fmaya her zaman a\u00e7\u0131\u011f\u0131z.<\/p>\t\t\t\t\t\t\t\t<\/div>\n\t\t\t\t<\/div>\n\t\t\t\t<div class=\"elementor-element elementor-element-c251e61 elementor-button-info elementor-widget elementor-widget-button\" data-id=\"c251e61\" data-element_type=\"widget\" data-widget_type=\"button.default\">\n\t\t\t\t<div class=\"elementor-widget-container\">\n\t\t\t\t\t\t\t\t\t<div class=\"elementor-button-wrapper\">\n\t\t\t\t\t<a class=\"elementor-button elementor-button-link elementor-size-sm\" href=\"https:\/\/betainvest.ee\/muhendislik-projeleri\/\">\n\t\t\t\t\t\t<span class=\"elementor-button-content-wrapper\">\n\t\t\t\t\t\t<span class=\"elementor-button-icon\">\n\t\t\t\t<svg aria-hidden=\"true\" class=\"e-font-icon-svg e-far-arrow-alt-circle-right\" viewBox=\"0 0 512 512\" xmlns=\"http:\/\/www.w3.org\/2000\/svg\"><path d=\"M504 256C504 119 393 8 256 8S8 119 8 256s111 248 248 248 248-111 248-248zm-448 0c0-110.5 89.5-200 200-200s200 89.5 200 200-89.5 200-200 200S56 366.5 56 256zm72 20v-40c0-6.6 5.4-12 12-12h116v-67c0-10.7 12.9-16 20.5-8.5l99 99c4.7 4.7 4.7 12.3 0 17l-99 99c-7.6 7.6-20.5 2.2-20.5-8.5v-67H140c-6.6 0-12-5.4-12-12z\"><\/path><\/svg>\t\t\t<\/span>\n\t\t\t\t\t\t\t\t\t<span class=\"elementor-button-text\">daha fazla bilgi<\/span>\n\t\t\t\t\t<\/span>\n\t\t\t\t\t<\/a>\n\t\t\t\t<\/div>\n\t\t\t\t\t\t\t\t<\/div>\n\t\t\t\t<\/div>\n\t\t\t\t<div class=\"elementor-element elementor-element-9f13334 elementor-widget elementor-widget-heading\" data-id=\"9f13334\" data-element_type=\"widget\" data-widget_type=\"heading.default\">\n\t\t\t\t<div class=\"elementor-widget-container\">\n\t\t\t\t\t<h2 class=\"elementor-heading-title elementor-size-default\">B\u0130ZE ULA\u015eIN<\/h2>\t\t\t\t<\/div>\n\t\t\t\t<\/div>\n\t\t\t\t<\/div>\n\t\t<div class=\"elementor-element elementor-element-a4e819b e-con-full e-flex e-con e-parent\" data-id=\"a4e819b\" data-element_type=\"container\" data-settings=\"{&quot;background_background&quot;:&quot;classic&quot;,&quot;background_motion_fx_motion_fx_scrolling&quot;:&quot;yes&quot;,&quot;background_motion_fx_opacity_effect&quot;:&quot;yes&quot;,&quot;background_motion_fx_opacity_level&quot;:{&quot;unit&quot;:&quot;px&quot;,&quot;size&quot;:9,&quot;sizes&quot;:[]},&quot;background_motion_fx_opacity_range&quot;:{&quot;unit&quot;:&quot;%&quot;,&quot;size&quot;:&quot;&quot;,&quot;sizes&quot;:{&quot;start&quot;:14,&quot;end&quot;:90}},&quot;background_motion_fx_opacity_direction&quot;:&quot;out-in&quot;,&quot;background_motion_fx_devices&quot;:[&quot;desktop&quot;,&quot;tablet&quot;,&quot;mobile&quot;]}\">\n\t\t\t\t<\/div>\n\t\t\t\t<\/div>\n\t\t","protected":false},"excerpt":{"rendered":"<p>HIZMETLERIMIZ Ta\u015f\u0131mac\u0131l\u0131k i\u015finiz i\u00e7in etkili \u00e7\u00f6z\u00fcmler! T\u00fcrkiye\u2019deki Ta\u015f\u0131mac\u0131l\u0131k \u015eirketleri I\u00e7in \u00d6zel Olarak Geli\u015ftirilmi\u015f Geni\u015f Hizmet Yelpazemizi Sunmaktan Memnuniyet Duyuyoruz. \u00c7\u00f6z\u00fcmlerimiz, Verimlili\u011finizi Art\u0131rman\u0131za Ve I\u015f S\u00fcre\u00e7lerinizi Optimize Etmenize Yard\u0131mc\u0131 Olacakt\u0131r. daha fazla bilgi Teslimat Sonras\u0131 \u00d6demeli Uluslararas\u0131 Ticaret Operasyonlar\u0131 Yurtd\u0131\u015f\u0131nda i\u015f yapan m\u00fc\u015fterilerimize, anahtar teslim uluslararas\u0131 ta\u015f\u0131ma hizmetleri sunarak i\u015flerini g\u00fcvenle b\u00fcy\u00fctmelerine yard\u0131mc\u0131 oluyoruz \u2014 risksiz [&hellip;]<\/p>\n","protected":false},"author":1,"featured_media":0,"parent":0,"menu_order":3,"comment_status":"closed","ping_status":"closed","template":"","meta":{"_acf_changed":false,"_uag_custom_page_level_css":"","site-sidebar-layout":"no-sidebar","site-content-layout":"page-builder","ast-site-content-layout":"default","site-content-style":"default","site-sidebar-style":"default","ast-global-header-display":"","ast-banner-title-visibility":"","ast-main-header-display":"","ast-hfb-above-header-display":"","ast-hfb-below-header-display":"","ast-hfb-mobile-header-display":"","site-post-title":"disabled","ast-breadcrumbs-content":"","ast-featured-img":"disabled","footer-sml-layout":"","theme-transparent-header-meta":"enabled","adv-header-id-meta":"","stick-header-meta":"","header-above-stick-meta":"","header-main-stick-meta":"","header-below-stick-meta":"","astra-migrate-meta-layouts":"default","ast-page-background-enabled":"default","ast-page-background-meta":{"desktop":{"background-color":"var(--ast-global-color-4)","background-image":"","background-repeat":"repeat","background-position":"center center","background-size":"auto","background-attachment":"scroll","background-type":"","background-media":"","overlay-type":"","overlay-color":"","overlay-opacity":"","overlay-gradient":""},"tablet":{"background-color":"","background-image":"","background-repeat":"repeat","background-position":"center center","background-size":"auto","background-attachment":"scroll","background-type":"","background-media":"","overlay-type":"","overlay-color":"","overlay-opacity":"","overlay-gradient":""},"mobile":{"background-color":"","background-image":"","background-repeat":"repeat","background-position":"center center","background-size":"auto","background-attachment":"scroll","background-type":"","background-media":"","overlay-type":"","overlay-color":"","overlay-opacity":"","overlay-gradient":""}},"ast-content-background-meta":{"desktop":{"background-color":"var(--ast-global-color-5)","background-image":"","background-repeat":"repeat","background-position":"center center","background-size":"auto","background-attachment":"scroll","background-type":"","background-media":"","overlay-type":"","overlay-color":"","overlay-opacity":"","overlay-gradient":""},"tablet":{"background-color":"var(--ast-global-color-5)","background-image":"","background-repeat":"repeat","background-position":"center center","background-size":"auto","background-attachment":"scroll","background-type":"","background-media":"","overlay-type":"","overlay-color":"","overlay-opacity":"","overlay-gradient":""},"mobile":{"background-color":"var(--ast-global-color-5)","background-image":"","background-repeat":"repeat","background-position":"center center","background-size":"auto","background-attachment":"scroll","background-type":"","background-media":"","overlay-type":"","overlay-color":"","overlay-opacity":"","overlay-gradient":""}},"footnotes":""},"class_list":["post-1726","page","type-page","status-publish","hentry"],"acf":[],"uagb_featured_image_src":{"full":false,"thumbnail":false,"medium":false,"medium_large":false,"large":false,"1536x1536":false,"2048x2048":false},"uagb_author_info":{"display_name":"admin","author_link":"https:\/\/dev.betainvest.ee\/tr\/author\/admin\/"},"uagb_comment_info":0,"uagb_excerpt":"HIZMETLERIMIZ Ta\u015f\u0131mac\u0131l\u0131k i\u015finiz i\u00e7in etkili \u00e7\u00f6z\u00fcmler! T\u00fcrkiye\u2019deki Ta\u015f\u0131mac\u0131l\u0131k \u015eirketleri I\u00e7in \u00d6zel Olarak Geli\u015ftirilmi\u015f Geni\u015f Hizmet Yelpazemizi Sunmaktan Memnuniyet Duyuyoruz. \u00c7\u00f6z\u00fcmlerimiz, Verimlili\u011finizi Art\u0131rman\u0131za Ve I\u015f S\u00fcre\u00e7lerinizi Optimize Etmenize Yard\u0131mc\u0131 Olacakt\u0131r. daha fazla bilgi Teslimat Sonras\u0131 \u00d6demeli Uluslararas\u0131 Ticaret Operasyonlar\u0131 Yurtd\u0131\u015f\u0131nda i\u015f yapan m\u00fc\u015fterilerimize, anahtar teslim uluslararas\u0131 ta\u015f\u0131ma hizmetleri sunarak i\u015flerini g\u00fcvenle b\u00fcy\u00fctmelerine yard\u0131mc\u0131 oluyoruz \u2014 risksiz&hellip;","_links":{"self":[{"href":"https:\/\/dev.betainvest.ee\/tr\/wp-json\/wp\/v2\/pages\/1726","targetHints":{"allow":["GET"]}}],"collection":[{"href":"https:\/\/dev.betainvest.ee\/tr\/wp-json\/wp\/v2\/pages"}],"about":[{"href":"https:\/\/dev.betainvest.ee\/tr\/wp-json\/wp\/v2\/types\/page"}],"author":[{"embeddable":true,"href":"https:\/\/dev.betainvest.ee\/tr\/wp-json\/wp\/v2\/users\/1"}],"replies":[{"embeddable":true,"href":"https:\/\/dev.betainvest.ee\/tr\/wp-json\/wp\/v2\/comments?post=1726"}],"version-history":[{"count":151,"href":"https:\/\/dev.betainvest.ee\/tr\/wp-json\/wp\/v2\/pages\/1726\/revisions"}],"predecessor-version":[{"id":4632,"href":"https:\/\/dev.betainvest.ee\/tr\/wp-json\/wp\/v2\/pages\/1726\/revisions\/4632"}],"wp:attachment":[{"href":"https:\/\/dev.betainvest.ee\/tr\/wp-json\/wp\/v2\/media?parent=1726"}],"curies":[{"name":"wp","href":"https:\/\/api.w.org\/{rel}","templated":true}]}}