{"id":1318,"date":"2025-05-23T23:54:46","date_gmt":"2025-05-23T23:54:46","guid":{"rendered":"https:\/\/betainvest.ee\/about"},"modified":"2025-07-21T13:40:33","modified_gmt":"2025-07-21T13:40:33","slug":"about","status":"publish","type":"page","link":"https:\/\/dev.betainvest.ee\/tr\/about\/","title":{"rendered":"About"},"content":{"rendered":"\t\t<div data-elementor-type=\"wp-page\" data-elementor-id=\"1318\" class=\"elementor elementor-1318\" data-elementor-post-type=\"page\">\n\t\t\t\t<div class=\"elementor-element elementor-element-dcfb448 e-con-full e-flex e-con e-parent\" data-id=\"dcfb448\" data-element_type=\"container\" data-settings=\"{&quot;background_background&quot;:&quot;classic&quot;}\">\n\t\t<div class=\"elementor-element elementor-element-d21b7e0 e-flex e-con-boxed e-con e-child\" data-id=\"d21b7e0\" data-element_type=\"container\">\n\t\t\t\t\t<div class=\"e-con-inner\">\n\t\t\t\t\t<\/div>\n\t\t\t\t<\/div>\n\t\t\t\t<\/div>\n\t\t<div class=\"elementor-element elementor-element-9414d7b e-flex e-con-boxed e-con e-parent\" data-id=\"9414d7b\" data-element_type=\"container\">\n\t\t\t\t\t<div class=\"e-con-inner\">\n\t\t\t\t<div class=\"elementor-element elementor-element-afa3225 elementor-widget elementor-widget-spacer\" data-id=\"afa3225\" data-element_type=\"widget\" data-widget_type=\"spacer.default\">\n\t\t\t\t<div class=\"elementor-widget-container\">\n\t\t\t\t\t\t\t<div class=\"elementor-spacer\">\n\t\t\t<div class=\"elementor-spacer-inner\"><\/div>\n\t\t<\/div>\n\t\t\t\t\t\t<\/div>\n\t\t\t\t<\/div>\n\t\t\t\t<div class=\"elementor-element elementor-element-b7f3e0f elementor-widget elementor-widget-heading\" data-id=\"b7f3e0f\" data-element_type=\"widget\" data-widget_type=\"heading.default\">\n\t\t\t\t<div class=\"elementor-widget-container\">\n\t\t\t\t\t<h2 class=\"elementor-heading-title elementor-size-default\">HAKKIMIZDA<\/h2>\t\t\t\t<\/div>\n\t\t\t\t<\/div>\n\t\t\t\t\t<\/div>\n\t\t\t\t<\/div>\n\t\t<div class=\"elementor-element elementor-element-500861b e-flex e-con-boxed e-con e-parent\" data-id=\"500861b\" data-element_type=\"container\">\n\t\t\t\t\t<div class=\"e-con-inner\">\n\t\t<div class=\"elementor-element elementor-element-7dbc6fb e-con-full e-flex e-con e-child\" data-id=\"7dbc6fb\" data-element_type=\"container\">\n\t\t\t\t<div class=\"elementor-element elementor-element-6658dc9 elementor-widget elementor-widget-heading\" data-id=\"6658dc9\" data-element_type=\"widget\" data-widget_type=\"heading.default\">\n\t\t\t\t<div class=\"elementor-widget-container\">\n\t\t\t\t\t<p class=\"elementor-heading-title elementor-size-default\">Ta\u015f\u0131mac\u0131l\u0131k \u015eirketlerine Birinci S\u0131n\u0131f Hizmetler Sunuyoruz. Uluslararas\u0131 Ticaret Konusunda Sa\u011flam Bir Deneyim Ve Derin Bir Anlay\u0131\u015fa Sahip Olarak, Mallar\u0131n S\u0131n\u0131r \u00d6tesi Kesintisiz Hareketini Sa\u011flamak I\u00e7in \u00c7al\u0131\u015f\u0131yor, Y\u00fck\u00fcn\u00fcz\u00fcn Var\u0131\u015f Noktas\u0131na Zaman\u0131nda Ve Etkin Bir \u015eekilde Ula\u015ft\u0131r\u0131lmas\u0131n\u0131 Garanti Ediyoruz.\nHizmetlerimiz M\u00fc\u015fterilerimize Zaman Ve Para Tasarrufu Sa\u011flar, Ayr\u0131ca \u015eu Konularda Bilgiye Eri\u015fim Imk\u00e2n\u0131 Sunar:\n\u2022 Transit G\u00fcmr\u00fck I\u015flemlerinin Durumu,\n\u2022 Ta\u015f\u0131tlar I\u00e7in Transit Sigorta,\n\u2022 Y\u00fck Ta\u015f\u0131mac\u0131l\u0131\u011f\u0131 S\u0131ras\u0131nda \u00c7e\u015fitli Para Birimleriyle A\u011f\u0131r Vas\u0131talar I\u00e7in Vergi \u00d6demeleri.\nAyr\u0131ca, 6000\u2019Den Fazla Akaryak\u0131t Istasyonunu Kapsayan A\u011f\u0131m\u0131z \u00dczerinden A\u011f\u0131r Vas\u0131ta Ara\u00e7lara Yak\u0131t Sa\u011flama Hizmeti De Sunuyoruz.\nB\u00fcy\u00fck Ya Da K\u00fc\u00e7\u00fck \u00d6l\u00e7ekli T\u00fcm Firmalarla \u00c7al\u0131\u015f\u0131yoruz. Resmi Tatiller Ve Hafta Sonlar\u0131 Dahil Haftan\u0131n 7 G\u00fcn\u00fc 24 Saat Hizmet Veriyoruz. Her M\u00fc\u015fteriye Bireysel Bir Yakla\u015f\u0131m Sunuyor Ve En Verimli, Ekonomik A\u00e7\u0131dan Avantajl\u0131 \u00c7\u00f6z\u00fcmleri Sa\u011fl\u0131yoruz.<\/p>\t\t\t\t<\/div>\n\t\t\t\t<\/div>\n\t\t\t\t<div class=\"elementor-element elementor-element-e9a8c1e elementor-widget elementor-widget-image\" data-id=\"e9a8c1e\" data-element_type=\"widget\" data-widget_type=\"image.default\">\n\t\t\t\t<div class=\"elementor-widget-container\">\n\t\t\t\t\t\t\t\t\t\t\t\t\t\t\t<img fetchpriority=\"high\" decoding=\"async\" width=\"612\" height=\"408\" src=\"https:\/\/dev.betainvest.ee\/wp-content\/uploads\/2025\/07\/istockphoto-1371212488-612x612-1.jpg\" class=\"elementor-animation-grow attachment-medium_large size-medium_large wp-image-3057\" alt=\"\" srcset=\"https:\/\/dev.betainvest.ee\/wp-content\/uploads\/2025\/07\/istockphoto-1371212488-612x612-1.jpg 612w, https:\/\/dev.betainvest.ee\/wp-content\/uploads\/2025\/07\/istockphoto-1371212488-612x612-1-300x200.jpg 300w\" sizes=\"(max-width: 612px) 100vw, 612px\" \/>\t\t\t\t\t\t\t\t\t\t\t\t\t\t\t<\/div>\n\t\t\t\t<\/div>\n\t\t<div class=\"elementor-element elementor-element-51b695b e-flex e-con-boxed e-con e-child\" data-id=\"51b695b\" data-element_type=\"container\">\n\t\t\t\t\t<div class=\"e-con-inner\">\n\t\t<div class=\"elementor-element elementor-element-bda37a0 e-flex e-con-boxed e-con e-child\" data-id=\"bda37a0\" data-element_type=\"container\">\n\t\t\t\t\t<div class=\"e-con-inner\">\n\t\t\t\t<div class=\"elementor-element elementor-element-6d20ef0 elementor-widget elementor-widget-heading\" data-id=\"6d20ef0\" data-element_type=\"widget\" data-widget_type=\"heading.default\">\n\t\t\t\t<div class=\"elementor-widget-container\">\n\t\t\t\t\t<h3 class=\"elementor-heading-title elementor-size-default\">Misyonumuz<\/h3>\t\t\t\t<\/div>\n\t\t\t\t<\/div>\n\t\t\t\t<div class=\"elementor-element elementor-element-91bab08 elementor-widget elementor-widget-text-editor\" data-id=\"91bab08\" data-element_type=\"widget\" data-widget_type=\"text-editor.default\">\n\t\t\t\t<div class=\"elementor-widget-container\">\n\t\t\t\t\t\t\t\t\t<p>\u0130\u015fletmeleri gereksiz karma\u015fadan kurtarmak, s\u00fcre\u00e7leri h\u0131zland\u0131rmak ve lojisti\u011fi herkes i\u00e7in eri\u015filebilir hale getirmek.<br data-start=\"722\" data-end=\"725\" \/>Lojisti\u011fi basit, h\u0131zl\u0131 ve \u015feffaf hale getiriyoruz, b\u00f6ylece i\u015fletmeniz bizimle birlikte b\u00fcy\u00fcy\u00fcp geli\u015febilir.<\/p>\t\t\t\t\t\t\t\t<\/div>\n\t\t\t\t<\/div>\n\t\t\t\t\t<\/div>\n\t\t\t\t<\/div>\n\t\t<div class=\"elementor-element elementor-element-8c3d36e e-flex e-con-boxed e-con e-child\" data-id=\"8c3d36e\" data-element_type=\"container\">\n\t\t\t\t\t<div class=\"e-con-inner\">\n\t\t\t\t<div class=\"elementor-element elementor-element-2061947 elementor-widget elementor-widget-heading\" data-id=\"2061947\" data-element_type=\"widget\" data-widget_type=\"heading.default\">\n\t\t\t\t<div class=\"elementor-widget-container\">\n\t\t\t\t\t<h3 class=\"elementor-heading-title elementor-size-default\">De\u011ferlerimiz<\/h3>\t\t\t\t<\/div>\n\t\t\t\t<\/div>\n\t\t\t\t<div class=\"elementor-element elementor-element-d19c62f elementor-widget elementor-widget-text-editor\" data-id=\"d19c62f\" data-element_type=\"widget\" data-widget_type=\"text-editor.default\">\n\t\t\t\t<div class=\"elementor-widget-container\">\n\t\t\t\t\t\t\t\t\t<p>G\u00f6rev ne kadar karma\u015f\u0131k olursa olsun, m\u00fc\u015fterilerimiz i\u00e7in her zaman en iyisini yapmaya \u00e7al\u0131\u015f\u0131yoruz.<br data-start=\"744\" data-end=\"747\" \/>Her g\u00fcn en y\u00fcksek kalitede hizmet sunmaya kararl\u0131y\u0131z; \u00e7\u00fcnk\u00fc g\u00fcven ve ba\u015far\u0131 b\u00f6yle in\u015fa edilir.<\/p>\t\t\t\t\t\t\t\t<\/div>\n\t\t\t\t<\/div>\n\t\t\t\t\t<\/div>\n\t\t\t\t<\/div>\n\t\t\t\t\t<\/div>\n\t\t\t\t<\/div>\n\t\t\t\t<\/div>\n\t\t\t\t\t<\/div>\n\t\t\t\t<\/div>\n\t\t\t\t<\/div>\n\t\t","protected":false},"excerpt":{"rendered":"<p>HAKKIMIZDA Ta\u015f\u0131mac\u0131l\u0131k \u015eirketlerine Birinci S\u0131n\u0131f Hizmetler Sunuyoruz. Uluslararas\u0131 Ticaret Konusunda Sa\u011flam Bir Deneyim Ve Derin Bir Anlay\u0131\u015fa Sahip Olarak, Mallar\u0131n S\u0131n\u0131r \u00d6tesi Kesintisiz Hareketini Sa\u011flamak I\u00e7in \u00c7al\u0131\u015f\u0131yor, Y\u00fck\u00fcn\u00fcz\u00fcn Var\u0131\u015f Noktas\u0131na Zaman\u0131nda Ve Etkin Bir \u015eekilde Ula\u015ft\u0131r\u0131lmas\u0131n\u0131 Garanti Ediyoruz. Hizmetlerimiz M\u00fc\u015fterilerimize Zaman Ve Para Tasarrufu Sa\u011flar, Ayr\u0131ca \u015eu Konularda Bilgiye Eri\u015fim Imk\u00e2n\u0131 Sunar: \u2022 Transit G\u00fcmr\u00fck [&hellip;]<\/p>\n","protected":false},"author":1,"featured_media":0,"parent":0,"menu_order":2,"comment_status":"closed","ping_status":"closed","template":"","meta":{"_acf_changed":false,"_uag_custom_page_level_css":"","site-sidebar-layout":"no-sidebar","site-content-layout":"page-builder","ast-site-content-layout":"default","site-content-style":"default","site-sidebar-style":"default","ast-global-header-display":"","ast-banner-title-visibility":"","ast-main-header-display":"","ast-hfb-above-header-display":"","ast-hfb-below-header-display":"","ast-hfb-mobile-header-display":"","site-post-title":"disabled","ast-breadcrumbs-content":"","ast-featured-img":"disabled","footer-sml-layout":"","theme-transparent-header-meta":"enabled","adv-header-id-meta":"","stick-header-meta":"","header-above-stick-meta":"","header-main-stick-meta":"","header-below-stick-meta":"","astra-migrate-meta-layouts":"default","ast-page-background-enabled":"default","ast-page-background-meta":{"desktop":{"background-color":"var(--ast-global-color-4)","background-image":"","background-repeat":"repeat","background-position":"center center","background-size":"auto","background-attachment":"scroll","background-type":"","background-media":"","overlay-type":"","overlay-color":"","overlay-opacity":"","overlay-gradient":""},"tablet":{"background-color":"","background-image":"","background-repeat":"repeat","background-position":"center center","background-size":"auto","background-attachment":"scroll","background-type":"","background-media":"","overlay-type":"","overlay-color":"","overlay-opacity":"","overlay-gradient":""},"mobile":{"background-color":"","background-image":"","background-repeat":"repeat","background-position":"center center","background-size":"auto","background-attachment":"scroll","background-type":"","background-media":"","overlay-type":"","overlay-color":"","overlay-opacity":"","overlay-gradient":""}},"ast-content-background-meta":{"desktop":{"background-color":"var(--ast-global-color-5)","background-image":"","background-repeat":"repeat","background-position":"center center","background-size":"auto","background-attachment":"scroll","background-type":"","background-media":"","overlay-type":"","overlay-color":"","overlay-opacity":"","overlay-gradient":""},"tablet":{"background-color":"var(--ast-global-color-5)","background-image":"","background-repeat":"repeat","background-position":"center center","background-size":"auto","background-attachment":"scroll","background-type":"","background-media":"","overlay-type":"","overlay-color":"","overlay-opacity":"","overlay-gradient":""},"mobile":{"background-color":"var(--ast-global-color-5)","background-image":"","background-repeat":"repeat","background-position":"center center","background-size":"auto","background-attachment":"scroll","background-type":"","background-media":"","overlay-type":"","overlay-color":"","overlay-opacity":"","overlay-gradient":""}},"footnotes":""},"class_list":["post-1318","page","type-page","status-publish","hentry"],"acf":[],"uagb_featured_image_src":{"full":false,"thumbnail":false,"medium":false,"medium_large":false,"large":false,"1536x1536":false,"2048x2048":false},"uagb_author_info":{"display_name":"admin","author_link":"https:\/\/dev.betainvest.ee\/tr\/author\/admin\/"},"uagb_comment_info":0,"uagb_excerpt":"HAKKIMIZDA Ta\u015f\u0131mac\u0131l\u0131k \u015eirketlerine Birinci S\u0131n\u0131f Hizmetler Sunuyoruz. Uluslararas\u0131 Ticaret Konusunda Sa\u011flam Bir Deneyim Ve Derin Bir Anlay\u0131\u015fa Sahip Olarak, Mallar\u0131n S\u0131n\u0131r \u00d6tesi Kesintisiz Hareketini Sa\u011flamak I\u00e7in \u00c7al\u0131\u015f\u0131yor, Y\u00fck\u00fcn\u00fcz\u00fcn Var\u0131\u015f Noktas\u0131na Zaman\u0131nda Ve Etkin Bir \u015eekilde Ula\u015ft\u0131r\u0131lmas\u0131n\u0131 Garanti Ediyoruz. Hizmetlerimiz M\u00fc\u015fterilerimize Zaman Ve Para Tasarrufu Sa\u011flar, Ayr\u0131ca \u015eu Konularda Bilgiye Eri\u015fim Imk\u00e2n\u0131 Sunar: \u2022 Transit G\u00fcmr\u00fck&hellip;","_links":{"self":[{"href":"https:\/\/dev.betainvest.ee\/tr\/wp-json\/wp\/v2\/pages\/1318","targetHints":{"allow":["GET"]}}],"collection":[{"href":"https:\/\/dev.betainvest.ee\/tr\/wp-json\/wp\/v2\/pages"}],"about":[{"href":"https:\/\/dev.betainvest.ee\/tr\/wp-json\/wp\/v2\/types\/page"}],"author":[{"embeddable":true,"href":"https:\/\/dev.betainvest.ee\/tr\/wp-json\/wp\/v2\/users\/1"}],"replies":[{"embeddable":true,"href":"https:\/\/dev.betainvest.ee\/tr\/wp-json\/wp\/v2\/comments?post=1318"}],"version-history":[{"count":60,"href":"https:\/\/dev.betainvest.ee\/tr\/wp-json\/wp\/v2\/pages\/1318\/revisions"}],"predecessor-version":[{"id":3778,"href":"https:\/\/dev.betainvest.ee\/tr\/wp-json\/wp\/v2\/pages\/1318\/revisions\/3778"}],"wp:attachment":[{"href":"https:\/\/dev.betainvest.ee\/tr\/wp-json\/wp\/v2\/media?parent=1318"}],"curies":[{"name":"wp","href":"https:\/\/api.w.org\/{rel}","templated":true}]}}